{"id":1260059025,"date":"2022-01-14T01:36:26","date_gmt":"2022-01-14T01:57:19","guid":{"rendered":"https:\/\/myindustrial.eu\/shop-2\/uncategorized\/rokturis-b30\/"},"modified":"2023-06-16T20:14:59","modified_gmt":"2023-06-16T20:14:59","slug":"rokturis-b30","status":"publish","type":"product","link":"https:\/\/myindustrial.eu\/lv\/shop\/rupnieciskie-kontrolieri-dzoistiki-un-konsoles\/rokturi-kontrolieriem-kursorsviram\/rokturis-b30\/","title":{"rendered":"Rokturis B30"},"content":{"rendered":"<p>Rokturim B26, B35, B9, B7 \/ B8, B34, B33, B32, B30, B3, B29, B25, B23 ir da\u017e\u0101das apr\u012bkojuma iesp\u0113jas atbilsto\u0161i nepiecie\u0161amaj\u0101m pras\u012bb\u0101m. Rokturi ir savietojami ar m\u016bsu daudzu asu kontrolieri vai ir uzst\u0101d\u0101mi uz hidraulisk\u0101s piedzi\u0146as. Rokturiem ir \u013coti elast\u012bga viena stieples instal\u0101cija (0,1 mm\u00b2, 450 mm gara). Piedzi\u0146as stie\u0146a stiprin\u0101juma deta\u013cu var pieg\u0101d\u0101t ar 12 mm (standarta) vai 10 mm urbumu.<\/p>\n","protected":false},"excerpt":{"rendered":"<p><a href=\"\/wp-content\/uploads\/gessmann\/B30-GB.pdf\" target=\"_blank\" rel=\"noopener\"><img decoding=\"async\" src=\"\/wp-content\/uploads\/2023\/02\/download-button-lv.svg\" \/><\/a><\/p>\n","protected":false},"featured_media":1260058076,"template":"","meta":[],"product_brand":[],"product_cat":[1370],"product_tag":[],"class_list":{"0":"post-1260059025","1":"product","2":"type-product","3":"status-publish","4":"has-post-thumbnail","6":"product_cat-rokturi-kontrolieriem-kursorsviram","8":"first","9":"instock","10":"product-type-simple"},"yoast_head":"<!-- This site is optimized with the Yoast SEO plugin v27.1.1 - https:\/\/yoast.com\/product\/yoast-seo-wordpress\/ -->\n<title>Rokturis B30 - My industrial<\/title>\n<meta name=\"robots\" content=\"index, follow, max-snippet:-1, max-image-preview:large, max-video-preview:-1\" \/>\n<link rel=\"canonical\" href=\"https:\/\/myindustrial.eu\/lv\/shop\/rupnieciskie-kontrolieri-dzoistiki-un-konsoles\/rokturi-kontrolieriem-kursorsviram\/rokturis-b30\/\" \/>\n<meta property=\"og:locale\" content=\"lv_LV\" \/>\n<meta property=\"og:type\" content=\"article\" \/>\n<meta property=\"og:title\" content=\"Rokturis B30 - My industrial\" \/>\n<meta property=\"og:url\" content=\"https:\/\/myindustrial.eu\/lv\/shop\/rupnieciskie-kontrolieri-dzoistiki-un-konsoles\/rokturi-kontrolieriem-kursorsviram\/rokturis-b30\/\" \/>\n<meta property=\"og:site_name\" content=\"My industrial\" \/>\n<meta property=\"article:modified_time\" content=\"2023-06-16T20:14:59+00:00\" \/>\n<meta property=\"og:image\" content=\"https:\/\/myindustrial.eu\/wp-content\/uploads\/2022\/01\/b30.webp\" \/>\n\t<meta property=\"og:image:width\" content=\"500\" \/>\n\t<meta property=\"og:image:height\" content=\"500\" \/>\n\t<meta property=\"og:image:type\" content=\"image\/webp\" \/>\n<meta name=\"twitter:card\" content=\"summary_large_image\" \/>\n<script type=\"application\/ld+json\" class=\"yoast-schema-graph\">{\"@context\":\"https:\/\/schema.org\",\"@graph\":[{\"@type\":\"WebPage\",\"@id\":\"https:\/\/myindustrial.eu\/lv\/shop\/rupnieciskie-kontrolieri-dzoistiki-un-konsoles\/rokturi-kontrolieriem-kursorsviram\/rokturis-b30\/\",\"url\":\"https:\/\/myindustrial.eu\/lv\/shop\/rupnieciskie-kontrolieri-dzoistiki-un-konsoles\/rokturi-kontrolieriem-kursorsviram\/rokturis-b30\/\",\"name\":\"Rokturis B30 - My industrial\",\"isPartOf\":{\"@id\":\"https:\/\/myindustrial.eu\/lv\/#website\"},\"primaryImageOfPage\":{\"@id\":\"https:\/\/myindustrial.eu\/lv\/shop\/rupnieciskie-kontrolieri-dzoistiki-un-konsoles\/rokturi-kontrolieriem-kursorsviram\/rokturis-b30\/#primaryimage\"},\"image\":{\"@id\":\"https:\/\/myindustrial.eu\/lv\/shop\/rupnieciskie-kontrolieri-dzoistiki-un-konsoles\/rokturi-kontrolieriem-kursorsviram\/rokturis-b30\/#primaryimage\"},\"thumbnailUrl\":\"https:\/\/myindustrial.eu\/wp-content\/uploads\/2022\/01\/b30.webp\",\"datePublished\":\"2022-01-14T01:57:19+00:00\",\"dateModified\":\"2023-06-16T20:14:59+00:00\",\"breadcrumb\":{\"@id\":\"https:\/\/myindustrial.eu\/lv\/shop\/rupnieciskie-kontrolieri-dzoistiki-un-konsoles\/rokturi-kontrolieriem-kursorsviram\/rokturis-b30\/#breadcrumb\"},\"inLanguage\":\"lv-LV\",\"potentialAction\":[{\"@type\":\"ReadAction\",\"target\":[\"https:\/\/myindustrial.eu\/lv\/shop\/rupnieciskie-kontrolieri-dzoistiki-un-konsoles\/rokturi-kontrolieriem-kursorsviram\/rokturis-b30\/\"]}]},{\"@type\":\"ImageObject\",\"inLanguage\":\"lv-LV\",\"@id\":\"https:\/\/myindustrial.eu\/lv\/shop\/rupnieciskie-kontrolieri-dzoistiki-un-konsoles\/rokturi-kontrolieriem-kursorsviram\/rokturis-b30\/#primaryimage\",\"url\":\"https:\/\/myindustrial.eu\/wp-content\/uploads\/2022\/01\/b30.webp\",\"contentUrl\":\"https:\/\/myindustrial.eu\/wp-content\/uploads\/2022\/01\/b30.webp\",\"width\":500,\"height\":500},{\"@type\":\"BreadcrumbList\",\"@id\":\"https:\/\/myindustrial.eu\/lv\/shop\/rupnieciskie-kontrolieri-dzoistiki-un-konsoles\/rokturi-kontrolieriem-kursorsviram\/rokturis-b30\/#breadcrumb\",\"itemListElement\":[{\"@type\":\"ListItem\",\"position\":1,\"name\":\"Home\",\"item\":\"https:\/\/myindustrial.eu\/lv\/\"},{\"@type\":\"ListItem\",\"position\":2,\"name\":\"Products\",\"item\":\"https:\/\/myindustrial.eu\/lv\/products\/\"},{\"@type\":\"ListItem\",\"position\":3,\"name\":\"Rokturis B30\"}]},{\"@type\":\"WebSite\",\"@id\":\"https:\/\/myindustrial.eu\/lv\/#website\",\"url\":\"https:\/\/myindustrial.eu\/lv\/\",\"name\":\"My industrial\",\"description\":\"\",\"potentialAction\":[{\"@type\":\"SearchAction\",\"target\":{\"@type\":\"EntryPoint\",\"urlTemplate\":\"https:\/\/myindustrial.eu\/lv\/?s={search_term_string}\"},\"query-input\":{\"@type\":\"PropertyValueSpecification\",\"valueRequired\":true,\"valueName\":\"search_term_string\"}}],\"inLanguage\":\"lv-LV\"}]}<\/script>\n<!-- \/ Yoast SEO plugin. -->","yoast_head_json":{"title":"Rokturis B30 - My industrial","robots":{"index":"index","follow":"follow","max-snippet":"max-snippet:-1","max-image-preview":"max-image-preview:large","max-video-preview":"max-video-preview:-1"},"canonical":"https:\/\/myindustrial.eu\/lv\/shop\/rupnieciskie-kontrolieri-dzoistiki-un-konsoles\/rokturi-kontrolieriem-kursorsviram\/rokturis-b30\/","og_locale":"lv_LV","og_type":"article","og_title":"Rokturis B30 - My industrial","og_url":"https:\/\/myindustrial.eu\/lv\/shop\/rupnieciskie-kontrolieri-dzoistiki-un-konsoles\/rokturi-kontrolieriem-kursorsviram\/rokturis-b30\/","og_site_name":"My industrial","article_modified_time":"2023-06-16T20:14:59+00:00","og_image":[{"width":500,"height":500,"url":"https:\/\/myindustrial.eu\/wp-content\/uploads\/2022\/01\/b30.webp","type":"image\/webp"}],"twitter_card":"summary_large_image","schema":{"@context":"https:\/\/schema.org","@graph":[{"@type":"WebPage","@id":"https:\/\/myindustrial.eu\/lv\/shop\/rupnieciskie-kontrolieri-dzoistiki-un-konsoles\/rokturi-kontrolieriem-kursorsviram\/rokturis-b30\/","url":"https:\/\/myindustrial.eu\/lv\/shop\/rupnieciskie-kontrolieri-dzoistiki-un-konsoles\/rokturi-kontrolieriem-kursorsviram\/rokturis-b30\/","name":"Rokturis B30 - My industrial","isPartOf":{"@id":"https:\/\/myindustrial.eu\/lv\/#website"},"primaryImageOfPage":{"@id":"https:\/\/myindustrial.eu\/lv\/shop\/rupnieciskie-kontrolieri-dzoistiki-un-konsoles\/rokturi-kontrolieriem-kursorsviram\/rokturis-b30\/#primaryimage"},"image":{"@id":"https:\/\/myindustrial.eu\/lv\/shop\/rupnieciskie-kontrolieri-dzoistiki-un-konsoles\/rokturi-kontrolieriem-kursorsviram\/rokturis-b30\/#primaryimage"},"thumbnailUrl":"https:\/\/myindustrial.eu\/wp-content\/uploads\/2022\/01\/b30.webp","datePublished":"2022-01-14T01:57:19+00:00","dateModified":"2023-06-16T20:14:59+00:00","breadcrumb":{"@id":"https:\/\/myindustrial.eu\/lv\/shop\/rupnieciskie-kontrolieri-dzoistiki-un-konsoles\/rokturi-kontrolieriem-kursorsviram\/rokturis-b30\/#breadcrumb"},"inLanguage":"lv-LV","potentialAction":[{"@type":"ReadAction","target":["https:\/\/myindustrial.eu\/lv\/shop\/rupnieciskie-kontrolieri-dzoistiki-un-konsoles\/rokturi-kontrolieriem-kursorsviram\/rokturis-b30\/"]}]},{"@type":"ImageObject","inLanguage":"lv-LV","@id":"https:\/\/myindustrial.eu\/lv\/shop\/rupnieciskie-kontrolieri-dzoistiki-un-konsoles\/rokturi-kontrolieriem-kursorsviram\/rokturis-b30\/#primaryimage","url":"https:\/\/myindustrial.eu\/wp-content\/uploads\/2022\/01\/b30.webp","contentUrl":"https:\/\/myindustrial.eu\/wp-content\/uploads\/2022\/01\/b30.webp","width":500,"height":500},{"@type":"BreadcrumbList","@id":"https:\/\/myindustrial.eu\/lv\/shop\/rupnieciskie-kontrolieri-dzoistiki-un-konsoles\/rokturi-kontrolieriem-kursorsviram\/rokturis-b30\/#breadcrumb","itemListElement":[{"@type":"ListItem","position":1,"name":"Home","item":"https:\/\/myindustrial.eu\/lv\/"},{"@type":"ListItem","position":2,"name":"Products","item":"https:\/\/myindustrial.eu\/lv\/products\/"},{"@type":"ListItem","position":3,"name":"Rokturis B30"}]},{"@type":"WebSite","@id":"https:\/\/myindustrial.eu\/lv\/#website","url":"https:\/\/myindustrial.eu\/lv\/","name":"My industrial","description":"","potentialAction":[{"@type":"SearchAction","target":{"@type":"EntryPoint","urlTemplate":"https:\/\/myindustrial.eu\/lv\/?s={search_term_string}"},"query-input":{"@type":"PropertyValueSpecification","valueRequired":true,"valueName":"search_term_string"}}],"inLanguage":"lv-LV"}]}},"_links":{"self":[{"href":"https:\/\/myindustrial.eu\/lv\/wp-json\/wp\/v2\/product\/1260059025","targetHints":{"allow":["GET"]}}],"collection":[{"href":"https:\/\/myindustrial.eu\/lv\/wp-json\/wp\/v2\/product"}],"about":[{"href":"https:\/\/myindustrial.eu\/lv\/wp-json\/wp\/v2\/types\/product"}],"version-history":[{"count":1,"href":"https:\/\/myindustrial.eu\/lv\/wp-json\/wp\/v2\/product\/1260059025\/revisions"}],"predecessor-version":[{"id":1260060158,"href":"https:\/\/myindustrial.eu\/lv\/wp-json\/wp\/v2\/product\/1260059025\/revisions\/1260060158"}],"wp:featuredmedia":[{"embeddable":true,"href":"https:\/\/myindustrial.eu\/lv\/wp-json\/wp\/v2\/media\/1260058076"}],"wp:attachment":[{"href":"https:\/\/myindustrial.eu\/lv\/wp-json\/wp\/v2\/media?parent=1260059025"}],"wp:term":[{"taxonomy":"product_brand","embeddable":true,"href":"https:\/\/myindustrial.eu\/lv\/wp-json\/wp\/v2\/product_brand?post=1260059025"},{"taxonomy":"product_cat","embeddable":true,"href":"https:\/\/myindustrial.eu\/lv\/wp-json\/wp\/v2\/product_cat?post=1260059025"},{"taxonomy":"product_tag","embeddable":true,"href":"https:\/\/myindustrial.eu\/lv\/wp-json\/wp\/v2\/product_tag?post=1260059025"}],"curies":[{"name":"wp","href":"https:\/\/api.w.org\/{rel}","templated":true}]}}