{"id":1260059061,"date":"2022-01-14T01:57:35","date_gmt":"2022-01-14T01:57:35","guid":{"rendered":"https:\/\/myindustrial.eu\/shop-2\/uncategorized\/eldro-spradziendrosa-serija\/"},"modified":"2023-06-16T20:12:05","modified_gmt":"2023-06-16T20:12:05","slug":"eldro-spradziendrosa-serija","status":"publish","type":"product","link":"https:\/\/myindustrial.eu\/lv\/shop\/elektrohidraulisko-piedzinu-risinajumi\/elektrohidrauliskie-dzineji\/eldro-spradziendrosa-serija\/","title":{"rendered":"ELDRO\u00ae spr\u0101dziendro\u0161\u0101 s\u0113rija"},"content":{"rendered":"<p><iframe width=\"560\" height=\"315\" src=\"https:\/\/youtube.com\/embed\/E9ieLcNyUUY\" frameborder=\"0\" allow=\"accelerometer; autoplay; clipboard-write; encrypted-media; gyroscope; picture-in-picture; web-share\" allowfullscreen><\/iframe><\/p>\n","protected":false},"excerpt":{"rendered":"<p><strong>Pielietojuma jomas<\/strong><br \/>\nG\u0101zes, tvaiki, izgarojumi un putek\u013ci rodas vai izpl\u016bst dego\u0161u vielu ra\u017eo\u0161anas, apstr\u0101des, p\u0101rvad\u0101\u0161anas un uzglab\u0101\u0161anas laik\u0101 daudz\u0101s r\u016bpniec\u012bbas nozar\u0113s. Kombin\u0101cij\u0101 ar sk\u0101bekli var veidoties spr\u0101dzienb\u012bstama atmosf\u0113ra. Ja tas aizdegas, tas var izrais\u012bt spr\u0101dzienus un nopietnus miesas boj\u0101jumus un materi\u0101lus zaud\u0113jumus. Attiec\u012bg\u0101s nozares ir, piem\u0113ram, \u0137\u012bmisk\u0101 un naftas \u0137\u012bmijas r\u016bpniec\u012bba, farm\u0101cija, naftas un g\u0101zes ra\u017eo\u0161ana, kalnr\u016bpniec\u012bba, k\u0101 ar\u012b p\u0101rtikas r\u016bpniec\u012bba, biodegvielas r\u016bpniec\u012bba un notek\u016bde\u0146u nozare.<\/p>\n<p>ELDRO\u00ae ier\u012bces, kas aizsarg\u0101tas pret spr\u0101dzienu, ir ide\u0101li piem\u0113rotas \u0161\u012bm lieto\u0161anas jom\u0101m. Tie atbilst sp\u0113k\u0101 eso\u0161ajiem noteikumiem un standartiem, un tos var izmantot da\u017e\u0101dos veidos.<\/p>\n<p><strong>B\u012bstam\u0101 zona:<\/strong><br \/>\nI M2 (ieguves r\u016bpniec\u012bba)<br \/>\nII 2G 1. un 2. zonai (virs zemes)<br \/>\nII 2D 21. un 22. zonai (virs zemes)<\/p>\n<p><strong>Atbilst\u012bbas sertifik\u0101ts:<\/strong><br \/>\nATEX &#8211; BVS 05 ATEX E 074 X<br \/>\nIECEx &#8211; IECEx BVS 12.0014X<br \/>\nTP TC &#8211; RU C-DE.\u0413\u041104.\u0412.00477<\/p>\n<p><a href=\"\/wp-content\/uploads\/2022\/01\/20221115_emg_eldro-ex_en.pdf\" target=\"_blank\" rel=\"noopener\"><img decoding=\"async\" src=\"\/wp-content\/uploads\/2023\/02\/download-button-lv.svg\" \/><\/a><\/p>\n","protected":false},"featured_media":1260058292,"template":"","meta":[],"product_brand":[],"product_cat":[1312],"product_tag":[],"class_list":{"0":"post-1260059061","1":"product","2":"type-product","3":"status-publish","4":"has-post-thumbnail","6":"product_cat-elektrohidrauliskie-dzineji","8":"first","9":"instock","10":"product-type-simple"},"yoast_head":"<!-- This site is optimized with the Yoast SEO plugin v27.1.1 - https:\/\/yoast.com\/product\/yoast-seo-wordpress\/ -->\n<title>ELDRO\u00ae spr\u0101dziendro\u0161\u0101 s\u0113rija - My industrial<\/title>\n<meta name=\"robots\" content=\"index, follow, max-snippet:-1, max-image-preview:large, max-video-preview:-1\" \/>\n<link rel=\"canonical\" href=\"https:\/\/myindustrial.eu\/lv\/shop\/elektrohidraulisko-piedzinu-risinajumi\/elektrohidrauliskie-dzineji\/eldro-spradziendrosa-serija\/\" \/>\n<meta property=\"og:locale\" content=\"lv_LV\" \/>\n<meta property=\"og:type\" content=\"article\" \/>\n<meta property=\"og:title\" content=\"ELDRO\u00ae spr\u0101dziendro\u0161\u0101 s\u0113rija - My industrial\" \/>\n<meta property=\"og:description\" content=\"Pielietojuma jomas G\u0101zes, tvaiki, izgarojumi un putek\u013ci rodas vai izpl\u016bst dego\u0161u vielu ra\u017eo\u0161anas, apstr\u0101des, p\u0101rvad\u0101\u0161anas un uzglab\u0101\u0161anas laik\u0101 daudz\u0101s r\u016bpniec\u012bbas nozar\u0113s. Kombin\u0101cij\u0101 ar sk\u0101bekli var veidoties spr\u0101dzienb\u012bstama atmosf\u0113ra. Ja tas aizdegas, tas var izrais\u012bt spr\u0101dzienus un nopietnus miesas boj\u0101jumus un materi\u0101lus zaud\u0113jumus. Attiec\u012bg\u0101s nozares ir, piem\u0113ram, \u0137\u012bmisk\u0101 un naftas \u0137\u012bmijas r\u016bpniec\u012bba, farm\u0101cija, naftas un g\u0101zes ra\u017eo\u0161ana, kalnr\u016bpniec\u012bba, k\u0101 ar\u012b p\u0101rtikas r\u016bpniec\u012bba, biodegvielas r\u016bpniec\u012bba un notek\u016bde\u0146u nozare.  ELDRO\u00ae ier\u012bces, kas aizsarg\u0101tas pret spr\u0101dzienu, ir ide\u0101li piem\u0113rotas \u0161\u012bm lieto\u0161anas jom\u0101m. Tie atbilst sp\u0113k\u0101 eso\u0161ajiem noteikumiem un standartiem, un tos var izmantot da\u017e\u0101dos veidos.  B\u012bstam\u0101 zona: I M2 (ieguves r\u016bpniec\u012bba) II 2G 1. un 2. zonai (virs zemes) II 2D 21. un 22. zonai (virs zemes)  Atbilst\u012bbas sertifik\u0101ts: ATEX - BVS 05 ATEX E 074 X IECEx - IECEx BVS 12.0014X TP TC - RU C-DE.\u0413\u041104.\u0412.00477\" \/>\n<meta property=\"og:url\" content=\"https:\/\/myindustrial.eu\/lv\/shop\/elektrohidraulisko-piedzinu-risinajumi\/elektrohidrauliskie-dzineji\/eldro-spradziendrosa-serija\/\" \/>\n<meta property=\"og:site_name\" content=\"My industrial\" \/>\n<meta property=\"article:modified_time\" content=\"2023-06-16T20:12:05+00:00\" \/>\n<meta property=\"og:image\" content=\"https:\/\/myindustrial.eu\/wp-content\/uploads\/2022\/01\/ELDRO-explosive-proof-300x300-3-300x300.jpg\" \/>\n\t<meta property=\"og:image:width\" content=\"300\" \/>\n\t<meta property=\"og:image:height\" content=\"300\" \/>\n\t<meta property=\"og:image:type\" content=\"image\/jpeg\" \/>\n<meta name=\"twitter:card\" content=\"summary_large_image\" \/>\n<script type=\"application\/ld+json\" class=\"yoast-schema-graph\">{\"@context\":\"https:\/\/schema.org\",\"@graph\":[{\"@type\":\"WebPage\",\"@id\":\"https:\/\/myindustrial.eu\/lv\/shop\/elektrohidraulisko-piedzinu-risinajumi\/elektrohidrauliskie-dzineji\/eldro-spradziendrosa-serija\/\",\"url\":\"https:\/\/myindustrial.eu\/lv\/shop\/elektrohidraulisko-piedzinu-risinajumi\/elektrohidrauliskie-dzineji\/eldro-spradziendrosa-serija\/\",\"name\":\"ELDRO\u00ae spr\u0101dziendro\u0161\u0101 s\u0113rija - My industrial\",\"isPartOf\":{\"@id\":\"https:\/\/myindustrial.eu\/lv\/#website\"},\"primaryImageOfPage\":{\"@id\":\"https:\/\/myindustrial.eu\/lv\/shop\/elektrohidraulisko-piedzinu-risinajumi\/elektrohidrauliskie-dzineji\/eldro-spradziendrosa-serija\/#primaryimage\"},\"image\":{\"@id\":\"https:\/\/myindustrial.eu\/lv\/shop\/elektrohidraulisko-piedzinu-risinajumi\/elektrohidrauliskie-dzineji\/eldro-spradziendrosa-serija\/#primaryimage\"},\"thumbnailUrl\":\"https:\/\/myindustrial.eu\/wp-content\/uploads\/2022\/01\/ELDRO-explosive-proof-300x300-3-300x300.jpg\",\"datePublished\":\"2022-01-14T01:57:35+00:00\",\"dateModified\":\"2023-06-16T20:12:05+00:00\",\"breadcrumb\":{\"@id\":\"https:\/\/myindustrial.eu\/lv\/shop\/elektrohidraulisko-piedzinu-risinajumi\/elektrohidrauliskie-dzineji\/eldro-spradziendrosa-serija\/#breadcrumb\"},\"inLanguage\":\"lv-LV\",\"potentialAction\":[{\"@type\":\"ReadAction\",\"target\":[\"https:\/\/myindustrial.eu\/lv\/shop\/elektrohidraulisko-piedzinu-risinajumi\/elektrohidrauliskie-dzineji\/eldro-spradziendrosa-serija\/\"]}]},{\"@type\":\"ImageObject\",\"inLanguage\":\"lv-LV\",\"@id\":\"https:\/\/myindustrial.eu\/lv\/shop\/elektrohidraulisko-piedzinu-risinajumi\/elektrohidrauliskie-dzineji\/eldro-spradziendrosa-serija\/#primaryimage\",\"url\":\"https:\/\/myindustrial.eu\/wp-content\/uploads\/2022\/01\/ELDRO-explosive-proof-300x300-3-300x300.jpg\",\"contentUrl\":\"https:\/\/myindustrial.eu\/wp-content\/uploads\/2022\/01\/ELDRO-explosive-proof-300x300-3-300x300.jpg\",\"width\":300,\"height\":300},{\"@type\":\"BreadcrumbList\",\"@id\":\"https:\/\/myindustrial.eu\/lv\/shop\/elektrohidraulisko-piedzinu-risinajumi\/elektrohidrauliskie-dzineji\/eldro-spradziendrosa-serija\/#breadcrumb\",\"itemListElement\":[{\"@type\":\"ListItem\",\"position\":1,\"name\":\"Home\",\"item\":\"https:\/\/myindustrial.eu\/lv\/\"},{\"@type\":\"ListItem\",\"position\":2,\"name\":\"Products\",\"item\":\"https:\/\/myindustrial.eu\/lv\/products\/\"},{\"@type\":\"ListItem\",\"position\":3,\"name\":\"ELDRO\u00ae spr\u0101dziendro\u0161\u0101 s\u0113rija\"}]},{\"@type\":\"WebSite\",\"@id\":\"https:\/\/myindustrial.eu\/lv\/#website\",\"url\":\"https:\/\/myindustrial.eu\/lv\/\",\"name\":\"My industrial\",\"description\":\"\",\"potentialAction\":[{\"@type\":\"SearchAction\",\"target\":{\"@type\":\"EntryPoint\",\"urlTemplate\":\"https:\/\/myindustrial.eu\/lv\/?s={search_term_string}\"},\"query-input\":{\"@type\":\"PropertyValueSpecification\",\"valueRequired\":true,\"valueName\":\"search_term_string\"}}],\"inLanguage\":\"lv-LV\"}]}<\/script>\n<!-- \/ Yoast SEO plugin. -->","yoast_head_json":{"title":"ELDRO\u00ae spr\u0101dziendro\u0161\u0101 s\u0113rija - My industrial","robots":{"index":"index","follow":"follow","max-snippet":"max-snippet:-1","max-image-preview":"max-image-preview:large","max-video-preview":"max-video-preview:-1"},"canonical":"https:\/\/myindustrial.eu\/lv\/shop\/elektrohidraulisko-piedzinu-risinajumi\/elektrohidrauliskie-dzineji\/eldro-spradziendrosa-serija\/","og_locale":"lv_LV","og_type":"article","og_title":"ELDRO\u00ae spr\u0101dziendro\u0161\u0101 s\u0113rija - My industrial","og_description":"Pielietojuma jomas G\u0101zes, tvaiki, izgarojumi un putek\u013ci rodas vai izpl\u016bst dego\u0161u vielu ra\u017eo\u0161anas, apstr\u0101des, p\u0101rvad\u0101\u0161anas un uzglab\u0101\u0161anas laik\u0101 daudz\u0101s r\u016bpniec\u012bbas nozar\u0113s. Kombin\u0101cij\u0101 ar sk\u0101bekli var veidoties spr\u0101dzienb\u012bstama atmosf\u0113ra. Ja tas aizdegas, tas var izrais\u012bt spr\u0101dzienus un nopietnus miesas boj\u0101jumus un materi\u0101lus zaud\u0113jumus. Attiec\u012bg\u0101s nozares ir, piem\u0113ram, \u0137\u012bmisk\u0101 un naftas \u0137\u012bmijas r\u016bpniec\u012bba, farm\u0101cija, naftas un g\u0101zes ra\u017eo\u0161ana, kalnr\u016bpniec\u012bba, k\u0101 ar\u012b p\u0101rtikas r\u016bpniec\u012bba, biodegvielas r\u016bpniec\u012bba un notek\u016bde\u0146u nozare.  ELDRO\u00ae ier\u012bces, kas aizsarg\u0101tas pret spr\u0101dzienu, ir ide\u0101li piem\u0113rotas \u0161\u012bm lieto\u0161anas jom\u0101m. Tie atbilst sp\u0113k\u0101 eso\u0161ajiem noteikumiem un standartiem, un tos var izmantot da\u017e\u0101dos veidos.  B\u012bstam\u0101 zona: I M2 (ieguves r\u016bpniec\u012bba) II 2G 1. un 2. zonai (virs zemes) II 2D 21. un 22. zonai (virs zemes)  Atbilst\u012bbas sertifik\u0101ts: ATEX - BVS 05 ATEX E 074 X IECEx - IECEx BVS 12.0014X TP TC - RU C-DE.\u0413\u041104.\u0412.00477","og_url":"https:\/\/myindustrial.eu\/lv\/shop\/elektrohidraulisko-piedzinu-risinajumi\/elektrohidrauliskie-dzineji\/eldro-spradziendrosa-serija\/","og_site_name":"My industrial","article_modified_time":"2023-06-16T20:12:05+00:00","og_image":[{"width":300,"height":300,"url":"https:\/\/myindustrial.eu\/wp-content\/uploads\/2022\/01\/ELDRO-explosive-proof-300x300-3-300x300.jpg","type":"image\/jpeg"}],"twitter_card":"summary_large_image","schema":{"@context":"https:\/\/schema.org","@graph":[{"@type":"WebPage","@id":"https:\/\/myindustrial.eu\/lv\/shop\/elektrohidraulisko-piedzinu-risinajumi\/elektrohidrauliskie-dzineji\/eldro-spradziendrosa-serija\/","url":"https:\/\/myindustrial.eu\/lv\/shop\/elektrohidraulisko-piedzinu-risinajumi\/elektrohidrauliskie-dzineji\/eldro-spradziendrosa-serija\/","name":"ELDRO\u00ae spr\u0101dziendro\u0161\u0101 s\u0113rija - My industrial","isPartOf":{"@id":"https:\/\/myindustrial.eu\/lv\/#website"},"primaryImageOfPage":{"@id":"https:\/\/myindustrial.eu\/lv\/shop\/elektrohidraulisko-piedzinu-risinajumi\/elektrohidrauliskie-dzineji\/eldro-spradziendrosa-serija\/#primaryimage"},"image":{"@id":"https:\/\/myindustrial.eu\/lv\/shop\/elektrohidraulisko-piedzinu-risinajumi\/elektrohidrauliskie-dzineji\/eldro-spradziendrosa-serija\/#primaryimage"},"thumbnailUrl":"https:\/\/myindustrial.eu\/wp-content\/uploads\/2022\/01\/ELDRO-explosive-proof-300x300-3-300x300.jpg","datePublished":"2022-01-14T01:57:35+00:00","dateModified":"2023-06-16T20:12:05+00:00","breadcrumb":{"@id":"https:\/\/myindustrial.eu\/lv\/shop\/elektrohidraulisko-piedzinu-risinajumi\/elektrohidrauliskie-dzineji\/eldro-spradziendrosa-serija\/#breadcrumb"},"inLanguage":"lv-LV","potentialAction":[{"@type":"ReadAction","target":["https:\/\/myindustrial.eu\/lv\/shop\/elektrohidraulisko-piedzinu-risinajumi\/elektrohidrauliskie-dzineji\/eldro-spradziendrosa-serija\/"]}]},{"@type":"ImageObject","inLanguage":"lv-LV","@id":"https:\/\/myindustrial.eu\/lv\/shop\/elektrohidraulisko-piedzinu-risinajumi\/elektrohidrauliskie-dzineji\/eldro-spradziendrosa-serija\/#primaryimage","url":"https:\/\/myindustrial.eu\/wp-content\/uploads\/2022\/01\/ELDRO-explosive-proof-300x300-3-300x300.jpg","contentUrl":"https:\/\/myindustrial.eu\/wp-content\/uploads\/2022\/01\/ELDRO-explosive-proof-300x300-3-300x300.jpg","width":300,"height":300},{"@type":"BreadcrumbList","@id":"https:\/\/myindustrial.eu\/lv\/shop\/elektrohidraulisko-piedzinu-risinajumi\/elektrohidrauliskie-dzineji\/eldro-spradziendrosa-serija\/#breadcrumb","itemListElement":[{"@type":"ListItem","position":1,"name":"Home","item":"https:\/\/myindustrial.eu\/lv\/"},{"@type":"ListItem","position":2,"name":"Products","item":"https:\/\/myindustrial.eu\/lv\/products\/"},{"@type":"ListItem","position":3,"name":"ELDRO\u00ae spr\u0101dziendro\u0161\u0101 s\u0113rija"}]},{"@type":"WebSite","@id":"https:\/\/myindustrial.eu\/lv\/#website","url":"https:\/\/myindustrial.eu\/lv\/","name":"My industrial","description":"","potentialAction":[{"@type":"SearchAction","target":{"@type":"EntryPoint","urlTemplate":"https:\/\/myindustrial.eu\/lv\/?s={search_term_string}"},"query-input":{"@type":"PropertyValueSpecification","valueRequired":true,"valueName":"search_term_string"}}],"inLanguage":"lv-LV"}]}},"_links":{"self":[{"href":"https:\/\/myindustrial.eu\/lv\/wp-json\/wp\/v2\/product\/1260059061","targetHints":{"allow":["GET"]}}],"collection":[{"href":"https:\/\/myindustrial.eu\/lv\/wp-json\/wp\/v2\/product"}],"about":[{"href":"https:\/\/myindustrial.eu\/lv\/wp-json\/wp\/v2\/types\/product"}],"version-history":[{"count":1,"href":"https:\/\/myindustrial.eu\/lv\/wp-json\/wp\/v2\/product\/1260059061\/revisions"}],"predecessor-version":[{"id":1260059980,"href":"https:\/\/myindustrial.eu\/lv\/wp-json\/wp\/v2\/product\/1260059061\/revisions\/1260059980"}],"wp:featuredmedia":[{"embeddable":true,"href":"https:\/\/myindustrial.eu\/lv\/wp-json\/wp\/v2\/media\/1260058292"}],"wp:attachment":[{"href":"https:\/\/myindustrial.eu\/lv\/wp-json\/wp\/v2\/media?parent=1260059061"}],"wp:term":[{"taxonomy":"product_brand","embeddable":true,"href":"https:\/\/myindustrial.eu\/lv\/wp-json\/wp\/v2\/product_brand?post=1260059061"},{"taxonomy":"product_cat","embeddable":true,"href":"https:\/\/myindustrial.eu\/lv\/wp-json\/wp\/v2\/product_cat?post=1260059061"},{"taxonomy":"product_tag","embeddable":true,"href":"https:\/\/myindustrial.eu\/lv\/wp-json\/wp\/v2\/product_tag?post=1260059061"}],"curies":[{"name":"wp","href":"https:\/\/api.w.org\/{rel}","templated":true}]}}