{"id":1260059071,"date":"2022-01-14T01:36:47","date_gmt":"2022-01-14T01:57:35","guid":{"rendered":"https:\/\/myindustrial.eu\/shop-2\/uncategorized\/dl30\/"},"modified":"2023-06-22T10:24:56","modified_gmt":"2023-06-22T10:24:56","slug":"dl30","status":"publish","type":"product","link":"https:\/\/myindustrial.eu\/lv\/shop\/potenciometri-un-sensori\/linearais-potenciometrs\/dl30\/","title":{"rendered":"Line\u0101rais potenciometrs DL30"},"content":{"rendered":"<p><iframe width=\"560\" height=\"315\" src=\"https:\/\/youtube.com\/embed\/7TTbOH1ox1E\" title=\"YouTube video player\" frameborder=\"0\" allow=\"accelerometer; autoplay; clipboard-write; encrypted-media; gyroscope; picture-in-picture; web-share\" allowfullscreen><\/iframe><\/p>\n","protected":false},"excerpt":{"rendered":"<p>DL30 tipa precizit\u0101tes line\u0101rais potenciometrs prec\u012bzi ieraksta line\u0101ros m\u0113r\u012bjumu v\u0113rt\u012bbas, kurus izmanto r\u016bpnieciskiem pielietojumiem. Precizit\u0101tes stieple tiek izmantota k\u0101 pretest\u012bbas elements. Ir iesp\u0113jami standarta m\u0113r\u012b\u0161anas g\u0101jieni l\u012bdz 500 mm. Anod\u0113ta alum\u012bnija korpuss ir \u013coti iztur\u012bgs un nodro\u0161ina aizsardz\u012bbu pret \u0101r\u0113j\u0101m ietekm\u0113m, standarta versij\u0101 l\u012bdz maksim\u0101lajai aizsardz\u012bbas klasei IP65. Sl\u012bdgult\u0146i nodro\u0161ina vienm\u0113r\u012bgu darb\u012bbu. P\u0113c izv\u0113les potenciometri ir konstru\u0113ti ar pogas atsperi vai integr\u0113tu atgrie\u0161anas atsperi. Izejas sign\u0101lu var izvad\u012bt k\u0101 0\u202610VDC vai 0\/4\u202620mA sign\u0101lu, izmantojot integr\u0113tu m\u0113r\u012b\u0161anas dev\u0113ju.<\/p>\n","protected":false},"featured_media":1260061362,"template":"","meta":[],"product_brand":[],"product_cat":[1293],"product_tag":[],"class_list":{"0":"post-1260059071","1":"product","2":"type-product","3":"status-publish","4":"has-post-thumbnail","6":"product_cat-linearais-potenciometrs","8":"first","9":"instock","10":"product-type-simple"},"yoast_head":"<!-- This site is optimized with the Yoast SEO plugin v27.1.1 - https:\/\/yoast.com\/product\/yoast-seo-wordpress\/ -->\n<title>Line\u0101rais potenciometrs DL30 - My industrial<\/title>\n<meta name=\"robots\" content=\"index, follow, max-snippet:-1, max-image-preview:large, max-video-preview:-1\" \/>\n<link rel=\"canonical\" href=\"https:\/\/myindustrial.eu\/lv\/shop\/potenciometri-un-sensori\/linearais-potenciometrs\/dl30\/\" \/>\n<meta property=\"og:locale\" content=\"lv_LV\" \/>\n<meta property=\"og:type\" content=\"article\" \/>\n<meta property=\"og:title\" content=\"Line\u0101rais potenciometrs DL30 - My industrial\" \/>\n<meta property=\"og:description\" content=\"DL30 tipa precizit\u0101tes line\u0101rais potenciometrs prec\u012bzi ieraksta line\u0101ros m\u0113r\u012bjumu v\u0113rt\u012bbas, kurus izmanto r\u016bpnieciskiem pielietojumiem. Precizit\u0101tes stieple tiek izmantota k\u0101 pretest\u012bbas elements. Ir iesp\u0113jami standarta m\u0113r\u012b\u0161anas g\u0101jieni l\u012bdz 500 mm. Anod\u0113ta alum\u012bnija korpuss ir \u013coti iztur\u012bgs un nodro\u0161ina aizsardz\u012bbu pret \u0101r\u0113j\u0101m ietekm\u0113m, standarta versij\u0101 l\u012bdz maksim\u0101lajai aizsardz\u012bbas klasei IP65. Sl\u012bdgult\u0146i nodro\u0161ina vienm\u0113r\u012bgu darb\u012bbu. P\u0113c izv\u0113les potenciometri ir konstru\u0113ti ar pogas atsperi vai integr\u0113tu atgrie\u0161anas atsperi. Izejas sign\u0101lu var izvad\u012bt k\u0101 0\u202610VDC vai 0\/4\u202620mA sign\u0101lu, izmantojot integr\u0113tu m\u0113r\u012b\u0161anas dev\u0113ju.\" \/>\n<meta property=\"og:url\" content=\"https:\/\/myindustrial.eu\/lv\/shop\/potenciometri-un-sensori\/linearais-potenciometrs\/dl30\/\" \/>\n<meta property=\"og:site_name\" content=\"My industrial\" \/>\n<meta property=\"article:modified_time\" content=\"2023-06-22T10:24:56+00:00\" \/>\n<meta property=\"og:image\" content=\"https:\/\/myindustrial.eu\/wp-content\/uploads\/2022\/06\/dl30-new.webp\" \/>\n\t<meta property=\"og:image:width\" content=\"500\" \/>\n\t<meta property=\"og:image:height\" content=\"500\" \/>\n\t<meta property=\"og:image:type\" content=\"image\/webp\" \/>\n<meta name=\"twitter:card\" content=\"summary_large_image\" \/>\n<script type=\"application\/ld+json\" class=\"yoast-schema-graph\">{\"@context\":\"https:\/\/schema.org\",\"@graph\":[{\"@type\":\"WebPage\",\"@id\":\"https:\/\/myindustrial.eu\/lv\/shop\/potenciometri-un-sensori\/linearais-potenciometrs\/dl30\/\",\"url\":\"https:\/\/myindustrial.eu\/lv\/shop\/potenciometri-un-sensori\/linearais-potenciometrs\/dl30\/\",\"name\":\"Line\u0101rais potenciometrs DL30 - My industrial\",\"isPartOf\":{\"@id\":\"https:\/\/myindustrial.eu\/lv\/#website\"},\"primaryImageOfPage\":{\"@id\":\"https:\/\/myindustrial.eu\/lv\/shop\/potenciometri-un-sensori\/linearais-potenciometrs\/dl30\/#primaryimage\"},\"image\":{\"@id\":\"https:\/\/myindustrial.eu\/lv\/shop\/potenciometri-un-sensori\/linearais-potenciometrs\/dl30\/#primaryimage\"},\"thumbnailUrl\":\"https:\/\/myindustrial.eu\/wp-content\/uploads\/2022\/06\/dl30-new.webp\",\"datePublished\":\"2022-01-14T01:57:35+00:00\",\"dateModified\":\"2023-06-22T10:24:56+00:00\",\"breadcrumb\":{\"@id\":\"https:\/\/myindustrial.eu\/lv\/shop\/potenciometri-un-sensori\/linearais-potenciometrs\/dl30\/#breadcrumb\"},\"inLanguage\":\"lv-LV\",\"potentialAction\":[{\"@type\":\"ReadAction\",\"target\":[\"https:\/\/myindustrial.eu\/lv\/shop\/potenciometri-un-sensori\/linearais-potenciometrs\/dl30\/\"]}]},{\"@type\":\"ImageObject\",\"inLanguage\":\"lv-LV\",\"@id\":\"https:\/\/myindustrial.eu\/lv\/shop\/potenciometri-un-sensori\/linearais-potenciometrs\/dl30\/#primaryimage\",\"url\":\"https:\/\/myindustrial.eu\/wp-content\/uploads\/2022\/06\/dl30-new.webp\",\"contentUrl\":\"https:\/\/myindustrial.eu\/wp-content\/uploads\/2022\/06\/dl30-new.webp\",\"width\":500,\"height\":500},{\"@type\":\"BreadcrumbList\",\"@id\":\"https:\/\/myindustrial.eu\/lv\/shop\/potenciometri-un-sensori\/linearais-potenciometrs\/dl30\/#breadcrumb\",\"itemListElement\":[{\"@type\":\"ListItem\",\"position\":1,\"name\":\"Home\",\"item\":\"https:\/\/myindustrial.eu\/lv\/\"},{\"@type\":\"ListItem\",\"position\":2,\"name\":\"Products\",\"item\":\"https:\/\/myindustrial.eu\/lv\/products\/\"},{\"@type\":\"ListItem\",\"position\":3,\"name\":\"Line\u0101rais potenciometrs DL30\"}]},{\"@type\":\"WebSite\",\"@id\":\"https:\/\/myindustrial.eu\/lv\/#website\",\"url\":\"https:\/\/myindustrial.eu\/lv\/\",\"name\":\"My industrial\",\"description\":\"\",\"potentialAction\":[{\"@type\":\"SearchAction\",\"target\":{\"@type\":\"EntryPoint\",\"urlTemplate\":\"https:\/\/myindustrial.eu\/lv\/?s={search_term_string}\"},\"query-input\":{\"@type\":\"PropertyValueSpecification\",\"valueRequired\":true,\"valueName\":\"search_term_string\"}}],\"inLanguage\":\"lv-LV\"}]}<\/script>\n<!-- \/ Yoast SEO plugin. -->","yoast_head_json":{"title":"Line\u0101rais potenciometrs DL30 - My industrial","robots":{"index":"index","follow":"follow","max-snippet":"max-snippet:-1","max-image-preview":"max-image-preview:large","max-video-preview":"max-video-preview:-1"},"canonical":"https:\/\/myindustrial.eu\/lv\/shop\/potenciometri-un-sensori\/linearais-potenciometrs\/dl30\/","og_locale":"lv_LV","og_type":"article","og_title":"Line\u0101rais potenciometrs DL30 - My industrial","og_description":"DL30 tipa precizit\u0101tes line\u0101rais potenciometrs prec\u012bzi ieraksta line\u0101ros m\u0113r\u012bjumu v\u0113rt\u012bbas, kurus izmanto r\u016bpnieciskiem pielietojumiem. Precizit\u0101tes stieple tiek izmantota k\u0101 pretest\u012bbas elements. Ir iesp\u0113jami standarta m\u0113r\u012b\u0161anas g\u0101jieni l\u012bdz 500 mm. Anod\u0113ta alum\u012bnija korpuss ir \u013coti iztur\u012bgs un nodro\u0161ina aizsardz\u012bbu pret \u0101r\u0113j\u0101m ietekm\u0113m, standarta versij\u0101 l\u012bdz maksim\u0101lajai aizsardz\u012bbas klasei IP65. Sl\u012bdgult\u0146i nodro\u0161ina vienm\u0113r\u012bgu darb\u012bbu. P\u0113c izv\u0113les potenciometri ir konstru\u0113ti ar pogas atsperi vai integr\u0113tu atgrie\u0161anas atsperi. Izejas sign\u0101lu var izvad\u012bt k\u0101 0\u202610VDC vai 0\/4\u202620mA sign\u0101lu, izmantojot integr\u0113tu m\u0113r\u012b\u0161anas dev\u0113ju.","og_url":"https:\/\/myindustrial.eu\/lv\/shop\/potenciometri-un-sensori\/linearais-potenciometrs\/dl30\/","og_site_name":"My industrial","article_modified_time":"2023-06-22T10:24:56+00:00","og_image":[{"width":500,"height":500,"url":"https:\/\/myindustrial.eu\/wp-content\/uploads\/2022\/06\/dl30-new.webp","type":"image\/webp"}],"twitter_card":"summary_large_image","schema":{"@context":"https:\/\/schema.org","@graph":[{"@type":"WebPage","@id":"https:\/\/myindustrial.eu\/lv\/shop\/potenciometri-un-sensori\/linearais-potenciometrs\/dl30\/","url":"https:\/\/myindustrial.eu\/lv\/shop\/potenciometri-un-sensori\/linearais-potenciometrs\/dl30\/","name":"Line\u0101rais potenciometrs DL30 - My industrial","isPartOf":{"@id":"https:\/\/myindustrial.eu\/lv\/#website"},"primaryImageOfPage":{"@id":"https:\/\/myindustrial.eu\/lv\/shop\/potenciometri-un-sensori\/linearais-potenciometrs\/dl30\/#primaryimage"},"image":{"@id":"https:\/\/myindustrial.eu\/lv\/shop\/potenciometri-un-sensori\/linearais-potenciometrs\/dl30\/#primaryimage"},"thumbnailUrl":"https:\/\/myindustrial.eu\/wp-content\/uploads\/2022\/06\/dl30-new.webp","datePublished":"2022-01-14T01:57:35+00:00","dateModified":"2023-06-22T10:24:56+00:00","breadcrumb":{"@id":"https:\/\/myindustrial.eu\/lv\/shop\/potenciometri-un-sensori\/linearais-potenciometrs\/dl30\/#breadcrumb"},"inLanguage":"lv-LV","potentialAction":[{"@type":"ReadAction","target":["https:\/\/myindustrial.eu\/lv\/shop\/potenciometri-un-sensori\/linearais-potenciometrs\/dl30\/"]}]},{"@type":"ImageObject","inLanguage":"lv-LV","@id":"https:\/\/myindustrial.eu\/lv\/shop\/potenciometri-un-sensori\/linearais-potenciometrs\/dl30\/#primaryimage","url":"https:\/\/myindustrial.eu\/wp-content\/uploads\/2022\/06\/dl30-new.webp","contentUrl":"https:\/\/myindustrial.eu\/wp-content\/uploads\/2022\/06\/dl30-new.webp","width":500,"height":500},{"@type":"BreadcrumbList","@id":"https:\/\/myindustrial.eu\/lv\/shop\/potenciometri-un-sensori\/linearais-potenciometrs\/dl30\/#breadcrumb","itemListElement":[{"@type":"ListItem","position":1,"name":"Home","item":"https:\/\/myindustrial.eu\/lv\/"},{"@type":"ListItem","position":2,"name":"Products","item":"https:\/\/myindustrial.eu\/lv\/products\/"},{"@type":"ListItem","position":3,"name":"Line\u0101rais potenciometrs DL30"}]},{"@type":"WebSite","@id":"https:\/\/myindustrial.eu\/lv\/#website","url":"https:\/\/myindustrial.eu\/lv\/","name":"My industrial","description":"","potentialAction":[{"@type":"SearchAction","target":{"@type":"EntryPoint","urlTemplate":"https:\/\/myindustrial.eu\/lv\/?s={search_term_string}"},"query-input":{"@type":"PropertyValueSpecification","valueRequired":true,"valueName":"search_term_string"}}],"inLanguage":"lv-LV"}]}},"_links":{"self":[{"href":"https:\/\/myindustrial.eu\/lv\/wp-json\/wp\/v2\/product\/1260059071","targetHints":{"allow":["GET"]}}],"collection":[{"href":"https:\/\/myindustrial.eu\/lv\/wp-json\/wp\/v2\/product"}],"about":[{"href":"https:\/\/myindustrial.eu\/lv\/wp-json\/wp\/v2\/types\/product"}],"version-history":[{"count":1,"href":"https:\/\/myindustrial.eu\/lv\/wp-json\/wp\/v2\/product\/1260059071\/revisions"}],"predecessor-version":[{"id":1260063383,"href":"https:\/\/myindustrial.eu\/lv\/wp-json\/wp\/v2\/product\/1260059071\/revisions\/1260063383"}],"wp:featuredmedia":[{"embeddable":true,"href":"https:\/\/myindustrial.eu\/lv\/wp-json\/wp\/v2\/media\/1260061362"}],"wp:attachment":[{"href":"https:\/\/myindustrial.eu\/lv\/wp-json\/wp\/v2\/media?parent=1260059071"}],"wp:term":[{"taxonomy":"product_brand","embeddable":true,"href":"https:\/\/myindustrial.eu\/lv\/wp-json\/wp\/v2\/product_brand?post=1260059071"},{"taxonomy":"product_cat","embeddable":true,"href":"https:\/\/myindustrial.eu\/lv\/wp-json\/wp\/v2\/product_cat?post=1260059071"},{"taxonomy":"product_tag","embeddable":true,"href":"https:\/\/myindustrial.eu\/lv\/wp-json\/wp\/v2\/product_tag?post=1260059071"}],"curies":[{"name":"wp","href":"https:\/\/api.w.org\/{rel}","templated":true}]}}