{"id":1260059079,"date":"2022-01-14T01:36:47","date_gmt":"2022-01-14T01:57:35","guid":{"rendered":"https:\/\/myindustrial.eu\/shop-2\/uncategorized\/lpt18\/"},"modified":"2023-10-11T03:10:55","modified_gmt":"2023-10-11T03:10:55","slug":"lpt18","status":"publish","type":"product","link":"https:\/\/myindustrial.eu\/lv\/shop\/potenciometri-un-sensori\/viena-apgrieziena-potenciometrs\/stravas-vadosa-plastika-potenciometrs\/lpt18\/","title":{"rendered":"Str\u0101vas vado\u0161a plastika potenciometrs LPT18"},"content":{"rendered":"<p><iframe width=\"560\" height=\"315\" src=\"https:\/\/youtube.com\/embed\/Z6an0Ckc5Zg\" frameborder=\"0\" allow=\"accelerometer; autoplay; clipboard-write; encrypted-media; gyroscope; picture-in-picture; web-share\" allowfullscreen><\/iframe><br \/>\n<iframe width=\"560\" height=\"315\" src=\"https:\/\/youtube.com\/embed\/S341UgztNTU\" frameborder=\"0\" allow=\"accelerometer; autoplay; clipboard-write; encrypted-media; gyroscope; picture-in-picture; web-share\" allowfullscreen><\/iframe><\/p>\n","protected":false},"excerpt":{"rendered":"<p>\u0160\u012bs produktu l\u012bnijas vado\u0161ie plastmasas prec\u012bzijas potenciometri ir piem\u0113roti lieto\u0161anai vis\u0101s r\u016bpniec\u012bbas nozar\u0113s. Stikla \u0161\u0137iedras pastiprin\u0101tais plastmasas korpuss nodro\u0161ina augstu iztur\u012bbu un karstumiztur\u012bbu. To var ar\u012b papildus izol\u0113t un t\u0101d\u0113j\u0101di sasniegt aizsardz\u012bbas klasi l\u012bdz maks. IP67. Turkl\u0101t v\u0101rpsta ir uzst\u0101d\u012bta korpus\u0101, lai neitraliz\u0113tu aksi\u0101l\u0101s slodzes. Potenciometrs ir pieejams divos savienojuma veidos: s\u0101nu kontakti vai apak\u0161\u0113jie kontakti. LPT18 s\u0113riju var papildin\u0101t ar p\u0101rsl\u0113g\u0161anas funkcijas potenciometru ar \u0101r\u0113jo korpusu.<\/p>\n","protected":false},"featured_media":1260061877,"template":"","meta":[],"product_brand":[],"product_cat":[1544],"product_tag":[],"class_list":{"0":"post-1260059079","1":"product","2":"type-product","3":"status-publish","4":"has-post-thumbnail","6":"product_cat-stravas-vadosa-plastika-potenciometrs","8":"first","9":"instock","10":"product-type-simple"},"yoast_head":"<!-- This site is optimized with the Yoast SEO plugin v27.1.1 - https:\/\/yoast.com\/product\/yoast-seo-wordpress\/ -->\n<title>Str\u0101vas vado\u0161a plastika potenciometrs LPT18 - My industrial<\/title>\n<meta name=\"robots\" content=\"index, follow, max-snippet:-1, max-image-preview:large, max-video-preview:-1\" \/>\n<link rel=\"canonical\" href=\"https:\/\/myindustrial.eu\/lv\/shop\/potenciometri-un-sensori\/viena-apgrieziena-potenciometrs\/stravas-vadosa-plastika-potenciometrs\/lpt18\/\" \/>\n<meta property=\"og:locale\" content=\"lv_LV\" \/>\n<meta property=\"og:type\" content=\"article\" \/>\n<meta property=\"og:title\" content=\"Str\u0101vas vado\u0161a plastika potenciometrs LPT18 - My industrial\" \/>\n<meta property=\"og:description\" content=\"\u0160\u012bs produktu l\u012bnijas vado\u0161ie plastmasas prec\u012bzijas potenciometri ir piem\u0113roti lieto\u0161anai vis\u0101s r\u016bpniec\u012bbas nozar\u0113s. Stikla \u0161\u0137iedras pastiprin\u0101tais plastmasas korpuss nodro\u0161ina augstu iztur\u012bbu un karstumiztur\u012bbu. To var ar\u012b papildus izol\u0113t un t\u0101d\u0113j\u0101di sasniegt aizsardz\u012bbas klasi l\u012bdz maks. IP67. Turkl\u0101t v\u0101rpsta ir uzst\u0101d\u012bta korpus\u0101, lai neitraliz\u0113tu aksi\u0101l\u0101s slodzes. Potenciometrs ir pieejams divos savienojuma veidos: s\u0101nu kontakti vai apak\u0161\u0113jie kontakti. LPT18 s\u0113riju var papildin\u0101t ar p\u0101rsl\u0113g\u0161anas funkcijas potenciometru ar \u0101r\u0113jo korpusu.\" \/>\n<meta property=\"og:url\" content=\"https:\/\/myindustrial.eu\/lv\/shop\/potenciometri-un-sensori\/viena-apgrieziena-potenciometrs\/stravas-vadosa-plastika-potenciometrs\/lpt18\/\" \/>\n<meta property=\"og:site_name\" content=\"My industrial\" \/>\n<meta property=\"article:modified_time\" content=\"2023-10-11T03:10:55+00:00\" \/>\n<meta property=\"og:image\" content=\"https:\/\/myindustrial.eu\/wp-content\/uploads\/2022\/01\/lpt18_leitplastik_altmann_400x413-400x413.jpg\" \/>\n\t<meta property=\"og:image:width\" content=\"400\" \/>\n\t<meta property=\"og:image:height\" content=\"413\" \/>\n\t<meta property=\"og:image:type\" content=\"image\/jpeg\" \/>\n<meta name=\"twitter:card\" content=\"summary_large_image\" \/>\n<script type=\"application\/ld+json\" class=\"yoast-schema-graph\">{\"@context\":\"https:\/\/schema.org\",\"@graph\":[{\"@type\":\"WebPage\",\"@id\":\"https:\/\/myindustrial.eu\/lv\/shop\/potenciometri-un-sensori\/viena-apgrieziena-potenciometrs\/stravas-vadosa-plastika-potenciometrs\/lpt18\/\",\"url\":\"https:\/\/myindustrial.eu\/lv\/shop\/potenciometri-un-sensori\/viena-apgrieziena-potenciometrs\/stravas-vadosa-plastika-potenciometrs\/lpt18\/\",\"name\":\"Str\u0101vas vado\u0161a plastika potenciometrs LPT18 - My industrial\",\"isPartOf\":{\"@id\":\"https:\/\/myindustrial.eu\/lv\/#website\"},\"primaryImageOfPage\":{\"@id\":\"https:\/\/myindustrial.eu\/lv\/shop\/potenciometri-un-sensori\/viena-apgrieziena-potenciometrs\/stravas-vadosa-plastika-potenciometrs\/lpt18\/#primaryimage\"},\"image\":{\"@id\":\"https:\/\/myindustrial.eu\/lv\/shop\/potenciometri-un-sensori\/viena-apgrieziena-potenciometrs\/stravas-vadosa-plastika-potenciometrs\/lpt18\/#primaryimage\"},\"thumbnailUrl\":\"https:\/\/myindustrial.eu\/wp-content\/uploads\/2022\/01\/lpt18_leitplastik_altmann_400x413-400x413.jpg\",\"datePublished\":\"2022-01-14T01:57:35+00:00\",\"dateModified\":\"2023-10-11T03:10:55+00:00\",\"breadcrumb\":{\"@id\":\"https:\/\/myindustrial.eu\/lv\/shop\/potenciometri-un-sensori\/viena-apgrieziena-potenciometrs\/stravas-vadosa-plastika-potenciometrs\/lpt18\/#breadcrumb\"},\"inLanguage\":\"lv-LV\",\"potentialAction\":[{\"@type\":\"ReadAction\",\"target\":[\"https:\/\/myindustrial.eu\/lv\/shop\/potenciometri-un-sensori\/viena-apgrieziena-potenciometrs\/stravas-vadosa-plastika-potenciometrs\/lpt18\/\"]}]},{\"@type\":\"ImageObject\",\"inLanguage\":\"lv-LV\",\"@id\":\"https:\/\/myindustrial.eu\/lv\/shop\/potenciometri-un-sensori\/viena-apgrieziena-potenciometrs\/stravas-vadosa-plastika-potenciometrs\/lpt18\/#primaryimage\",\"url\":\"https:\/\/myindustrial.eu\/wp-content\/uploads\/2022\/01\/lpt18_leitplastik_altmann_400x413-400x413.jpg\",\"contentUrl\":\"https:\/\/myindustrial.eu\/wp-content\/uploads\/2022\/01\/lpt18_leitplastik_altmann_400x413-400x413.jpg\",\"width\":400,\"height\":413},{\"@type\":\"BreadcrumbList\",\"@id\":\"https:\/\/myindustrial.eu\/lv\/shop\/potenciometri-un-sensori\/viena-apgrieziena-potenciometrs\/stravas-vadosa-plastika-potenciometrs\/lpt18\/#breadcrumb\",\"itemListElement\":[{\"@type\":\"ListItem\",\"position\":1,\"name\":\"Home\",\"item\":\"https:\/\/myindustrial.eu\/lv\/\"},{\"@type\":\"ListItem\",\"position\":2,\"name\":\"Products\",\"item\":\"https:\/\/myindustrial.eu\/lv\/products\/\"},{\"@type\":\"ListItem\",\"position\":3,\"name\":\"Str\u0101vas vado\u0161a plastika potenciometrs LPT18\"}]},{\"@type\":\"WebSite\",\"@id\":\"https:\/\/myindustrial.eu\/lv\/#website\",\"url\":\"https:\/\/myindustrial.eu\/lv\/\",\"name\":\"My industrial\",\"description\":\"\",\"potentialAction\":[{\"@type\":\"SearchAction\",\"target\":{\"@type\":\"EntryPoint\",\"urlTemplate\":\"https:\/\/myindustrial.eu\/lv\/?s={search_term_string}\"},\"query-input\":{\"@type\":\"PropertyValueSpecification\",\"valueRequired\":true,\"valueName\":\"search_term_string\"}}],\"inLanguage\":\"lv-LV\"}]}<\/script>\n<!-- \/ Yoast SEO plugin. -->","yoast_head_json":{"title":"Str\u0101vas vado\u0161a plastika potenciometrs LPT18 - My industrial","robots":{"index":"index","follow":"follow","max-snippet":"max-snippet:-1","max-image-preview":"max-image-preview:large","max-video-preview":"max-video-preview:-1"},"canonical":"https:\/\/myindustrial.eu\/lv\/shop\/potenciometri-un-sensori\/viena-apgrieziena-potenciometrs\/stravas-vadosa-plastika-potenciometrs\/lpt18\/","og_locale":"lv_LV","og_type":"article","og_title":"Str\u0101vas vado\u0161a plastika potenciometrs LPT18 - My industrial","og_description":"\u0160\u012bs produktu l\u012bnijas vado\u0161ie plastmasas prec\u012bzijas potenciometri ir piem\u0113roti lieto\u0161anai vis\u0101s r\u016bpniec\u012bbas nozar\u0113s. Stikla \u0161\u0137iedras pastiprin\u0101tais plastmasas korpuss nodro\u0161ina augstu iztur\u012bbu un karstumiztur\u012bbu. To var ar\u012b papildus izol\u0113t un t\u0101d\u0113j\u0101di sasniegt aizsardz\u012bbas klasi l\u012bdz maks. IP67. Turkl\u0101t v\u0101rpsta ir uzst\u0101d\u012bta korpus\u0101, lai neitraliz\u0113tu aksi\u0101l\u0101s slodzes. Potenciometrs ir pieejams divos savienojuma veidos: s\u0101nu kontakti vai apak\u0161\u0113jie kontakti. LPT18 s\u0113riju var papildin\u0101t ar p\u0101rsl\u0113g\u0161anas funkcijas potenciometru ar \u0101r\u0113jo korpusu.","og_url":"https:\/\/myindustrial.eu\/lv\/shop\/potenciometri-un-sensori\/viena-apgrieziena-potenciometrs\/stravas-vadosa-plastika-potenciometrs\/lpt18\/","og_site_name":"My industrial","article_modified_time":"2023-10-11T03:10:55+00:00","og_image":[{"width":400,"height":413,"url":"https:\/\/myindustrial.eu\/wp-content\/uploads\/2022\/01\/lpt18_leitplastik_altmann_400x413-400x413.jpg","type":"image\/jpeg"}],"twitter_card":"summary_large_image","schema":{"@context":"https:\/\/schema.org","@graph":[{"@type":"WebPage","@id":"https:\/\/myindustrial.eu\/lv\/shop\/potenciometri-un-sensori\/viena-apgrieziena-potenciometrs\/stravas-vadosa-plastika-potenciometrs\/lpt18\/","url":"https:\/\/myindustrial.eu\/lv\/shop\/potenciometri-un-sensori\/viena-apgrieziena-potenciometrs\/stravas-vadosa-plastika-potenciometrs\/lpt18\/","name":"Str\u0101vas vado\u0161a plastika potenciometrs LPT18 - My industrial","isPartOf":{"@id":"https:\/\/myindustrial.eu\/lv\/#website"},"primaryImageOfPage":{"@id":"https:\/\/myindustrial.eu\/lv\/shop\/potenciometri-un-sensori\/viena-apgrieziena-potenciometrs\/stravas-vadosa-plastika-potenciometrs\/lpt18\/#primaryimage"},"image":{"@id":"https:\/\/myindustrial.eu\/lv\/shop\/potenciometri-un-sensori\/viena-apgrieziena-potenciometrs\/stravas-vadosa-plastika-potenciometrs\/lpt18\/#primaryimage"},"thumbnailUrl":"https:\/\/myindustrial.eu\/wp-content\/uploads\/2022\/01\/lpt18_leitplastik_altmann_400x413-400x413.jpg","datePublished":"2022-01-14T01:57:35+00:00","dateModified":"2023-10-11T03:10:55+00:00","breadcrumb":{"@id":"https:\/\/myindustrial.eu\/lv\/shop\/potenciometri-un-sensori\/viena-apgrieziena-potenciometrs\/stravas-vadosa-plastika-potenciometrs\/lpt18\/#breadcrumb"},"inLanguage":"lv-LV","potentialAction":[{"@type":"ReadAction","target":["https:\/\/myindustrial.eu\/lv\/shop\/potenciometri-un-sensori\/viena-apgrieziena-potenciometrs\/stravas-vadosa-plastika-potenciometrs\/lpt18\/"]}]},{"@type":"ImageObject","inLanguage":"lv-LV","@id":"https:\/\/myindustrial.eu\/lv\/shop\/potenciometri-un-sensori\/viena-apgrieziena-potenciometrs\/stravas-vadosa-plastika-potenciometrs\/lpt18\/#primaryimage","url":"https:\/\/myindustrial.eu\/wp-content\/uploads\/2022\/01\/lpt18_leitplastik_altmann_400x413-400x413.jpg","contentUrl":"https:\/\/myindustrial.eu\/wp-content\/uploads\/2022\/01\/lpt18_leitplastik_altmann_400x413-400x413.jpg","width":400,"height":413},{"@type":"BreadcrumbList","@id":"https:\/\/myindustrial.eu\/lv\/shop\/potenciometri-un-sensori\/viena-apgrieziena-potenciometrs\/stravas-vadosa-plastika-potenciometrs\/lpt18\/#breadcrumb","itemListElement":[{"@type":"ListItem","position":1,"name":"Home","item":"https:\/\/myindustrial.eu\/lv\/"},{"@type":"ListItem","position":2,"name":"Products","item":"https:\/\/myindustrial.eu\/lv\/products\/"},{"@type":"ListItem","position":3,"name":"Str\u0101vas vado\u0161a plastika potenciometrs LPT18"}]},{"@type":"WebSite","@id":"https:\/\/myindustrial.eu\/lv\/#website","url":"https:\/\/myindustrial.eu\/lv\/","name":"My industrial","description":"","potentialAction":[{"@type":"SearchAction","target":{"@type":"EntryPoint","urlTemplate":"https:\/\/myindustrial.eu\/lv\/?s={search_term_string}"},"query-input":{"@type":"PropertyValueSpecification","valueRequired":true,"valueName":"search_term_string"}}],"inLanguage":"lv-LV"}]}},"_links":{"self":[{"href":"https:\/\/myindustrial.eu\/lv\/wp-json\/wp\/v2\/product\/1260059079","targetHints":{"allow":["GET"]}}],"collection":[{"href":"https:\/\/myindustrial.eu\/lv\/wp-json\/wp\/v2\/product"}],"about":[{"href":"https:\/\/myindustrial.eu\/lv\/wp-json\/wp\/v2\/types\/product"}],"version-history":[{"count":1,"href":"https:\/\/myindustrial.eu\/lv\/wp-json\/wp\/v2\/product\/1260059079\/revisions"}],"predecessor-version":[{"id":1260060270,"href":"https:\/\/myindustrial.eu\/lv\/wp-json\/wp\/v2\/product\/1260059079\/revisions\/1260060270"}],"wp:featuredmedia":[{"embeddable":true,"href":"https:\/\/myindustrial.eu\/lv\/wp-json\/wp\/v2\/media\/1260061877"}],"wp:attachment":[{"href":"https:\/\/myindustrial.eu\/lv\/wp-json\/wp\/v2\/media?parent=1260059079"}],"wp:term":[{"taxonomy":"product_brand","embeddable":true,"href":"https:\/\/myindustrial.eu\/lv\/wp-json\/wp\/v2\/product_brand?post=1260059079"},{"taxonomy":"product_cat","embeddable":true,"href":"https:\/\/myindustrial.eu\/lv\/wp-json\/wp\/v2\/product_cat?post=1260059079"},{"taxonomy":"product_tag","embeddable":true,"href":"https:\/\/myindustrial.eu\/lv\/wp-json\/wp\/v2\/product_tag?post=1260059079"}],"curies":[{"name":"wp","href":"https:\/\/api.w.org\/{rel}","templated":true}]}}