{"id":1260059082,"date":"2022-01-14T01:36:56","date_gmt":"2022-01-14T01:57:43","guid":{"rendered":"https:\/\/myindustrial.eu\/shop-2\/uncategorized\/lp15\/"},"modified":"2023-06-16T20:11:26","modified_gmt":"2023-06-16T20:11:26","slug":"lp15","status":"publish","type":"product","link":"https:\/\/myindustrial.eu\/lv\/shop\/potenciometri-un-sensori\/viena-apgrieziena-potenciometrs\/stravas-vadosa-plastika-potenciometrs\/lp15\/","title":{"rendered":"Str\u0101vas vado\u0161a polim\u0113ra potenciometrs LP15"},"content":{"rendered":"","protected":false},"excerpt":{"rendered":"<p>LP15 s\u0113rijas vado\u0161ais plastmasas potenciometrs ir zemu izmaksu sast\u0101vda\u013ca. T\u0101 standartapr\u012bkojum\u0101 ir apr\u012bkots ar 2 kontaktu sl\u0113dzi. Ir divi varianti: 4A\/250VAC vai 10A\/12VDA. Sl\u0113dzis dod elektrisko impulsu, pagrie\u017eot v\u0101rpstu. V\u0101rpsta ir pieejama div\u0101s versij\u0101s (\u00d8 4 un 6 mm).<\/p>\n","protected":false},"featured_media":1260061862,"template":"","meta":[],"product_brand":[],"product_cat":[1544],"product_tag":[],"class_list":{"0":"post-1260059082","1":"product","2":"type-product","3":"status-publish","4":"has-post-thumbnail","6":"product_cat-stravas-vadosa-plastika-potenciometrs","8":"first","9":"instock","10":"product-type-simple"},"yoast_head":"<!-- This site is optimized with the Yoast SEO plugin v27.1.1 - https:\/\/yoast.com\/product\/yoast-seo-wordpress\/ -->\n<title>Str\u0101vas vado\u0161a polim\u0113ra potenciometrs LP15 - My industrial<\/title>\n<meta name=\"robots\" content=\"index, follow, max-snippet:-1, max-image-preview:large, max-video-preview:-1\" \/>\n<link rel=\"canonical\" href=\"https:\/\/myindustrial.eu\/lv\/shop\/potenciometri-un-sensori\/viena-apgrieziena-potenciometrs\/stravas-vadosa-plastika-potenciometrs\/lp15\/\" \/>\n<meta property=\"og:locale\" content=\"lv_LV\" \/>\n<meta property=\"og:type\" content=\"article\" \/>\n<meta property=\"og:title\" content=\"Str\u0101vas vado\u0161a polim\u0113ra potenciometrs LP15 - My industrial\" \/>\n<meta property=\"og:description\" content=\"LP15 s\u0113rijas vado\u0161ais plastmasas potenciometrs ir zemu izmaksu sast\u0101vda\u013ca. T\u0101 standartapr\u012bkojum\u0101 ir apr\u012bkots ar 2 kontaktu sl\u0113dzi. Ir divi varianti: 4A\/250VAC vai 10A\/12VDA. Sl\u0113dzis dod elektrisko impulsu, pagrie\u017eot v\u0101rpstu. V\u0101rpsta ir pieejama div\u0101s versij\u0101s (\u00d8 4 un 6 mm).\" \/>\n<meta property=\"og:url\" content=\"https:\/\/myindustrial.eu\/lv\/shop\/potenciometri-un-sensori\/viena-apgrieziena-potenciometrs\/stravas-vadosa-plastika-potenciometrs\/lp15\/\" \/>\n<meta property=\"og:site_name\" content=\"My industrial\" \/>\n<meta property=\"article:modified_time\" content=\"2023-06-16T20:11:26+00:00\" \/>\n<meta property=\"og:image\" content=\"https:\/\/myindustrial.eu\/wp-content\/uploads\/2022\/01\/lp15_leitplastik_altmann_400x413-400x413.jpg\" \/>\n\t<meta property=\"og:image:width\" content=\"400\" \/>\n\t<meta property=\"og:image:height\" content=\"413\" \/>\n\t<meta property=\"og:image:type\" content=\"image\/jpeg\" \/>\n<meta name=\"twitter:card\" content=\"summary_large_image\" \/>\n<script type=\"application\/ld+json\" class=\"yoast-schema-graph\">{\"@context\":\"https:\/\/schema.org\",\"@graph\":[{\"@type\":\"WebPage\",\"@id\":\"https:\/\/myindustrial.eu\/lv\/shop\/potenciometri-un-sensori\/viena-apgrieziena-potenciometrs\/stravas-vadosa-plastika-potenciometrs\/lp15\/\",\"url\":\"https:\/\/myindustrial.eu\/lv\/shop\/potenciometri-un-sensori\/viena-apgrieziena-potenciometrs\/stravas-vadosa-plastika-potenciometrs\/lp15\/\",\"name\":\"Str\u0101vas vado\u0161a polim\u0113ra potenciometrs LP15 - My industrial\",\"isPartOf\":{\"@id\":\"https:\/\/myindustrial.eu\/lv\/#website\"},\"primaryImageOfPage\":{\"@id\":\"https:\/\/myindustrial.eu\/lv\/shop\/potenciometri-un-sensori\/viena-apgrieziena-potenciometrs\/stravas-vadosa-plastika-potenciometrs\/lp15\/#primaryimage\"},\"image\":{\"@id\":\"https:\/\/myindustrial.eu\/lv\/shop\/potenciometri-un-sensori\/viena-apgrieziena-potenciometrs\/stravas-vadosa-plastika-potenciometrs\/lp15\/#primaryimage\"},\"thumbnailUrl\":\"https:\/\/myindustrial.eu\/wp-content\/uploads\/2022\/01\/lp15_leitplastik_altmann_400x413-400x413.jpg\",\"datePublished\":\"2022-01-14T01:57:43+00:00\",\"dateModified\":\"2023-06-16T20:11:26+00:00\",\"breadcrumb\":{\"@id\":\"https:\/\/myindustrial.eu\/lv\/shop\/potenciometri-un-sensori\/viena-apgrieziena-potenciometrs\/stravas-vadosa-plastika-potenciometrs\/lp15\/#breadcrumb\"},\"inLanguage\":\"lv-LV\",\"potentialAction\":[{\"@type\":\"ReadAction\",\"target\":[\"https:\/\/myindustrial.eu\/lv\/shop\/potenciometri-un-sensori\/viena-apgrieziena-potenciometrs\/stravas-vadosa-plastika-potenciometrs\/lp15\/\"]}]},{\"@type\":\"ImageObject\",\"inLanguage\":\"lv-LV\",\"@id\":\"https:\/\/myindustrial.eu\/lv\/shop\/potenciometri-un-sensori\/viena-apgrieziena-potenciometrs\/stravas-vadosa-plastika-potenciometrs\/lp15\/#primaryimage\",\"url\":\"https:\/\/myindustrial.eu\/wp-content\/uploads\/2022\/01\/lp15_leitplastik_altmann_400x413-400x413.jpg\",\"contentUrl\":\"https:\/\/myindustrial.eu\/wp-content\/uploads\/2022\/01\/lp15_leitplastik_altmann_400x413-400x413.jpg\",\"width\":400,\"height\":413},{\"@type\":\"BreadcrumbList\",\"@id\":\"https:\/\/myindustrial.eu\/lv\/shop\/potenciometri-un-sensori\/viena-apgrieziena-potenciometrs\/stravas-vadosa-plastika-potenciometrs\/lp15\/#breadcrumb\",\"itemListElement\":[{\"@type\":\"ListItem\",\"position\":1,\"name\":\"Home\",\"item\":\"https:\/\/myindustrial.eu\/lv\/\"},{\"@type\":\"ListItem\",\"position\":2,\"name\":\"Products\",\"item\":\"https:\/\/myindustrial.eu\/lv\/products\/\"},{\"@type\":\"ListItem\",\"position\":3,\"name\":\"Str\u0101vas vado\u0161a polim\u0113ra potenciometrs LP15\"}]},{\"@type\":\"WebSite\",\"@id\":\"https:\/\/myindustrial.eu\/lv\/#website\",\"url\":\"https:\/\/myindustrial.eu\/lv\/\",\"name\":\"My industrial\",\"description\":\"\",\"potentialAction\":[{\"@type\":\"SearchAction\",\"target\":{\"@type\":\"EntryPoint\",\"urlTemplate\":\"https:\/\/myindustrial.eu\/lv\/?s={search_term_string}\"},\"query-input\":{\"@type\":\"PropertyValueSpecification\",\"valueRequired\":true,\"valueName\":\"search_term_string\"}}],\"inLanguage\":\"lv-LV\"}]}<\/script>\n<!-- \/ Yoast SEO plugin. -->","yoast_head_json":{"title":"Str\u0101vas vado\u0161a polim\u0113ra potenciometrs LP15 - My industrial","robots":{"index":"index","follow":"follow","max-snippet":"max-snippet:-1","max-image-preview":"max-image-preview:large","max-video-preview":"max-video-preview:-1"},"canonical":"https:\/\/myindustrial.eu\/lv\/shop\/potenciometri-un-sensori\/viena-apgrieziena-potenciometrs\/stravas-vadosa-plastika-potenciometrs\/lp15\/","og_locale":"lv_LV","og_type":"article","og_title":"Str\u0101vas vado\u0161a polim\u0113ra potenciometrs LP15 - My industrial","og_description":"LP15 s\u0113rijas vado\u0161ais plastmasas potenciometrs ir zemu izmaksu sast\u0101vda\u013ca. T\u0101 standartapr\u012bkojum\u0101 ir apr\u012bkots ar 2 kontaktu sl\u0113dzi. Ir divi varianti: 4A\/250VAC vai 10A\/12VDA. Sl\u0113dzis dod elektrisko impulsu, pagrie\u017eot v\u0101rpstu. V\u0101rpsta ir pieejama div\u0101s versij\u0101s (\u00d8 4 un 6 mm).","og_url":"https:\/\/myindustrial.eu\/lv\/shop\/potenciometri-un-sensori\/viena-apgrieziena-potenciometrs\/stravas-vadosa-plastika-potenciometrs\/lp15\/","og_site_name":"My industrial","article_modified_time":"2023-06-16T20:11:26+00:00","og_image":[{"width":400,"height":413,"url":"https:\/\/myindustrial.eu\/wp-content\/uploads\/2022\/01\/lp15_leitplastik_altmann_400x413-400x413.jpg","type":"image\/jpeg"}],"twitter_card":"summary_large_image","schema":{"@context":"https:\/\/schema.org","@graph":[{"@type":"WebPage","@id":"https:\/\/myindustrial.eu\/lv\/shop\/potenciometri-un-sensori\/viena-apgrieziena-potenciometrs\/stravas-vadosa-plastika-potenciometrs\/lp15\/","url":"https:\/\/myindustrial.eu\/lv\/shop\/potenciometri-un-sensori\/viena-apgrieziena-potenciometrs\/stravas-vadosa-plastika-potenciometrs\/lp15\/","name":"Str\u0101vas vado\u0161a polim\u0113ra potenciometrs LP15 - My industrial","isPartOf":{"@id":"https:\/\/myindustrial.eu\/lv\/#website"},"primaryImageOfPage":{"@id":"https:\/\/myindustrial.eu\/lv\/shop\/potenciometri-un-sensori\/viena-apgrieziena-potenciometrs\/stravas-vadosa-plastika-potenciometrs\/lp15\/#primaryimage"},"image":{"@id":"https:\/\/myindustrial.eu\/lv\/shop\/potenciometri-un-sensori\/viena-apgrieziena-potenciometrs\/stravas-vadosa-plastika-potenciometrs\/lp15\/#primaryimage"},"thumbnailUrl":"https:\/\/myindustrial.eu\/wp-content\/uploads\/2022\/01\/lp15_leitplastik_altmann_400x413-400x413.jpg","datePublished":"2022-01-14T01:57:43+00:00","dateModified":"2023-06-16T20:11:26+00:00","breadcrumb":{"@id":"https:\/\/myindustrial.eu\/lv\/shop\/potenciometri-un-sensori\/viena-apgrieziena-potenciometrs\/stravas-vadosa-plastika-potenciometrs\/lp15\/#breadcrumb"},"inLanguage":"lv-LV","potentialAction":[{"@type":"ReadAction","target":["https:\/\/myindustrial.eu\/lv\/shop\/potenciometri-un-sensori\/viena-apgrieziena-potenciometrs\/stravas-vadosa-plastika-potenciometrs\/lp15\/"]}]},{"@type":"ImageObject","inLanguage":"lv-LV","@id":"https:\/\/myindustrial.eu\/lv\/shop\/potenciometri-un-sensori\/viena-apgrieziena-potenciometrs\/stravas-vadosa-plastika-potenciometrs\/lp15\/#primaryimage","url":"https:\/\/myindustrial.eu\/wp-content\/uploads\/2022\/01\/lp15_leitplastik_altmann_400x413-400x413.jpg","contentUrl":"https:\/\/myindustrial.eu\/wp-content\/uploads\/2022\/01\/lp15_leitplastik_altmann_400x413-400x413.jpg","width":400,"height":413},{"@type":"BreadcrumbList","@id":"https:\/\/myindustrial.eu\/lv\/shop\/potenciometri-un-sensori\/viena-apgrieziena-potenciometrs\/stravas-vadosa-plastika-potenciometrs\/lp15\/#breadcrumb","itemListElement":[{"@type":"ListItem","position":1,"name":"Home","item":"https:\/\/myindustrial.eu\/lv\/"},{"@type":"ListItem","position":2,"name":"Products","item":"https:\/\/myindustrial.eu\/lv\/products\/"},{"@type":"ListItem","position":3,"name":"Str\u0101vas vado\u0161a polim\u0113ra potenciometrs LP15"}]},{"@type":"WebSite","@id":"https:\/\/myindustrial.eu\/lv\/#website","url":"https:\/\/myindustrial.eu\/lv\/","name":"My industrial","description":"","potentialAction":[{"@type":"SearchAction","target":{"@type":"EntryPoint","urlTemplate":"https:\/\/myindustrial.eu\/lv\/?s={search_term_string}"},"query-input":{"@type":"PropertyValueSpecification","valueRequired":true,"valueName":"search_term_string"}}],"inLanguage":"lv-LV"}]}},"_links":{"self":[{"href":"https:\/\/myindustrial.eu\/lv\/wp-json\/wp\/v2\/product\/1260059082","targetHints":{"allow":["GET"]}}],"collection":[{"href":"https:\/\/myindustrial.eu\/lv\/wp-json\/wp\/v2\/product"}],"about":[{"href":"https:\/\/myindustrial.eu\/lv\/wp-json\/wp\/v2\/types\/product"}],"version-history":[{"count":1,"href":"https:\/\/myindustrial.eu\/lv\/wp-json\/wp\/v2\/product\/1260059082\/revisions"}],"predecessor-version":[{"id":1260060269,"href":"https:\/\/myindustrial.eu\/lv\/wp-json\/wp\/v2\/product\/1260059082\/revisions\/1260060269"}],"wp:featuredmedia":[{"embeddable":true,"href":"https:\/\/myindustrial.eu\/lv\/wp-json\/wp\/v2\/media\/1260061862"}],"wp:attachment":[{"href":"https:\/\/myindustrial.eu\/lv\/wp-json\/wp\/v2\/media?parent=1260059082"}],"wp:term":[{"taxonomy":"product_brand","embeddable":true,"href":"https:\/\/myindustrial.eu\/lv\/wp-json\/wp\/v2\/product_brand?post=1260059082"},{"taxonomy":"product_cat","embeddable":true,"href":"https:\/\/myindustrial.eu\/lv\/wp-json\/wp\/v2\/product_cat?post=1260059082"},{"taxonomy":"product_tag","embeddable":true,"href":"https:\/\/myindustrial.eu\/lv\/wp-json\/wp\/v2\/product_tag?post=1260059082"}],"curies":[{"name":"wp","href":"https:\/\/api.w.org\/{rel}","templated":true}]}}