{"id":1260059127,"date":"2022-01-14T01:37:16","date_gmt":"2022-01-14T01:58:00","guid":{"rendered":"https:\/\/myindustrial.eu\/shop-2\/uncategorized\/%d1%80%d0%b5%d1%88%d0%b5%d0%bd%d0%b8%d0%b5\/"},"modified":"2023-10-18T16:01:02","modified_gmt":"2023-10-18T16:01:02","slug":"reshenie","status":"publish","type":"product","link":"https:\/\/myindustrial.eu\/lv\/shop\/slp-kravu-limenosanas-sistema\/reshenie\/","title":{"rendered":"Risin\u0101jums"},"content":{"rendered":"<p><iframe src=\"https:\/\/www.youtube.com\/embed\/65yHOAWYjXo\" width=\"560\" height=\"315\" frameborder=\"0\" allowfullscreen=\"allowfullscreen\"><\/iframe><iframe src=\"https:\/\/www.youtube.com\/embed\/iCRA9SZWtr0\" width=\"560\" height=\"315\" frameborder=\"0\" allowfullscreen=\"allowfullscreen\"><\/iframe><iframe src=\"https:\/\/www.youtube.com\/embed\/H8zGyXjY9EQ\" width=\"560\" height=\"315\" frameborder=\"0\" allowfullscreen=\"allowfullscreen\"><\/iframe><iframe src=\"https:\/\/www.youtube.com\/embed\/pMZOhWMPUEQ\" width=\"560\" height=\"315\" frameborder=\"0\" allowfullscreen=\"allowfullscreen\"><\/iframe><iframe src=\"https:\/\/www.youtube.com\/embed\/NShKxdaGtvk\" width=\"560\" height=\"315\" frameborder=\"0\" allowfullscreen=\"allowfullscreen\"><\/iframe><\/p>\n<div>\n<strong>1. solis \u2013 P\u0100CEL\u0160ANAS F\u0100ZE<\/strong><\/p>\n<p><span style=\"font-weight: 400;\">SLP sensoru uzraudz\u012bba<\/span><\/p>\n<p><img fetchpriority=\"high\" decoding=\"async\" src=\"\/wp-content\/uploads\/2021\/11\/solution-1.webp\" alt=\"\" width=\"470\" height=\"350\" \/><br \/>\n&nbsp;<\/p>\n<p><strong>2. solis \u2014GAID\u0100M\u0100 AIZ\u0136ER\u0160AN\u0100S<\/strong><\/p>\n<p><span style=\"font-weight: 400;\">Noteikt gaid\u0101mo aiz\u0137er\u0161anos.\u00a0<\/span><span style=\"font-weight: 400;\">Ar sl\u012bpuma un akselerometra sensoriem,\u00a0<\/span><span style=\"font-weight: 400;\">Plus slodzes \u0161\u016bnas liekuma noteik\u0161anai.<\/span><\/p>\n<p><img decoding=\"async\" src=\"\/wp-content\/uploads\/2021\/11\/solution-2.webp\" alt=\"\" width=\"470\" height=\"350\" \/><\/p>\n<p>&nbsp;<\/p>\n<p><strong>3. solis \u2013 UNIK\u0100LA PAREDZ\u0112\u0160ANAS SIST\u0112MA<\/strong><\/p>\n<p><span style=\"font-weight: 400;\">Dro\u0161\u0101ks un maz\u0101ks stress piedzi\u0146as \u0137\u0113d\u0113, jo ir paredz\u0113ts izmantot sensorus atrodas net\u0101lu no gaid\u0101m\u0101s aiz\u0137er\u0161an\u0101s.<\/span><\/p>\n<p><img decoding=\"async\" src=\"\/wp-content\/uploads\/2021\/11\/solution-3.webp\" alt=\"\" width=\"470\" height=\"350\" \/><\/p>\n<p>&nbsp;<\/p>\n<p><strong>4. solis \u2013 \u0100TR\u0100K\u0100 REAKCIJAS SIST\u0112MA<\/strong><\/p>\n<p><span style=\"font-weight: 400;\">\u0100tra noteik\u0161ana un \u0101tra aizv\u0113r\u0161ana.\u00a0<\/span><span style=\"font-weight: 400;\">Kop\u0113jais reakcijas laiks 150 ms apm.<\/span><\/p>\n<p><img loading=\"lazy\" decoding=\"async\" src=\"\/wp-content\/uploads\/2021\/11\/solution-4.webp\" alt=\"\" width=\"470\" height=\"350\" \/><\/p>\n<p>&nbsp;<\/p>\n<p><strong>5. solis \u2013 REZERVES NOTEIK\u0160ANAS SIST\u0112MA<\/strong><\/p>\n<p><span style=\"font-weight: 400;\">Papildu dro\u0161\u012bba par sekundi ce\u013ca noteik\u0161ana, izmantojot slodzes \u0161\u016bnas.<\/span><\/p>\n<p><img loading=\"lazy\" decoding=\"async\" src=\"\/wp-content\/uploads\/2021\/11\/solution-5.webp\" alt=\"\" width=\"470\" height=\"350\" \/><\/p>\n<\/div>\n","protected":false},"excerpt":{"rendered":"<p>1. solis \u2013 P\u0100CEL\u0160ANAS F\u0100ZE SLP sensoru uzraudz\u012bba &nbsp; 2. solis \u2014GAID\u0100M\u0100 AIZ\u0136ER\u0160AN\u0100S Noteikt gaid\u0101mo aiz\u0137er\u0161anos.\u00a0Ar sl\u012bpuma un akselerometra sensoriem,\u00a0Plus<\/p>\n","protected":false},"featured_media":1260058653,"template":"","meta":[],"product_brand":[],"product_cat":[1420],"product_tag":[],"class_list":{"0":"post-1260059127","1":"product","2":"type-product","3":"status-publish","4":"has-post-thumbnail","6":"product_cat-slp-kravu-limenosanas-sistema","8":"first","9":"instock","10":"product-type-simple"},"yoast_head":"<!-- This site is optimized with the Yoast SEO plugin v27.1.1 - https:\/\/yoast.com\/product\/yoast-seo-wordpress\/ -->\n<title>Risin\u0101jums - My industrial<\/title>\n<meta name=\"robots\" content=\"index, follow, max-snippet:-1, max-image-preview:large, max-video-preview:-1\" \/>\n<link rel=\"canonical\" href=\"https:\/\/myindustrial.eu\/lv\/shop\/slp-kravu-limenosanas-sistema\/reshenie\/\" \/>\n<meta property=\"og:locale\" content=\"lv_LV\" \/>\n<meta property=\"og:type\" content=\"article\" \/>\n<meta property=\"og:title\" content=\"Risin\u0101jums - My industrial\" \/>\n<meta property=\"og:description\" content=\"1. solis \u2013 P\u0100CEL\u0160ANAS F\u0100ZE SLP sensoru uzraudz\u012bba &nbsp; 2. solis \u2014GAID\u0100M\u0100 AIZ\u0136ER\u0160AN\u0100S Noteikt gaid\u0101mo aiz\u0137er\u0161anos.\u00a0Ar sl\u012bpuma un akselerometra sensoriem,\u00a0Plus\" \/>\n<meta property=\"og:url\" content=\"https:\/\/myindustrial.eu\/lv\/shop\/slp-kravu-limenosanas-sistema\/reshenie\/\" \/>\n<meta property=\"og:site_name\" content=\"My industrial\" \/>\n<meta property=\"article:modified_time\" content=\"2023-10-18T16:01:02+00:00\" \/>\n<meta property=\"og:image\" content=\"https:\/\/myindustrial.eu\/wp-content\/uploads\/2022\/01\/solution-5.webp\" \/>\n\t<meta property=\"og:image:width\" content=\"470\" \/>\n\t<meta property=\"og:image:height\" content=\"350\" \/>\n\t<meta property=\"og:image:type\" content=\"image\/webp\" \/>\n<meta name=\"twitter:card\" content=\"summary_large_image\" \/>\n<script type=\"application\/ld+json\" class=\"yoast-schema-graph\">{\"@context\":\"https:\/\/schema.org\",\"@graph\":[{\"@type\":\"WebPage\",\"@id\":\"https:\/\/myindustrial.eu\/lv\/shop\/slp-kravu-limenosanas-sistema\/reshenie\/\",\"url\":\"https:\/\/myindustrial.eu\/lv\/shop\/slp-kravu-limenosanas-sistema\/reshenie\/\",\"name\":\"Risin\u0101jums - My industrial\",\"isPartOf\":{\"@id\":\"https:\/\/myindustrial.eu\/lv\/#website\"},\"primaryImageOfPage\":{\"@id\":\"https:\/\/myindustrial.eu\/lv\/shop\/slp-kravu-limenosanas-sistema\/reshenie\/#primaryimage\"},\"image\":{\"@id\":\"https:\/\/myindustrial.eu\/lv\/shop\/slp-kravu-limenosanas-sistema\/reshenie\/#primaryimage\"},\"thumbnailUrl\":\"https:\/\/myindustrial.eu\/wp-content\/uploads\/2022\/01\/solution-5.webp\",\"datePublished\":\"2022-01-14T01:58:00+00:00\",\"dateModified\":\"2023-10-18T16:01:02+00:00\",\"breadcrumb\":{\"@id\":\"https:\/\/myindustrial.eu\/lv\/shop\/slp-kravu-limenosanas-sistema\/reshenie\/#breadcrumb\"},\"inLanguage\":\"lv-LV\",\"potentialAction\":[{\"@type\":\"ReadAction\",\"target\":[\"https:\/\/myindustrial.eu\/lv\/shop\/slp-kravu-limenosanas-sistema\/reshenie\/\"]}]},{\"@type\":\"ImageObject\",\"inLanguage\":\"lv-LV\",\"@id\":\"https:\/\/myindustrial.eu\/lv\/shop\/slp-kravu-limenosanas-sistema\/reshenie\/#primaryimage\",\"url\":\"https:\/\/myindustrial.eu\/wp-content\/uploads\/2022\/01\/solution-5.webp\",\"contentUrl\":\"https:\/\/myindustrial.eu\/wp-content\/uploads\/2022\/01\/solution-5.webp\",\"width\":470,\"height\":350},{\"@type\":\"BreadcrumbList\",\"@id\":\"https:\/\/myindustrial.eu\/lv\/shop\/slp-kravu-limenosanas-sistema\/reshenie\/#breadcrumb\",\"itemListElement\":[{\"@type\":\"ListItem\",\"position\":1,\"name\":\"Home\",\"item\":\"https:\/\/myindustrial.eu\/lv\/\"},{\"@type\":\"ListItem\",\"position\":2,\"name\":\"Products\",\"item\":\"https:\/\/myindustrial.eu\/lv\/products\/\"},{\"@type\":\"ListItem\",\"position\":3,\"name\":\"Risin\u0101jums\"}]},{\"@type\":\"WebSite\",\"@id\":\"https:\/\/myindustrial.eu\/lv\/#website\",\"url\":\"https:\/\/myindustrial.eu\/lv\/\",\"name\":\"My industrial\",\"description\":\"\",\"potentialAction\":[{\"@type\":\"SearchAction\",\"target\":{\"@type\":\"EntryPoint\",\"urlTemplate\":\"https:\/\/myindustrial.eu\/lv\/?s={search_term_string}\"},\"query-input\":{\"@type\":\"PropertyValueSpecification\",\"valueRequired\":true,\"valueName\":\"search_term_string\"}}],\"inLanguage\":\"lv-LV\"}]}<\/script>\n<!-- \/ Yoast SEO plugin. -->","yoast_head_json":{"title":"Risin\u0101jums - My industrial","robots":{"index":"index","follow":"follow","max-snippet":"max-snippet:-1","max-image-preview":"max-image-preview:large","max-video-preview":"max-video-preview:-1"},"canonical":"https:\/\/myindustrial.eu\/lv\/shop\/slp-kravu-limenosanas-sistema\/reshenie\/","og_locale":"lv_LV","og_type":"article","og_title":"Risin\u0101jums - My industrial","og_description":"1. solis \u2013 P\u0100CEL\u0160ANAS F\u0100ZE SLP sensoru uzraudz\u012bba &nbsp; 2. solis \u2014GAID\u0100M\u0100 AIZ\u0136ER\u0160AN\u0100S Noteikt gaid\u0101mo aiz\u0137er\u0161anos.\u00a0Ar sl\u012bpuma un akselerometra sensoriem,\u00a0Plus","og_url":"https:\/\/myindustrial.eu\/lv\/shop\/slp-kravu-limenosanas-sistema\/reshenie\/","og_site_name":"My industrial","article_modified_time":"2023-10-18T16:01:02+00:00","og_image":[{"width":470,"height":350,"url":"https:\/\/myindustrial.eu\/wp-content\/uploads\/2022\/01\/solution-5.webp","type":"image\/webp"}],"twitter_card":"summary_large_image","schema":{"@context":"https:\/\/schema.org","@graph":[{"@type":"WebPage","@id":"https:\/\/myindustrial.eu\/lv\/shop\/slp-kravu-limenosanas-sistema\/reshenie\/","url":"https:\/\/myindustrial.eu\/lv\/shop\/slp-kravu-limenosanas-sistema\/reshenie\/","name":"Risin\u0101jums - My industrial","isPartOf":{"@id":"https:\/\/myindustrial.eu\/lv\/#website"},"primaryImageOfPage":{"@id":"https:\/\/myindustrial.eu\/lv\/shop\/slp-kravu-limenosanas-sistema\/reshenie\/#primaryimage"},"image":{"@id":"https:\/\/myindustrial.eu\/lv\/shop\/slp-kravu-limenosanas-sistema\/reshenie\/#primaryimage"},"thumbnailUrl":"https:\/\/myindustrial.eu\/wp-content\/uploads\/2022\/01\/solution-5.webp","datePublished":"2022-01-14T01:58:00+00:00","dateModified":"2023-10-18T16:01:02+00:00","breadcrumb":{"@id":"https:\/\/myindustrial.eu\/lv\/shop\/slp-kravu-limenosanas-sistema\/reshenie\/#breadcrumb"},"inLanguage":"lv-LV","potentialAction":[{"@type":"ReadAction","target":["https:\/\/myindustrial.eu\/lv\/shop\/slp-kravu-limenosanas-sistema\/reshenie\/"]}]},{"@type":"ImageObject","inLanguage":"lv-LV","@id":"https:\/\/myindustrial.eu\/lv\/shop\/slp-kravu-limenosanas-sistema\/reshenie\/#primaryimage","url":"https:\/\/myindustrial.eu\/wp-content\/uploads\/2022\/01\/solution-5.webp","contentUrl":"https:\/\/myindustrial.eu\/wp-content\/uploads\/2022\/01\/solution-5.webp","width":470,"height":350},{"@type":"BreadcrumbList","@id":"https:\/\/myindustrial.eu\/lv\/shop\/slp-kravu-limenosanas-sistema\/reshenie\/#breadcrumb","itemListElement":[{"@type":"ListItem","position":1,"name":"Home","item":"https:\/\/myindustrial.eu\/lv\/"},{"@type":"ListItem","position":2,"name":"Products","item":"https:\/\/myindustrial.eu\/lv\/products\/"},{"@type":"ListItem","position":3,"name":"Risin\u0101jums"}]},{"@type":"WebSite","@id":"https:\/\/myindustrial.eu\/lv\/#website","url":"https:\/\/myindustrial.eu\/lv\/","name":"My industrial","description":"","potentialAction":[{"@type":"SearchAction","target":{"@type":"EntryPoint","urlTemplate":"https:\/\/myindustrial.eu\/lv\/?s={search_term_string}"},"query-input":{"@type":"PropertyValueSpecification","valueRequired":true,"valueName":"search_term_string"}}],"inLanguage":"lv-LV"}]}},"_links":{"self":[{"href":"https:\/\/myindustrial.eu\/lv\/wp-json\/wp\/v2\/product\/1260059127","targetHints":{"allow":["GET"]}}],"collection":[{"href":"https:\/\/myindustrial.eu\/lv\/wp-json\/wp\/v2\/product"}],"about":[{"href":"https:\/\/myindustrial.eu\/lv\/wp-json\/wp\/v2\/types\/product"}],"version-history":[{"count":1,"href":"https:\/\/myindustrial.eu\/lv\/wp-json\/wp\/v2\/product\/1260059127\/revisions"}],"predecessor-version":[{"id":1260063445,"href":"https:\/\/myindustrial.eu\/lv\/wp-json\/wp\/v2\/product\/1260059127\/revisions\/1260063445"}],"wp:featuredmedia":[{"embeddable":true,"href":"https:\/\/myindustrial.eu\/lv\/wp-json\/wp\/v2\/media\/1260058653"}],"wp:attachment":[{"href":"https:\/\/myindustrial.eu\/lv\/wp-json\/wp\/v2\/media?parent=1260059127"}],"wp:term":[{"taxonomy":"product_brand","embeddable":true,"href":"https:\/\/myindustrial.eu\/lv\/wp-json\/wp\/v2\/product_brand?post=1260059127"},{"taxonomy":"product_cat","embeddable":true,"href":"https:\/\/myindustrial.eu\/lv\/wp-json\/wp\/v2\/product_cat?post=1260059127"},{"taxonomy":"product_tag","embeddable":true,"href":"https:\/\/myindustrial.eu\/lv\/wp-json\/wp\/v2\/product_tag?post=1260059127"}],"curies":[{"name":"wp","href":"https:\/\/api.w.org\/{rel}","templated":true}]}}