{"id":1260059128,"date":"2022-01-14T01:37:16","date_gmt":"2022-01-14T01:58:00","guid":{"rendered":"https:\/\/myindustrial.eu\/shop-2\/uncategorized\/%d0%bf%d1%80%d0%b5%d0%b8%d0%bc%d1%83%d1%89%d0%b5%d1%81%d1%82%d0%b2%d0%b0\/"},"modified":"2023-10-18T15:34:29","modified_gmt":"2023-10-18T15:34:29","slug":"preimushhestva","status":"publish","type":"product","link":"https:\/\/myindustrial.eu\/lv\/shop\/slp-kravu-limenosanas-sistema\/preimushhestva\/","title":{"rendered":"Priek\u0161roc\u012bbas"},"content":{"rendered":"<p><iframe src=\"https:\/\/www.youtube.com\/embed\/65yHOAWYjXo\" width=\"560\" height=\"315\" frameborder=\"0\" allowfullscreen=\"allowfullscreen\"><span data-mce-type=\"bookmark\" style=\"display: inline-block; width: 0px; overflow: hidden; line-height: 0;\" class=\"mce_SELRES_start\">\ufeff<\/span><\/iframe><iframe src=\"https:\/\/www.youtube.com\/embed\/iCRA9SZWtr0\" width=\"560\" height=\"315\" frameborder=\"0\" allowfullscreen=\"allowfullscreen\"><\/iframe><\/p>\n<div>\n<strong>UNIK\u0100L\u0100S BREMZES AR DUBULTAJIEM SUPORTIEM<\/strong><\/p>\n<p><span style=\"font-weight: 400;\">TEXU darba bremzes r\u016bp\u0113jas par piedzi\u0146as sist\u0113mu, jo uz v\u0101rpstas nav radi\u0101l\u0101s slodzes<\/span><\/p>\n<p><img fetchpriority=\"high\" decoding=\"async\" src=\"\/wp-content\/uploads\/2021\/11\/adv-1.webp\" alt=\"\" width=\"470\" height=\"350\" \/><\/p>\n<p>&nbsp;<\/p>\n<p><strong>UNIK\u0100LAS BREMZES BEZ NOPL\u016aDES<\/strong><\/p>\n<p><span style=\"font-weight: 400;\">SHI av\u0101rijas bremzes<\/span><span style=\"font-weight: 400;\">Nav hidraulisko nopl\u016b\u017eu<\/span><\/p>\n<p><img decoding=\"async\" src=\"\/wp-content\/uploads\/2021\/11\/adv-2.webp\" alt=\"\" width=\"470\" height=\"350\" \/><\/p>\n<p>&nbsp;<\/p>\n<p><strong>3. solis \u2013 UNIK\u0100LA BR\u012aDIN\u0100JUMA SIST\u0112MA<\/strong><\/p>\n<p><span style=\"font-weight: 400;\">Dro\u0161\u0101ka un maz\u0101ka slodze piedzi\u0146as \u0137\u0113d\u0113, pateicoties proakt\u012bvai sensoru izmanto\u0161anai, kas atrodas tuvojo\u0161os \u0161\u0137\u0113r\u0161\u013ca tuvum\u0101.<\/span><\/p>\n<p><img decoding=\"async\" src=\"\/wp-content\/uploads\/2021\/11\/solution-3.webp\" alt=\"\" width=\"470\" height=\"350\" \/><\/p>\n<p>&nbsp;<\/p>\n<p><strong>4. darb\u012bba \u2013 \u0100TR\u0100K\u0100S REAKCIJAS SIST\u0112MA<\/strong><\/p>\n<p><span style=\"font-weight: 400;\">\u0100tra noteik\u0161ana un \u0101tra aizv\u0113r\u0161ana.\u00a0<\/span><span style=\"font-weight: 400;\">Kop\u0113jais reakcijas laiks ir aptuveni 150 ms.<\/span><\/p>\n<p><img loading=\"lazy\" decoding=\"async\" src=\"\/wp-content\/uploads\/2021\/11\/solution-4.webp\" alt=\"\" width=\"470\" height=\"350\" \/><\/p>\n<p>&nbsp;<\/p>\n<p><strong>5. solis \u2013 REZERVES NOTEIK\u0160ANAS SIST\u0112MA<\/strong><\/p>\n<p><span style=\"font-weight: 400;\">Papildu dro\u0161\u012bba, izmantojot deform\u0101cijas m\u0113r\u012bt\u0101jus papildu ce\u013ca noteik\u0161anai.<\/span><\/p>\n<p><img loading=\"lazy\" decoding=\"async\" src=\"\/wp-content\/uploads\/2021\/11\/solution-5.webp\" alt=\"\" width=\"470\" height=\"350\" \/>\n<\/div>\n","protected":false},"excerpt":{"rendered":"<p>\ufeff UNIK\u0100L\u0100S BREMZES AR DUBULTAJIEM SUPORTIEM TEXU darba bremzes r\u016bp\u0113jas par piedzi\u0146as sist\u0113mu, jo uz v\u0101rpstas nav radi\u0101l\u0101s slodzes &nbsp;<\/p>\n","protected":false},"featured_media":1260058659,"template":"","meta":[],"product_brand":[],"product_cat":[1420],"product_tag":[],"class_list":{"0":"post-1260059128","1":"product","2":"type-product","3":"status-publish","4":"has-post-thumbnail","6":"product_cat-slp-kravu-limenosanas-sistema","8":"first","9":"instock","10":"product-type-simple"},"yoast_head":"<!-- This site is optimized with the Yoast SEO plugin v27.1.1 - https:\/\/yoast.com\/product\/yoast-seo-wordpress\/ -->\n<title>Priek\u0161roc\u012bbas - My industrial<\/title>\n<meta name=\"robots\" content=\"index, follow, max-snippet:-1, max-image-preview:large, max-video-preview:-1\" \/>\n<link rel=\"canonical\" href=\"https:\/\/myindustrial.eu\/lv\/shop\/slp-kravu-limenosanas-sistema\/preimushhestva\/\" \/>\n<meta property=\"og:locale\" content=\"lv_LV\" \/>\n<meta property=\"og:type\" content=\"article\" \/>\n<meta property=\"og:title\" content=\"Priek\u0161roc\u012bbas - My industrial\" \/>\n<meta property=\"og:description\" content=\"\ufeff UNIK\u0100L\u0100S BREMZES AR DUBULTAJIEM SUPORTIEM TEXU darba bremzes r\u016bp\u0113jas par piedzi\u0146as sist\u0113mu, jo uz v\u0101rpstas nav radi\u0101l\u0101s slodzes &nbsp;\" \/>\n<meta property=\"og:url\" content=\"https:\/\/myindustrial.eu\/lv\/shop\/slp-kravu-limenosanas-sistema\/preimushhestva\/\" \/>\n<meta property=\"og:site_name\" content=\"My industrial\" \/>\n<meta property=\"article:modified_time\" content=\"2023-10-18T15:34:29+00:00\" \/>\n<meta property=\"og:image\" content=\"https:\/\/myindustrial.eu\/wp-content\/uploads\/2022\/01\/adv-2.webp\" \/>\n\t<meta property=\"og:image:width\" content=\"470\" \/>\n\t<meta property=\"og:image:height\" content=\"350\" \/>\n\t<meta property=\"og:image:type\" content=\"image\/webp\" \/>\n<meta name=\"twitter:card\" content=\"summary_large_image\" \/>\n<script type=\"application\/ld+json\" class=\"yoast-schema-graph\">{\"@context\":\"https:\/\/schema.org\",\"@graph\":[{\"@type\":\"WebPage\",\"@id\":\"https:\/\/myindustrial.eu\/lv\/shop\/slp-kravu-limenosanas-sistema\/preimushhestva\/\",\"url\":\"https:\/\/myindustrial.eu\/lv\/shop\/slp-kravu-limenosanas-sistema\/preimushhestva\/\",\"name\":\"Priek\u0161roc\u012bbas - My industrial\",\"isPartOf\":{\"@id\":\"https:\/\/myindustrial.eu\/lv\/#website\"},\"primaryImageOfPage\":{\"@id\":\"https:\/\/myindustrial.eu\/lv\/shop\/slp-kravu-limenosanas-sistema\/preimushhestva\/#primaryimage\"},\"image\":{\"@id\":\"https:\/\/myindustrial.eu\/lv\/shop\/slp-kravu-limenosanas-sistema\/preimushhestva\/#primaryimage\"},\"thumbnailUrl\":\"https:\/\/myindustrial.eu\/wp-content\/uploads\/2022\/01\/adv-2.webp\",\"datePublished\":\"2022-01-14T01:58:00+00:00\",\"dateModified\":\"2023-10-18T15:34:29+00:00\",\"breadcrumb\":{\"@id\":\"https:\/\/myindustrial.eu\/lv\/shop\/slp-kravu-limenosanas-sistema\/preimushhestva\/#breadcrumb\"},\"inLanguage\":\"lv-LV\",\"potentialAction\":[{\"@type\":\"ReadAction\",\"target\":[\"https:\/\/myindustrial.eu\/lv\/shop\/slp-kravu-limenosanas-sistema\/preimushhestva\/\"]}]},{\"@type\":\"ImageObject\",\"inLanguage\":\"lv-LV\",\"@id\":\"https:\/\/myindustrial.eu\/lv\/shop\/slp-kravu-limenosanas-sistema\/preimushhestva\/#primaryimage\",\"url\":\"https:\/\/myindustrial.eu\/wp-content\/uploads\/2022\/01\/adv-2.webp\",\"contentUrl\":\"https:\/\/myindustrial.eu\/wp-content\/uploads\/2022\/01\/adv-2.webp\",\"width\":470,\"height\":350},{\"@type\":\"BreadcrumbList\",\"@id\":\"https:\/\/myindustrial.eu\/lv\/shop\/slp-kravu-limenosanas-sistema\/preimushhestva\/#breadcrumb\",\"itemListElement\":[{\"@type\":\"ListItem\",\"position\":1,\"name\":\"Home\",\"item\":\"https:\/\/myindustrial.eu\/lv\/\"},{\"@type\":\"ListItem\",\"position\":2,\"name\":\"Products\",\"item\":\"https:\/\/myindustrial.eu\/lv\/products\/\"},{\"@type\":\"ListItem\",\"position\":3,\"name\":\"Priek\u0161roc\u012bbas\"}]},{\"@type\":\"WebSite\",\"@id\":\"https:\/\/myindustrial.eu\/lv\/#website\",\"url\":\"https:\/\/myindustrial.eu\/lv\/\",\"name\":\"My industrial\",\"description\":\"\",\"potentialAction\":[{\"@type\":\"SearchAction\",\"target\":{\"@type\":\"EntryPoint\",\"urlTemplate\":\"https:\/\/myindustrial.eu\/lv\/?s={search_term_string}\"},\"query-input\":{\"@type\":\"PropertyValueSpecification\",\"valueRequired\":true,\"valueName\":\"search_term_string\"}}],\"inLanguage\":\"lv-LV\"}]}<\/script>\n<!-- \/ Yoast SEO plugin. -->","yoast_head_json":{"title":"Priek\u0161roc\u012bbas - My industrial","robots":{"index":"index","follow":"follow","max-snippet":"max-snippet:-1","max-image-preview":"max-image-preview:large","max-video-preview":"max-video-preview:-1"},"canonical":"https:\/\/myindustrial.eu\/lv\/shop\/slp-kravu-limenosanas-sistema\/preimushhestva\/","og_locale":"lv_LV","og_type":"article","og_title":"Priek\u0161roc\u012bbas - My industrial","og_description":"\ufeff UNIK\u0100L\u0100S BREMZES AR DUBULTAJIEM SUPORTIEM TEXU darba bremzes r\u016bp\u0113jas par piedzi\u0146as sist\u0113mu, jo uz v\u0101rpstas nav radi\u0101l\u0101s slodzes &nbsp;","og_url":"https:\/\/myindustrial.eu\/lv\/shop\/slp-kravu-limenosanas-sistema\/preimushhestva\/","og_site_name":"My industrial","article_modified_time":"2023-10-18T15:34:29+00:00","og_image":[{"width":470,"height":350,"url":"https:\/\/myindustrial.eu\/wp-content\/uploads\/2022\/01\/adv-2.webp","type":"image\/webp"}],"twitter_card":"summary_large_image","schema":{"@context":"https:\/\/schema.org","@graph":[{"@type":"WebPage","@id":"https:\/\/myindustrial.eu\/lv\/shop\/slp-kravu-limenosanas-sistema\/preimushhestva\/","url":"https:\/\/myindustrial.eu\/lv\/shop\/slp-kravu-limenosanas-sistema\/preimushhestva\/","name":"Priek\u0161roc\u012bbas - My industrial","isPartOf":{"@id":"https:\/\/myindustrial.eu\/lv\/#website"},"primaryImageOfPage":{"@id":"https:\/\/myindustrial.eu\/lv\/shop\/slp-kravu-limenosanas-sistema\/preimushhestva\/#primaryimage"},"image":{"@id":"https:\/\/myindustrial.eu\/lv\/shop\/slp-kravu-limenosanas-sistema\/preimushhestva\/#primaryimage"},"thumbnailUrl":"https:\/\/myindustrial.eu\/wp-content\/uploads\/2022\/01\/adv-2.webp","datePublished":"2022-01-14T01:58:00+00:00","dateModified":"2023-10-18T15:34:29+00:00","breadcrumb":{"@id":"https:\/\/myindustrial.eu\/lv\/shop\/slp-kravu-limenosanas-sistema\/preimushhestva\/#breadcrumb"},"inLanguage":"lv-LV","potentialAction":[{"@type":"ReadAction","target":["https:\/\/myindustrial.eu\/lv\/shop\/slp-kravu-limenosanas-sistema\/preimushhestva\/"]}]},{"@type":"ImageObject","inLanguage":"lv-LV","@id":"https:\/\/myindustrial.eu\/lv\/shop\/slp-kravu-limenosanas-sistema\/preimushhestva\/#primaryimage","url":"https:\/\/myindustrial.eu\/wp-content\/uploads\/2022\/01\/adv-2.webp","contentUrl":"https:\/\/myindustrial.eu\/wp-content\/uploads\/2022\/01\/adv-2.webp","width":470,"height":350},{"@type":"BreadcrumbList","@id":"https:\/\/myindustrial.eu\/lv\/shop\/slp-kravu-limenosanas-sistema\/preimushhestva\/#breadcrumb","itemListElement":[{"@type":"ListItem","position":1,"name":"Home","item":"https:\/\/myindustrial.eu\/lv\/"},{"@type":"ListItem","position":2,"name":"Products","item":"https:\/\/myindustrial.eu\/lv\/products\/"},{"@type":"ListItem","position":3,"name":"Priek\u0161roc\u012bbas"}]},{"@type":"WebSite","@id":"https:\/\/myindustrial.eu\/lv\/#website","url":"https:\/\/myindustrial.eu\/lv\/","name":"My industrial","description":"","potentialAction":[{"@type":"SearchAction","target":{"@type":"EntryPoint","urlTemplate":"https:\/\/myindustrial.eu\/lv\/?s={search_term_string}"},"query-input":{"@type":"PropertyValueSpecification","valueRequired":true,"valueName":"search_term_string"}}],"inLanguage":"lv-LV"}]}},"_links":{"self":[{"href":"https:\/\/myindustrial.eu\/lv\/wp-json\/wp\/v2\/product\/1260059128","targetHints":{"allow":["GET"]}}],"collection":[{"href":"https:\/\/myindustrial.eu\/lv\/wp-json\/wp\/v2\/product"}],"about":[{"href":"https:\/\/myindustrial.eu\/lv\/wp-json\/wp\/v2\/types\/product"}],"version-history":[{"count":1,"href":"https:\/\/myindustrial.eu\/lv\/wp-json\/wp\/v2\/product\/1260059128\/revisions"}],"predecessor-version":[{"id":1260060249,"href":"https:\/\/myindustrial.eu\/lv\/wp-json\/wp\/v2\/product\/1260059128\/revisions\/1260060249"}],"wp:featuredmedia":[{"embeddable":true,"href":"https:\/\/myindustrial.eu\/lv\/wp-json\/wp\/v2\/media\/1260058659"}],"wp:attachment":[{"href":"https:\/\/myindustrial.eu\/lv\/wp-json\/wp\/v2\/media?parent=1260059128"}],"wp:term":[{"taxonomy":"product_brand","embeddable":true,"href":"https:\/\/myindustrial.eu\/lv\/wp-json\/wp\/v2\/product_brand?post=1260059128"},{"taxonomy":"product_cat","embeddable":true,"href":"https:\/\/myindustrial.eu\/lv\/wp-json\/wp\/v2\/product_cat?post=1260059128"},{"taxonomy":"product_tag","embeddable":true,"href":"https:\/\/myindustrial.eu\/lv\/wp-json\/wp\/v2\/product_tag?post=1260059128"}],"curies":[{"name":"wp","href":"https:\/\/api.w.org\/{rel}","templated":true}]}}