{"id":1260059142,"date":"2022-01-14T01:58:08","date_gmt":"2022-01-14T01:58:08","guid":{"rendered":"https:\/\/myindustrial.eu\/shop-2\/uncategorized\/fsb-75-fc\/"},"modified":"2023-06-16T20:09:30","modified_gmt":"2023-06-16T20:09:30","slug":"fsb-75-fc","status":"publish","type":"product","link":"https:\/\/myindustrial.eu\/lv\/shop\/drosas-rotora-bremzes\/fsb-75-fc\/","title":{"rendered":"FSB 75 FC"},"content":{"rendered":"<p><strong>DRO\u0160AS ROTORA BREMZES<\/strong>Neatteicas rotoru bremzes ir b\u016btiska v\u0113ja turb\u012bnu dro\u0161\u012bbas funkcija.Tos izmanto aizsardz\u012bbai pret \u0101truma p\u0101rsnieg\u0161anu, k\u0101 ar\u012b rotora aptur\u0113\u0161anai un notur\u0113\u0161anai, piem. apkopes nol\u016bkos.Atkar\u012bb\u0101 no piedzi\u0146as koncepcijas bremzes var uzst\u0101d\u012bt zema \u0101truma rotora viet\u0101, piem. bezp\u0101rvadu piedzi\u0146\u0101s vai \u0101trgaitas pus\u0113 pie p\u0101rnesumk\u0101rbas izejas v\u0101rpstas<\/p>\n","protected":false},"excerpt":{"rendered":"<p>Neatteicas bremzes, atsperu piedzi\u0146a, hidraulisk\u0101 atlai\u0161ana, viena virzu\u013ca, peldo\u0161ais suports<\/p>\n<p><a href=\"\/wp-content\/uploads\/2021\/11\/FSB-75-FC.pdf\" target=\"_blank\" rel=\"noopener\"><img decoding=\"async\" src=\"\/wp-content\/uploads\/2023\/02\/download-button-lv.svg\" \/><\/a><\/p>\n","protected":false},"featured_media":1260058722,"template":"","meta":[],"product_brand":[],"product_cat":[1401],"product_tag":[],"class_list":{"0":"post-1260059142","1":"product","2":"type-product","3":"status-publish","4":"has-post-thumbnail","6":"product_cat-drosas-rotora-bremzes","8":"first","9":"instock","10":"product-type-simple"},"yoast_head":"<!-- This site is optimized with the Yoast SEO plugin v27.1.1 - https:\/\/yoast.com\/product\/yoast-seo-wordpress\/ -->\n<title>FSB 75 FC - My industrial<\/title>\n<meta name=\"robots\" content=\"index, follow, max-snippet:-1, max-image-preview:large, max-video-preview:-1\" \/>\n<link rel=\"canonical\" href=\"https:\/\/myindustrial.eu\/lv\/shop\/drosas-rotora-bremzes\/fsb-75-fc\/\" \/>\n<meta property=\"og:locale\" content=\"lv_LV\" \/>\n<meta property=\"og:type\" content=\"article\" \/>\n<meta property=\"og:title\" content=\"FSB 75 FC - My industrial\" \/>\n<meta property=\"og:description\" content=\"Neatteicas bremzes, atsperu piedzi\u0146a, hidraulisk\u0101 atlai\u0161ana, viena virzu\u013ca, peldo\u0161ais suports\" \/>\n<meta property=\"og:url\" content=\"https:\/\/myindustrial.eu\/lv\/shop\/drosas-rotora-bremzes\/fsb-75-fc\/\" \/>\n<meta property=\"og:site_name\" content=\"My industrial\" \/>\n<meta property=\"article:modified_time\" content=\"2023-06-16T20:09:30+00:00\" \/>\n<meta property=\"og:image\" content=\"https:\/\/myindustrial.eu\/wp-content\/uploads\/2022\/01\/SHI-75-FC.webp\" \/>\n\t<meta property=\"og:image:width\" content=\"500\" \/>\n\t<meta property=\"og:image:height\" content=\"500\" \/>\n\t<meta property=\"og:image:type\" content=\"image\/webp\" \/>\n<meta name=\"twitter:card\" content=\"summary_large_image\" \/>\n<script type=\"application\/ld+json\" class=\"yoast-schema-graph\">{\"@context\":\"https:\/\/schema.org\",\"@graph\":[{\"@type\":\"WebPage\",\"@id\":\"https:\/\/myindustrial.eu\/lv\/shop\/drosas-rotora-bremzes\/fsb-75-fc\/\",\"url\":\"https:\/\/myindustrial.eu\/lv\/shop\/drosas-rotora-bremzes\/fsb-75-fc\/\",\"name\":\"FSB 75 FC - My industrial\",\"isPartOf\":{\"@id\":\"https:\/\/myindustrial.eu\/lv\/#website\"},\"primaryImageOfPage\":{\"@id\":\"https:\/\/myindustrial.eu\/lv\/shop\/drosas-rotora-bremzes\/fsb-75-fc\/#primaryimage\"},\"image\":{\"@id\":\"https:\/\/myindustrial.eu\/lv\/shop\/drosas-rotora-bremzes\/fsb-75-fc\/#primaryimage\"},\"thumbnailUrl\":\"https:\/\/myindustrial.eu\/wp-content\/uploads\/2022\/01\/SHI-75-FC.webp\",\"datePublished\":\"2022-01-14T01:58:08+00:00\",\"dateModified\":\"2023-06-16T20:09:30+00:00\",\"breadcrumb\":{\"@id\":\"https:\/\/myindustrial.eu\/lv\/shop\/drosas-rotora-bremzes\/fsb-75-fc\/#breadcrumb\"},\"inLanguage\":\"lv-LV\",\"potentialAction\":[{\"@type\":\"ReadAction\",\"target\":[\"https:\/\/myindustrial.eu\/lv\/shop\/drosas-rotora-bremzes\/fsb-75-fc\/\"]}]},{\"@type\":\"ImageObject\",\"inLanguage\":\"lv-LV\",\"@id\":\"https:\/\/myindustrial.eu\/lv\/shop\/drosas-rotora-bremzes\/fsb-75-fc\/#primaryimage\",\"url\":\"https:\/\/myindustrial.eu\/wp-content\/uploads\/2022\/01\/SHI-75-FC.webp\",\"contentUrl\":\"https:\/\/myindustrial.eu\/wp-content\/uploads\/2022\/01\/SHI-75-FC.webp\",\"width\":500,\"height\":500},{\"@type\":\"BreadcrumbList\",\"@id\":\"https:\/\/myindustrial.eu\/lv\/shop\/drosas-rotora-bremzes\/fsb-75-fc\/#breadcrumb\",\"itemListElement\":[{\"@type\":\"ListItem\",\"position\":1,\"name\":\"Home\",\"item\":\"https:\/\/myindustrial.eu\/lv\/\"},{\"@type\":\"ListItem\",\"position\":2,\"name\":\"Products\",\"item\":\"https:\/\/myindustrial.eu\/lv\/products\/\"},{\"@type\":\"ListItem\",\"position\":3,\"name\":\"FSB 75 FC\"}]},{\"@type\":\"WebSite\",\"@id\":\"https:\/\/myindustrial.eu\/lv\/#website\",\"url\":\"https:\/\/myindustrial.eu\/lv\/\",\"name\":\"My industrial\",\"description\":\"\",\"potentialAction\":[{\"@type\":\"SearchAction\",\"target\":{\"@type\":\"EntryPoint\",\"urlTemplate\":\"https:\/\/myindustrial.eu\/lv\/?s={search_term_string}\"},\"query-input\":{\"@type\":\"PropertyValueSpecification\",\"valueRequired\":true,\"valueName\":\"search_term_string\"}}],\"inLanguage\":\"lv-LV\"}]}<\/script>\n<!-- \/ Yoast SEO plugin. -->","yoast_head_json":{"title":"FSB 75 FC - My industrial","robots":{"index":"index","follow":"follow","max-snippet":"max-snippet:-1","max-image-preview":"max-image-preview:large","max-video-preview":"max-video-preview:-1"},"canonical":"https:\/\/myindustrial.eu\/lv\/shop\/drosas-rotora-bremzes\/fsb-75-fc\/","og_locale":"lv_LV","og_type":"article","og_title":"FSB 75 FC - My industrial","og_description":"Neatteicas bremzes, atsperu piedzi\u0146a, hidraulisk\u0101 atlai\u0161ana, viena virzu\u013ca, peldo\u0161ais suports","og_url":"https:\/\/myindustrial.eu\/lv\/shop\/drosas-rotora-bremzes\/fsb-75-fc\/","og_site_name":"My industrial","article_modified_time":"2023-06-16T20:09:30+00:00","og_image":[{"width":500,"height":500,"url":"https:\/\/myindustrial.eu\/wp-content\/uploads\/2022\/01\/SHI-75-FC.webp","type":"image\/webp"}],"twitter_card":"summary_large_image","schema":{"@context":"https:\/\/schema.org","@graph":[{"@type":"WebPage","@id":"https:\/\/myindustrial.eu\/lv\/shop\/drosas-rotora-bremzes\/fsb-75-fc\/","url":"https:\/\/myindustrial.eu\/lv\/shop\/drosas-rotora-bremzes\/fsb-75-fc\/","name":"FSB 75 FC - My industrial","isPartOf":{"@id":"https:\/\/myindustrial.eu\/lv\/#website"},"primaryImageOfPage":{"@id":"https:\/\/myindustrial.eu\/lv\/shop\/drosas-rotora-bremzes\/fsb-75-fc\/#primaryimage"},"image":{"@id":"https:\/\/myindustrial.eu\/lv\/shop\/drosas-rotora-bremzes\/fsb-75-fc\/#primaryimage"},"thumbnailUrl":"https:\/\/myindustrial.eu\/wp-content\/uploads\/2022\/01\/SHI-75-FC.webp","datePublished":"2022-01-14T01:58:08+00:00","dateModified":"2023-06-16T20:09:30+00:00","breadcrumb":{"@id":"https:\/\/myindustrial.eu\/lv\/shop\/drosas-rotora-bremzes\/fsb-75-fc\/#breadcrumb"},"inLanguage":"lv-LV","potentialAction":[{"@type":"ReadAction","target":["https:\/\/myindustrial.eu\/lv\/shop\/drosas-rotora-bremzes\/fsb-75-fc\/"]}]},{"@type":"ImageObject","inLanguage":"lv-LV","@id":"https:\/\/myindustrial.eu\/lv\/shop\/drosas-rotora-bremzes\/fsb-75-fc\/#primaryimage","url":"https:\/\/myindustrial.eu\/wp-content\/uploads\/2022\/01\/SHI-75-FC.webp","contentUrl":"https:\/\/myindustrial.eu\/wp-content\/uploads\/2022\/01\/SHI-75-FC.webp","width":500,"height":500},{"@type":"BreadcrumbList","@id":"https:\/\/myindustrial.eu\/lv\/shop\/drosas-rotora-bremzes\/fsb-75-fc\/#breadcrumb","itemListElement":[{"@type":"ListItem","position":1,"name":"Home","item":"https:\/\/myindustrial.eu\/lv\/"},{"@type":"ListItem","position":2,"name":"Products","item":"https:\/\/myindustrial.eu\/lv\/products\/"},{"@type":"ListItem","position":3,"name":"FSB 75 FC"}]},{"@type":"WebSite","@id":"https:\/\/myindustrial.eu\/lv\/#website","url":"https:\/\/myindustrial.eu\/lv\/","name":"My industrial","description":"","potentialAction":[{"@type":"SearchAction","target":{"@type":"EntryPoint","urlTemplate":"https:\/\/myindustrial.eu\/lv\/?s={search_term_string}"},"query-input":{"@type":"PropertyValueSpecification","valueRequired":true,"valueName":"search_term_string"}}],"inLanguage":"lv-LV"}]}},"_links":{"self":[{"href":"https:\/\/myindustrial.eu\/lv\/wp-json\/wp\/v2\/product\/1260059142","targetHints":{"allow":["GET"]}}],"collection":[{"href":"https:\/\/myindustrial.eu\/lv\/wp-json\/wp\/v2\/product"}],"about":[{"href":"https:\/\/myindustrial.eu\/lv\/wp-json\/wp\/v2\/types\/product"}],"version-history":[{"count":1,"href":"https:\/\/myindustrial.eu\/lv\/wp-json\/wp\/v2\/product\/1260059142\/revisions"}],"predecessor-version":[{"id":1260060223,"href":"https:\/\/myindustrial.eu\/lv\/wp-json\/wp\/v2\/product\/1260059142\/revisions\/1260060223"}],"wp:featuredmedia":[{"embeddable":true,"href":"https:\/\/myindustrial.eu\/lv\/wp-json\/wp\/v2\/media\/1260058722"}],"wp:attachment":[{"href":"https:\/\/myindustrial.eu\/lv\/wp-json\/wp\/v2\/media?parent=1260059142"}],"wp:term":[{"taxonomy":"product_brand","embeddable":true,"href":"https:\/\/myindustrial.eu\/lv\/wp-json\/wp\/v2\/product_brand?post=1260059142"},{"taxonomy":"product_cat","embeddable":true,"href":"https:\/\/myindustrial.eu\/lv\/wp-json\/wp\/v2\/product_cat?post=1260059142"},{"taxonomy":"product_tag","embeddable":true,"href":"https:\/\/myindustrial.eu\/lv\/wp-json\/wp\/v2\/product_tag?post=1260059142"}],"curies":[{"name":"wp","href":"https:\/\/api.w.org\/{rel}","templated":true}]}}