{"id":1260060818,"date":"2022-05-16T21:14:37","date_gmt":"2022-05-16T21:14:37","guid":{"rendered":"https:\/\/myindustrial.eu\/shop\/uncategorized\/special-product\/"},"modified":"2023-06-16T20:09:07","modified_gmt":"2023-06-16T20:09:07","slug":"special-product","status":"publish","type":"product","link":"https:\/\/myindustrial.eu\/lv\/shop\/potenciometri-un-sensori\/specials-produkts\/special-product\/","title":{"rendered":"Altmann druk\u0101tie elementi"},"content":{"rendered":"<p><iframe width=\"560\" height=\"315\" src=\"https:\/\/youtube.com\/shorts\/NaJHxPlv8fA?feature=share\" frameborder=\"0\" allow=\"accelerometer; autoplay; clipboard-write; encrypted-media; gyroscope; picture-in-picture; web-share\" allowfullscreen><\/iframe><\/p>\n","protected":false},"excerpt":{"rendered":"<p>Kop\u0161 Altmann dibin\u0101\u0161anas 1963. gad\u0101 m\u0113s esam biju\u0161i iesaist\u012bti potenciometru un sensoru izstr\u0101d\u0113, projekt\u0113\u0161an\u0101 un ra\u017eo\u0161an\u0101, kurus izmanto att\u0101luma, le\u0146\u0137a un poz\u012bcijas noteik\u0161anai r\u016bpniecisk\u0101m vajadz\u012bb\u0101m.<br \/>\nLiel\u0101k\u0101 da\u013ca m\u016bsu produktos izmantoto komponentu ir tradicion\u0101li izstr\u0101d\u0101ti un ra\u017eoti pa\u0161u sp\u0113kiem. \u0160\u012b izteikt\u0101 vertik\u0101l\u0101 integr\u0101cija \u013cauj mums b\u016bt p\u0113c iesp\u0113jas elast\u012bg\u0101kiem.<br \/>\nPapildus stiep\u013cu uzt\u012b\u0161anas tehnolo\u0123ijai, galvenok\u0101rt \u0161\u012b ir biez\u0101s pl\u0113ves drukas tehnolo\u0123ija.<br \/>\nM\u016bsu pa\u0161u komponentu (pastas) laboratorija nodarbojas ar polim\u0113ru tehnolo\u0123isko pastu izstr\u0101di un ra\u017eo\u0161anu, kuras var individu\u0101li piel\u0101got j\u016bsu vajadz\u012bb\u0101m. Pretest\u012bbas izliekuma elementi tiek druk\u0101ti uz nes\u0113ja materi\u0101la (piem\u0113ram, FR4), izmantojot sietspiedes procesu m\u016bsu sist\u0113m\u0101s.<\/p>\n","protected":false},"featured_media":1260061816,"template":"","meta":[],"product_brand":[],"product_cat":[1286,1456],"product_tag":[],"class_list":{"0":"post-1260060818","1":"product","2":"type-product","3":"status-publish","4":"has-post-thumbnail","6":"product_cat-potenciometri-un-sensori","7":"product_cat-specials-produkts","9":"first","10":"instock","11":"shipping-taxable","12":"product-type-simple"},"yoast_head":"<!-- This site is optimized with the Yoast SEO plugin v27.1.1 - https:\/\/yoast.com\/product\/yoast-seo-wordpress\/ -->\n<title>Altmann druk\u0101tie elementi - My industrial<\/title>\n<meta name=\"robots\" content=\"index, follow, max-snippet:-1, max-image-preview:large, max-video-preview:-1\" \/>\n<link rel=\"canonical\" href=\"https:\/\/myindustrial.eu\/lv\/shop\/potenciometri-un-sensori\/specials-produkts\/special-product\/\" \/>\n<meta property=\"og:locale\" content=\"lv_LV\" \/>\n<meta property=\"og:type\" content=\"article\" \/>\n<meta property=\"og:title\" content=\"Altmann druk\u0101tie elementi - My industrial\" \/>\n<meta property=\"og:description\" content=\"Kop\u0161 Altmann dibin\u0101\u0161anas 1963. gad\u0101 m\u0113s esam biju\u0161i iesaist\u012bti potenciometru un sensoru izstr\u0101d\u0113, projekt\u0113\u0161an\u0101 un ra\u017eo\u0161an\u0101, kurus izmanto att\u0101luma, le\u0146\u0137a un poz\u012bcijas noteik\u0161anai r\u016bpniecisk\u0101m vajadz\u012bb\u0101m. Liel\u0101k\u0101 da\u013ca m\u016bsu produktos izmantoto komponentu ir tradicion\u0101li izstr\u0101d\u0101ti un ra\u017eoti pa\u0161u sp\u0113kiem. \u0160\u012b izteikt\u0101 vertik\u0101l\u0101 integr\u0101cija \u013cauj mums b\u016bt p\u0113c iesp\u0113jas elast\u012bg\u0101kiem. Papildus stiep\u013cu uzt\u012b\u0161anas tehnolo\u0123ijai, galvenok\u0101rt \u0161\u012b ir biez\u0101s pl\u0113ves drukas tehnolo\u0123ija. M\u016bsu pa\u0161u komponentu (pastas) laboratorija nodarbojas ar polim\u0113ru tehnolo\u0123isko pastu izstr\u0101di un ra\u017eo\u0161anu, kuras var individu\u0101li piel\u0101got j\u016bsu vajadz\u012bb\u0101m. Pretest\u012bbas izliekuma elementi tiek druk\u0101ti uz nes\u0113ja materi\u0101la (piem\u0113ram, FR4), izmantojot sietspiedes procesu m\u016bsu sist\u0113m\u0101s.\" \/>\n<meta property=\"og:url\" content=\"https:\/\/myindustrial.eu\/lv\/shop\/potenciometri-un-sensori\/specials-produkts\/special-product\/\" \/>\n<meta property=\"og:site_name\" content=\"My industrial\" \/>\n<meta property=\"article:modified_time\" content=\"2023-06-16T20:09:07+00:00\" \/>\n<meta property=\"og:image\" content=\"https:\/\/myindustrial.eu\/wp-content\/uploads\/2022\/05\/biegebalken_neu_1-500x500.jpg\" \/>\n\t<meta property=\"og:image:width\" content=\"500\" \/>\n\t<meta property=\"og:image:height\" content=\"500\" \/>\n\t<meta property=\"og:image:type\" content=\"image\/jpeg\" \/>\n<meta name=\"twitter:card\" content=\"summary_large_image\" \/>\n<script type=\"application\/ld+json\" class=\"yoast-schema-graph\">{\"@context\":\"https:\/\/schema.org\",\"@graph\":[{\"@type\":\"WebPage\",\"@id\":\"https:\/\/myindustrial.eu\/lv\/shop\/potenciometri-un-sensori\/specials-produkts\/special-product\/\",\"url\":\"https:\/\/myindustrial.eu\/lv\/shop\/potenciometri-un-sensori\/specials-produkts\/special-product\/\",\"name\":\"Altmann druk\u0101tie elementi - My industrial\",\"isPartOf\":{\"@id\":\"https:\/\/myindustrial.eu\/lv\/#website\"},\"primaryImageOfPage\":{\"@id\":\"https:\/\/myindustrial.eu\/lv\/shop\/potenciometri-un-sensori\/specials-produkts\/special-product\/#primaryimage\"},\"image\":{\"@id\":\"https:\/\/myindustrial.eu\/lv\/shop\/potenciometri-un-sensori\/specials-produkts\/special-product\/#primaryimage\"},\"thumbnailUrl\":\"https:\/\/myindustrial.eu\/wp-content\/uploads\/2022\/05\/biegebalken_neu_1-500x500.jpg\",\"datePublished\":\"2022-05-16T21:14:37+00:00\",\"dateModified\":\"2023-06-16T20:09:07+00:00\",\"breadcrumb\":{\"@id\":\"https:\/\/myindustrial.eu\/lv\/shop\/potenciometri-un-sensori\/specials-produkts\/special-product\/#breadcrumb\"},\"inLanguage\":\"lv-LV\",\"potentialAction\":[{\"@type\":\"ReadAction\",\"target\":[\"https:\/\/myindustrial.eu\/lv\/shop\/potenciometri-un-sensori\/specials-produkts\/special-product\/\"]}]},{\"@type\":\"ImageObject\",\"inLanguage\":\"lv-LV\",\"@id\":\"https:\/\/myindustrial.eu\/lv\/shop\/potenciometri-un-sensori\/specials-produkts\/special-product\/#primaryimage\",\"url\":\"https:\/\/myindustrial.eu\/wp-content\/uploads\/2022\/05\/biegebalken_neu_1-500x500.jpg\",\"contentUrl\":\"https:\/\/myindustrial.eu\/wp-content\/uploads\/2022\/05\/biegebalken_neu_1-500x500.jpg\",\"width\":500,\"height\":500},{\"@type\":\"BreadcrumbList\",\"@id\":\"https:\/\/myindustrial.eu\/lv\/shop\/potenciometri-un-sensori\/specials-produkts\/special-product\/#breadcrumb\",\"itemListElement\":[{\"@type\":\"ListItem\",\"position\":1,\"name\":\"Home\",\"item\":\"https:\/\/myindustrial.eu\/lv\/\"},{\"@type\":\"ListItem\",\"position\":2,\"name\":\"Products\",\"item\":\"https:\/\/myindustrial.eu\/lv\/products\/\"},{\"@type\":\"ListItem\",\"position\":3,\"name\":\"Altmann druk\u0101tie elementi\"}]},{\"@type\":\"WebSite\",\"@id\":\"https:\/\/myindustrial.eu\/lv\/#website\",\"url\":\"https:\/\/myindustrial.eu\/lv\/\",\"name\":\"My industrial\",\"description\":\"\",\"potentialAction\":[{\"@type\":\"SearchAction\",\"target\":{\"@type\":\"EntryPoint\",\"urlTemplate\":\"https:\/\/myindustrial.eu\/lv\/?s={search_term_string}\"},\"query-input\":{\"@type\":\"PropertyValueSpecification\",\"valueRequired\":true,\"valueName\":\"search_term_string\"}}],\"inLanguage\":\"lv-LV\"}]}<\/script>\n<!-- \/ Yoast SEO plugin. -->","yoast_head_json":{"title":"Altmann druk\u0101tie elementi - My industrial","robots":{"index":"index","follow":"follow","max-snippet":"max-snippet:-1","max-image-preview":"max-image-preview:large","max-video-preview":"max-video-preview:-1"},"canonical":"https:\/\/myindustrial.eu\/lv\/shop\/potenciometri-un-sensori\/specials-produkts\/special-product\/","og_locale":"lv_LV","og_type":"article","og_title":"Altmann druk\u0101tie elementi - My industrial","og_description":"Kop\u0161 Altmann dibin\u0101\u0161anas 1963. gad\u0101 m\u0113s esam biju\u0161i iesaist\u012bti potenciometru un sensoru izstr\u0101d\u0113, projekt\u0113\u0161an\u0101 un ra\u017eo\u0161an\u0101, kurus izmanto att\u0101luma, le\u0146\u0137a un poz\u012bcijas noteik\u0161anai r\u016bpniecisk\u0101m vajadz\u012bb\u0101m. Liel\u0101k\u0101 da\u013ca m\u016bsu produktos izmantoto komponentu ir tradicion\u0101li izstr\u0101d\u0101ti un ra\u017eoti pa\u0161u sp\u0113kiem. \u0160\u012b izteikt\u0101 vertik\u0101l\u0101 integr\u0101cija \u013cauj mums b\u016bt p\u0113c iesp\u0113jas elast\u012bg\u0101kiem. Papildus stiep\u013cu uzt\u012b\u0161anas tehnolo\u0123ijai, galvenok\u0101rt \u0161\u012b ir biez\u0101s pl\u0113ves drukas tehnolo\u0123ija. M\u016bsu pa\u0161u komponentu (pastas) laboratorija nodarbojas ar polim\u0113ru tehnolo\u0123isko pastu izstr\u0101di un ra\u017eo\u0161anu, kuras var individu\u0101li piel\u0101got j\u016bsu vajadz\u012bb\u0101m. Pretest\u012bbas izliekuma elementi tiek druk\u0101ti uz nes\u0113ja materi\u0101la (piem\u0113ram, FR4), izmantojot sietspiedes procesu m\u016bsu sist\u0113m\u0101s.","og_url":"https:\/\/myindustrial.eu\/lv\/shop\/potenciometri-un-sensori\/specials-produkts\/special-product\/","og_site_name":"My industrial","article_modified_time":"2023-06-16T20:09:07+00:00","og_image":[{"width":500,"height":500,"url":"https:\/\/myindustrial.eu\/wp-content\/uploads\/2022\/05\/biegebalken_neu_1-500x500.jpg","type":"image\/jpeg"}],"twitter_card":"summary_large_image","schema":{"@context":"https:\/\/schema.org","@graph":[{"@type":"WebPage","@id":"https:\/\/myindustrial.eu\/lv\/shop\/potenciometri-un-sensori\/specials-produkts\/special-product\/","url":"https:\/\/myindustrial.eu\/lv\/shop\/potenciometri-un-sensori\/specials-produkts\/special-product\/","name":"Altmann druk\u0101tie elementi - My industrial","isPartOf":{"@id":"https:\/\/myindustrial.eu\/lv\/#website"},"primaryImageOfPage":{"@id":"https:\/\/myindustrial.eu\/lv\/shop\/potenciometri-un-sensori\/specials-produkts\/special-product\/#primaryimage"},"image":{"@id":"https:\/\/myindustrial.eu\/lv\/shop\/potenciometri-un-sensori\/specials-produkts\/special-product\/#primaryimage"},"thumbnailUrl":"https:\/\/myindustrial.eu\/wp-content\/uploads\/2022\/05\/biegebalken_neu_1-500x500.jpg","datePublished":"2022-05-16T21:14:37+00:00","dateModified":"2023-06-16T20:09:07+00:00","breadcrumb":{"@id":"https:\/\/myindustrial.eu\/lv\/shop\/potenciometri-un-sensori\/specials-produkts\/special-product\/#breadcrumb"},"inLanguage":"lv-LV","potentialAction":[{"@type":"ReadAction","target":["https:\/\/myindustrial.eu\/lv\/shop\/potenciometri-un-sensori\/specials-produkts\/special-product\/"]}]},{"@type":"ImageObject","inLanguage":"lv-LV","@id":"https:\/\/myindustrial.eu\/lv\/shop\/potenciometri-un-sensori\/specials-produkts\/special-product\/#primaryimage","url":"https:\/\/myindustrial.eu\/wp-content\/uploads\/2022\/05\/biegebalken_neu_1-500x500.jpg","contentUrl":"https:\/\/myindustrial.eu\/wp-content\/uploads\/2022\/05\/biegebalken_neu_1-500x500.jpg","width":500,"height":500},{"@type":"BreadcrumbList","@id":"https:\/\/myindustrial.eu\/lv\/shop\/potenciometri-un-sensori\/specials-produkts\/special-product\/#breadcrumb","itemListElement":[{"@type":"ListItem","position":1,"name":"Home","item":"https:\/\/myindustrial.eu\/lv\/"},{"@type":"ListItem","position":2,"name":"Products","item":"https:\/\/myindustrial.eu\/lv\/products\/"},{"@type":"ListItem","position":3,"name":"Altmann druk\u0101tie elementi"}]},{"@type":"WebSite","@id":"https:\/\/myindustrial.eu\/lv\/#website","url":"https:\/\/myindustrial.eu\/lv\/","name":"My industrial","description":"","potentialAction":[{"@type":"SearchAction","target":{"@type":"EntryPoint","urlTemplate":"https:\/\/myindustrial.eu\/lv\/?s={search_term_string}"},"query-input":{"@type":"PropertyValueSpecification","valueRequired":true,"valueName":"search_term_string"}}],"inLanguage":"lv-LV"}]}},"_links":{"self":[{"href":"https:\/\/myindustrial.eu\/lv\/wp-json\/wp\/v2\/product\/1260060818","targetHints":{"allow":["GET"]}}],"collection":[{"href":"https:\/\/myindustrial.eu\/lv\/wp-json\/wp\/v2\/product"}],"about":[{"href":"https:\/\/myindustrial.eu\/lv\/wp-json\/wp\/v2\/types\/product"}],"version-history":[{"count":1,"href":"https:\/\/myindustrial.eu\/lv\/wp-json\/wp\/v2\/product\/1260060818\/revisions"}],"predecessor-version":[{"id":1260061533,"href":"https:\/\/myindustrial.eu\/lv\/wp-json\/wp\/v2\/product\/1260060818\/revisions\/1260061533"}],"wp:featuredmedia":[{"embeddable":true,"href":"https:\/\/myindustrial.eu\/lv\/wp-json\/wp\/v2\/media\/1260061816"}],"wp:attachment":[{"href":"https:\/\/myindustrial.eu\/lv\/wp-json\/wp\/v2\/media?parent=1260060818"}],"wp:term":[{"taxonomy":"product_brand","embeddable":true,"href":"https:\/\/myindustrial.eu\/lv\/wp-json\/wp\/v2\/product_brand?post=1260060818"},{"taxonomy":"product_cat","embeddable":true,"href":"https:\/\/myindustrial.eu\/lv\/wp-json\/wp\/v2\/product_cat?post=1260060818"},{"taxonomy":"product_tag","embeddable":true,"href":"https:\/\/myindustrial.eu\/lv\/wp-json\/wp\/v2\/product_tag?post=1260060818"}],"curies":[{"name":"wp","href":"https:\/\/api.w.org\/{rel}","templated":true}]}}