{"id":1260062090,"date":"2022-12-12T14:39:49","date_gmt":"2022-12-12T14:39:49","guid":{"rendered":"https:\/\/myindustrial.eu\/?post_type=product&#038;p=1260062090"},"modified":"2023-06-16T20:08:34","modified_gmt":"2023-06-16T20:08:34","slug":"emg-esse-copy","status":"publish","type":"product","link":"https:\/\/myindustrial.eu\/lv\/shop\/elektrohidraulisko-piedzinu-risinajumi\/emg-esse-lv\/emg-esse-copy\/","title":{"rendered":"Inteli\u0123enta notek\u016bde\u0146u att\u012br\u012b\u0161anas iek\u0101rtu automatiz\u0101cijas tehnolo\u0123ija"},"content":{"rendered":"<p><iframe width=\"560\" height=\"315\" src=\"https:\/\/youtube.com\/shorts\/mz4ZFoZ4EBk?feature=share\" frameborder=\"0\" allow=\"accelerometer; autoplay; clipboard-write; encrypted-media; gyroscope; picture-in-picture; web-share\" allowfullscreen><\/iframe><\/p>\n","protected":false},"excerpt":{"rendered":"<p>EMG ESSE \u2013 \u0101tr\u0101s rea\u0123\u0113\u0161anas izpildmeh\u0101nisms<br \/>\nInteli\u0123enta autom\u0101tisk\u0101 tehnolo\u0123ija j\u016bsu notek\u016bde\u0146u att\u012br\u012b\u0161anas iek\u0101rtai<\/p>\n<p>Vai mekl\u0113jat autom\u0101tisku risin\u0101jumu dren\u0101\u017eas procesiem, piem. pie prim\u0101r\u0101 att\u012br\u012bt\u0101ja?<br \/>\n\u0100tr\u0101s rea\u0123\u0113\u0161anas izpildmeh\u0101nisms EMG ESSE ir \u012bstais risin\u0101jums!<br \/>\nESSE izpildmeh\u0101nisms atver un aizver izpl\u016bdes v\u0101rstus pie nogul\u0161\u0146u d\u016b\u0146u un peldo\u0161o d\u016b\u0146u izvad\u012b\u0161anas \u2013 100% elektriski, nav nepiecie\u0161ama pneimatika vai hidraulika.<\/p>\n<p>Pastiprin\u0101tais ELHY\u00ae hidrogr\u016bd\u0113js ar palielin\u0101tu sp\u0113ku izraisa virzu\u013ca darb\u012bbu, izmantojot garu, regul\u0113jamu ner\u016bs\u0113jo\u0161\u0101 t\u0113rauda stieni. Aizv\u0113r\u0161an\u0101s notiek \u0101tri un autom\u0101tiski, pateicoties atsperei un sakabes meh\u0101nisma svaram. Pateicoties bezatteices principam, hidrogr\u016bd\u0113ja meh\u0101nisms nekav\u0113joties aizveras, ja gad\u012bjum\u0101 rodas darb\u012bbas trauc\u0113jumi. Virzu\u013ca gala sl\u0113d\u017ei nosaka gala poz\u012bcijas.<\/p>\n<p>Atsauksmes Schnaittachtal notek\u016bde\u0146u att\u012br\u012b\u0161anas iek\u0101rta<br \/>\n&#8220;ESSE agreg\u0101ti tika uzst\u0101d\u012bti 1999. gad\u0101 autom\u0101tiskai neapstr\u0101d\u0101tu d\u016b\u0146u no\u0146em\u0161anai no prim\u0101r\u0101 dzidrin\u0101t\u0101ja, kop\u0161 t\u0101 laika tie darbojas 8 ciklos dien\u0101 bez jebk\u0101diem trauc\u0113jumiem. \u0160aj\u0101 laik\u0101, iz\u0146emot da\u017eus boj\u0101tus sensorus, netika veikts remonts vai citi darbi. T\u0101p\u0113c esam \u013coti apmierin\u0101ti ar izveidoto meh\u0101nismu, un pacel\u0161anas agreg\u0101ti tagad tiek aizst\u0101ti ar jaun\u0101kiem mode\u013ciem.&#8221;<br \/>\nMr.Christian Schuhmann, Schnaittachtal notek\u016bde\u0146u att\u012br\u012b\u0161anas iek\u0101rtu vad\u012bt\u0101js, Neunkirhen am Sand.<\/p>\n<p><a href=\"\/wp-content\/uploads\/2022\/05\/emg_esse_flyer_en_rev01_10-2022.pdf\" target=\"_blank\" rel=\"noopener\"><img decoding=\"async\" src=\"\/wp-content\/uploads\/2023\/02\/download-button-lv.svg\" \/><\/a><\/p>\n","protected":false},"featured_media":1260062094,"template":"","meta":[],"product_brand":[],"product_cat":[1304,1622],"product_tag":[],"class_list":{"0":"post-1260062090","1":"product","2":"type-product","3":"status-publish","4":"has-post-thumbnail","6":"product_cat-elektrohidraulisko-piedzinu-risinajumi","7":"product_cat-emg-esse-lv","9":"first","10":"instock","11":"shipping-taxable","12":"product-type-simple"},"yoast_head":"<!-- This site is optimized with the Yoast SEO plugin v27.1.1 - https:\/\/yoast.com\/product\/yoast-seo-wordpress\/ -->\n<title>Inteli\u0123enta notek\u016bde\u0146u att\u012br\u012b\u0161anas iek\u0101rtu automatiz\u0101cijas tehnolo\u0123ija - My industrial<\/title>\n<meta name=\"robots\" content=\"index, follow, max-snippet:-1, max-image-preview:large, max-video-preview:-1\" \/>\n<link rel=\"canonical\" href=\"https:\/\/myindustrial.eu\/lv\/shop\/elektrohidraulisko-piedzinu-risinajumi\/emg-esse-lv\/emg-esse-copy\/\" \/>\n<meta property=\"og:locale\" content=\"lv_LV\" \/>\n<meta property=\"og:type\" content=\"article\" \/>\n<meta property=\"og:title\" content=\"Inteli\u0123enta notek\u016bde\u0146u att\u012br\u012b\u0161anas iek\u0101rtu automatiz\u0101cijas tehnolo\u0123ija - My industrial\" \/>\n<meta property=\"og:description\" content=\"EMG ESSE \u2013 \u0101tr\u0101s rea\u0123\u0113\u0161anas izpildmeh\u0101nisms Inteli\u0123enta autom\u0101tisk\u0101 tehnolo\u0123ija j\u016bsu notek\u016bde\u0146u att\u012br\u012b\u0161anas iek\u0101rtai  Vai mekl\u0113jat autom\u0101tisku risin\u0101jumu dren\u0101\u017eas procesiem, piem. pie prim\u0101r\u0101 att\u012br\u012bt\u0101ja? \u0100tr\u0101s rea\u0123\u0113\u0161anas izpildmeh\u0101nisms EMG ESSE ir \u012bstais risin\u0101jums! ESSE izpildmeh\u0101nisms atver un aizver izpl\u016bdes v\u0101rstus pie nogul\u0161\u0146u d\u016b\u0146u un peldo\u0161o d\u016b\u0146u izvad\u012b\u0161anas \u2013 100% elektriski, nav nepiecie\u0161ama pneimatika vai hidraulika.  Pastiprin\u0101tais ELHY\u00ae hidrogr\u016bd\u0113js ar palielin\u0101tu sp\u0113ku izraisa virzu\u013ca darb\u012bbu, izmantojot garu, regul\u0113jamu ner\u016bs\u0113jo\u0161\u0101 t\u0113rauda stieni. Aizv\u0113r\u0161an\u0101s notiek \u0101tri un autom\u0101tiski, pateicoties atsperei un sakabes meh\u0101nisma svaram. Pateicoties bezatteices principam, hidrogr\u016bd\u0113ja meh\u0101nisms nekav\u0113joties aizveras, ja gad\u012bjum\u0101 rodas darb\u012bbas trauc\u0113jumi. Virzu\u013ca gala sl\u0113d\u017ei nosaka gala poz\u012bcijas.  Atsauksmes Schnaittachtal notek\u016bde\u0146u att\u012br\u012b\u0161anas iek\u0101rta &quot;ESSE agreg\u0101ti tika uzst\u0101d\u012bti 1999. gad\u0101 autom\u0101tiskai neapstr\u0101d\u0101tu d\u016b\u0146u no\u0146em\u0161anai no prim\u0101r\u0101 dzidrin\u0101t\u0101ja, kop\u0161 t\u0101 laika tie darbojas 8 ciklos dien\u0101 bez jebk\u0101diem trauc\u0113jumiem. \u0160aj\u0101 laik\u0101, iz\u0146emot da\u017eus boj\u0101tus sensorus, netika veikts remonts vai citi darbi. T\u0101p\u0113c esam \u013coti apmierin\u0101ti ar izveidoto meh\u0101nismu, un pacel\u0161anas agreg\u0101ti tagad tiek aizst\u0101ti ar jaun\u0101kiem mode\u013ciem.&quot; Mr.Christian Schuhmann, Schnaittachtal notek\u016bde\u0146u att\u012br\u012b\u0161anas iek\u0101rtu vad\u012bt\u0101js, Neunkirhen am Sand.\" \/>\n<meta property=\"og:url\" content=\"https:\/\/myindustrial.eu\/lv\/shop\/elektrohidraulisko-piedzinu-risinajumi\/emg-esse-lv\/emg-esse-copy\/\" \/>\n<meta property=\"og:site_name\" content=\"My industrial\" \/>\n<meta property=\"article:modified_time\" content=\"2023-06-16T20:08:34+00:00\" \/>\n<meta property=\"og:image\" content=\"https:\/\/myindustrial.eu\/wp-content\/uploads\/2022\/12\/emg_esse_2-801x801.jpg\" \/>\n\t<meta property=\"og:image:width\" content=\"801\" \/>\n\t<meta property=\"og:image:height\" content=\"801\" \/>\n\t<meta property=\"og:image:type\" content=\"image\/jpeg\" \/>\n<meta name=\"twitter:card\" content=\"summary_large_image\" \/>\n<script type=\"application\/ld+json\" class=\"yoast-schema-graph\">{\"@context\":\"https:\/\/schema.org\",\"@graph\":[{\"@type\":\"WebPage\",\"@id\":\"https:\/\/myindustrial.eu\/lv\/shop\/elektrohidraulisko-piedzinu-risinajumi\/emg-esse-lv\/emg-esse-copy\/\",\"url\":\"https:\/\/myindustrial.eu\/lv\/shop\/elektrohidraulisko-piedzinu-risinajumi\/emg-esse-lv\/emg-esse-copy\/\",\"name\":\"Inteli\u0123enta notek\u016bde\u0146u att\u012br\u012b\u0161anas iek\u0101rtu automatiz\u0101cijas tehnolo\u0123ija - My industrial\",\"isPartOf\":{\"@id\":\"https:\/\/myindustrial.eu\/lv\/#website\"},\"primaryImageOfPage\":{\"@id\":\"https:\/\/myindustrial.eu\/lv\/shop\/elektrohidraulisko-piedzinu-risinajumi\/emg-esse-lv\/emg-esse-copy\/#primaryimage\"},\"image\":{\"@id\":\"https:\/\/myindustrial.eu\/lv\/shop\/elektrohidraulisko-piedzinu-risinajumi\/emg-esse-lv\/emg-esse-copy\/#primaryimage\"},\"thumbnailUrl\":\"https:\/\/myindustrial.eu\/wp-content\/uploads\/2022\/12\/emg_esse_2-801x801.jpg\",\"datePublished\":\"2022-12-12T14:39:49+00:00\",\"dateModified\":\"2023-06-16T20:08:34+00:00\",\"breadcrumb\":{\"@id\":\"https:\/\/myindustrial.eu\/lv\/shop\/elektrohidraulisko-piedzinu-risinajumi\/emg-esse-lv\/emg-esse-copy\/#breadcrumb\"},\"inLanguage\":\"lv-LV\",\"potentialAction\":[{\"@type\":\"ReadAction\",\"target\":[\"https:\/\/myindustrial.eu\/lv\/shop\/elektrohidraulisko-piedzinu-risinajumi\/emg-esse-lv\/emg-esse-copy\/\"]}]},{\"@type\":\"ImageObject\",\"inLanguage\":\"lv-LV\",\"@id\":\"https:\/\/myindustrial.eu\/lv\/shop\/elektrohidraulisko-piedzinu-risinajumi\/emg-esse-lv\/emg-esse-copy\/#primaryimage\",\"url\":\"https:\/\/myindustrial.eu\/wp-content\/uploads\/2022\/12\/emg_esse_2-801x801.jpg\",\"contentUrl\":\"https:\/\/myindustrial.eu\/wp-content\/uploads\/2022\/12\/emg_esse_2-801x801.jpg\",\"width\":801,\"height\":801},{\"@type\":\"BreadcrumbList\",\"@id\":\"https:\/\/myindustrial.eu\/lv\/shop\/elektrohidraulisko-piedzinu-risinajumi\/emg-esse-lv\/emg-esse-copy\/#breadcrumb\",\"itemListElement\":[{\"@type\":\"ListItem\",\"position\":1,\"name\":\"Home\",\"item\":\"https:\/\/myindustrial.eu\/lv\/\"},{\"@type\":\"ListItem\",\"position\":2,\"name\":\"Products\",\"item\":\"https:\/\/myindustrial.eu\/lv\/products\/\"},{\"@type\":\"ListItem\",\"position\":3,\"name\":\"Inteli\u0123enta notek\u016bde\u0146u att\u012br\u012b\u0161anas iek\u0101rtu automatiz\u0101cijas tehnolo\u0123ija\"}]},{\"@type\":\"WebSite\",\"@id\":\"https:\/\/myindustrial.eu\/lv\/#website\",\"url\":\"https:\/\/myindustrial.eu\/lv\/\",\"name\":\"My industrial\",\"description\":\"\",\"potentialAction\":[{\"@type\":\"SearchAction\",\"target\":{\"@type\":\"EntryPoint\",\"urlTemplate\":\"https:\/\/myindustrial.eu\/lv\/?s={search_term_string}\"},\"query-input\":{\"@type\":\"PropertyValueSpecification\",\"valueRequired\":true,\"valueName\":\"search_term_string\"}}],\"inLanguage\":\"lv-LV\"}]}<\/script>\n<!-- \/ Yoast SEO plugin. -->","yoast_head_json":{"title":"Inteli\u0123enta notek\u016bde\u0146u att\u012br\u012b\u0161anas iek\u0101rtu automatiz\u0101cijas tehnolo\u0123ija - My industrial","robots":{"index":"index","follow":"follow","max-snippet":"max-snippet:-1","max-image-preview":"max-image-preview:large","max-video-preview":"max-video-preview:-1"},"canonical":"https:\/\/myindustrial.eu\/lv\/shop\/elektrohidraulisko-piedzinu-risinajumi\/emg-esse-lv\/emg-esse-copy\/","og_locale":"lv_LV","og_type":"article","og_title":"Inteli\u0123enta notek\u016bde\u0146u att\u012br\u012b\u0161anas iek\u0101rtu automatiz\u0101cijas tehnolo\u0123ija - My industrial","og_description":"EMG ESSE \u2013 \u0101tr\u0101s rea\u0123\u0113\u0161anas izpildmeh\u0101nisms Inteli\u0123enta autom\u0101tisk\u0101 tehnolo\u0123ija j\u016bsu notek\u016bde\u0146u att\u012br\u012b\u0161anas iek\u0101rtai  Vai mekl\u0113jat autom\u0101tisku risin\u0101jumu dren\u0101\u017eas procesiem, piem. pie prim\u0101r\u0101 att\u012br\u012bt\u0101ja? \u0100tr\u0101s rea\u0123\u0113\u0161anas izpildmeh\u0101nisms EMG ESSE ir \u012bstais risin\u0101jums! ESSE izpildmeh\u0101nisms atver un aizver izpl\u016bdes v\u0101rstus pie nogul\u0161\u0146u d\u016b\u0146u un peldo\u0161o d\u016b\u0146u izvad\u012b\u0161anas \u2013 100% elektriski, nav nepiecie\u0161ama pneimatika vai hidraulika.  Pastiprin\u0101tais ELHY\u00ae hidrogr\u016bd\u0113js ar palielin\u0101tu sp\u0113ku izraisa virzu\u013ca darb\u012bbu, izmantojot garu, regul\u0113jamu ner\u016bs\u0113jo\u0161\u0101 t\u0113rauda stieni. Aizv\u0113r\u0161an\u0101s notiek \u0101tri un autom\u0101tiski, pateicoties atsperei un sakabes meh\u0101nisma svaram. Pateicoties bezatteices principam, hidrogr\u016bd\u0113ja meh\u0101nisms nekav\u0113joties aizveras, ja gad\u012bjum\u0101 rodas darb\u012bbas trauc\u0113jumi. Virzu\u013ca gala sl\u0113d\u017ei nosaka gala poz\u012bcijas.  Atsauksmes Schnaittachtal notek\u016bde\u0146u att\u012br\u012b\u0161anas iek\u0101rta \"ESSE agreg\u0101ti tika uzst\u0101d\u012bti 1999. gad\u0101 autom\u0101tiskai neapstr\u0101d\u0101tu d\u016b\u0146u no\u0146em\u0161anai no prim\u0101r\u0101 dzidrin\u0101t\u0101ja, kop\u0161 t\u0101 laika tie darbojas 8 ciklos dien\u0101 bez jebk\u0101diem trauc\u0113jumiem. \u0160aj\u0101 laik\u0101, iz\u0146emot da\u017eus boj\u0101tus sensorus, netika veikts remonts vai citi darbi. T\u0101p\u0113c esam \u013coti apmierin\u0101ti ar izveidoto meh\u0101nismu, un pacel\u0161anas agreg\u0101ti tagad tiek aizst\u0101ti ar jaun\u0101kiem mode\u013ciem.\" Mr.Christian Schuhmann, Schnaittachtal notek\u016bde\u0146u att\u012br\u012b\u0161anas iek\u0101rtu vad\u012bt\u0101js, Neunkirhen am Sand.","og_url":"https:\/\/myindustrial.eu\/lv\/shop\/elektrohidraulisko-piedzinu-risinajumi\/emg-esse-lv\/emg-esse-copy\/","og_site_name":"My industrial","article_modified_time":"2023-06-16T20:08:34+00:00","og_image":[{"width":801,"height":801,"url":"https:\/\/myindustrial.eu\/wp-content\/uploads\/2022\/12\/emg_esse_2-801x801.jpg","type":"image\/jpeg"}],"twitter_card":"summary_large_image","schema":{"@context":"https:\/\/schema.org","@graph":[{"@type":"WebPage","@id":"https:\/\/myindustrial.eu\/lv\/shop\/elektrohidraulisko-piedzinu-risinajumi\/emg-esse-lv\/emg-esse-copy\/","url":"https:\/\/myindustrial.eu\/lv\/shop\/elektrohidraulisko-piedzinu-risinajumi\/emg-esse-lv\/emg-esse-copy\/","name":"Inteli\u0123enta notek\u016bde\u0146u att\u012br\u012b\u0161anas iek\u0101rtu automatiz\u0101cijas tehnolo\u0123ija - My industrial","isPartOf":{"@id":"https:\/\/myindustrial.eu\/lv\/#website"},"primaryImageOfPage":{"@id":"https:\/\/myindustrial.eu\/lv\/shop\/elektrohidraulisko-piedzinu-risinajumi\/emg-esse-lv\/emg-esse-copy\/#primaryimage"},"image":{"@id":"https:\/\/myindustrial.eu\/lv\/shop\/elektrohidraulisko-piedzinu-risinajumi\/emg-esse-lv\/emg-esse-copy\/#primaryimage"},"thumbnailUrl":"https:\/\/myindustrial.eu\/wp-content\/uploads\/2022\/12\/emg_esse_2-801x801.jpg","datePublished":"2022-12-12T14:39:49+00:00","dateModified":"2023-06-16T20:08:34+00:00","breadcrumb":{"@id":"https:\/\/myindustrial.eu\/lv\/shop\/elektrohidraulisko-piedzinu-risinajumi\/emg-esse-lv\/emg-esse-copy\/#breadcrumb"},"inLanguage":"lv-LV","potentialAction":[{"@type":"ReadAction","target":["https:\/\/myindustrial.eu\/lv\/shop\/elektrohidraulisko-piedzinu-risinajumi\/emg-esse-lv\/emg-esse-copy\/"]}]},{"@type":"ImageObject","inLanguage":"lv-LV","@id":"https:\/\/myindustrial.eu\/lv\/shop\/elektrohidraulisko-piedzinu-risinajumi\/emg-esse-lv\/emg-esse-copy\/#primaryimage","url":"https:\/\/myindustrial.eu\/wp-content\/uploads\/2022\/12\/emg_esse_2-801x801.jpg","contentUrl":"https:\/\/myindustrial.eu\/wp-content\/uploads\/2022\/12\/emg_esse_2-801x801.jpg","width":801,"height":801},{"@type":"BreadcrumbList","@id":"https:\/\/myindustrial.eu\/lv\/shop\/elektrohidraulisko-piedzinu-risinajumi\/emg-esse-lv\/emg-esse-copy\/#breadcrumb","itemListElement":[{"@type":"ListItem","position":1,"name":"Home","item":"https:\/\/myindustrial.eu\/lv\/"},{"@type":"ListItem","position":2,"name":"Products","item":"https:\/\/myindustrial.eu\/lv\/products\/"},{"@type":"ListItem","position":3,"name":"Inteli\u0123enta notek\u016bde\u0146u att\u012br\u012b\u0161anas iek\u0101rtu automatiz\u0101cijas tehnolo\u0123ija"}]},{"@type":"WebSite","@id":"https:\/\/myindustrial.eu\/lv\/#website","url":"https:\/\/myindustrial.eu\/lv\/","name":"My industrial","description":"","potentialAction":[{"@type":"SearchAction","target":{"@type":"EntryPoint","urlTemplate":"https:\/\/myindustrial.eu\/lv\/?s={search_term_string}"},"query-input":{"@type":"PropertyValueSpecification","valueRequired":true,"valueName":"search_term_string"}}],"inLanguage":"lv-LV"}]}},"_links":{"self":[{"href":"https:\/\/myindustrial.eu\/lv\/wp-json\/wp\/v2\/product\/1260062090","targetHints":{"allow":["GET"]}}],"collection":[{"href":"https:\/\/myindustrial.eu\/lv\/wp-json\/wp\/v2\/product"}],"about":[{"href":"https:\/\/myindustrial.eu\/lv\/wp-json\/wp\/v2\/types\/product"}],"version-history":[{"count":0,"href":"https:\/\/myindustrial.eu\/lv\/wp-json\/wp\/v2\/product\/1260062090\/revisions"}],"wp:featuredmedia":[{"embeddable":true,"href":"https:\/\/myindustrial.eu\/lv\/wp-json\/wp\/v2\/media\/1260062094"}],"wp:attachment":[{"href":"https:\/\/myindustrial.eu\/lv\/wp-json\/wp\/v2\/media?parent=1260062090"}],"wp:term":[{"taxonomy":"product_brand","embeddable":true,"href":"https:\/\/myindustrial.eu\/lv\/wp-json\/wp\/v2\/product_brand?post=1260062090"},{"taxonomy":"product_cat","embeddable":true,"href":"https:\/\/myindustrial.eu\/lv\/wp-json\/wp\/v2\/product_cat?post=1260062090"},{"taxonomy":"product_tag","embeddable":true,"href":"https:\/\/myindustrial.eu\/lv\/wp-json\/wp\/v2\/product_tag?post=1260062090"}],"curies":[{"name":"wp","href":"https:\/\/api.w.org\/{rel}","templated":true}]}}