{"id":1260062171,"date":"2022-12-13T13:16:59","date_gmt":"2022-12-13T13:16:59","guid":{"rendered":"https:\/\/myindustrial.eu\/?post_type=product&#038;p=1260062171"},"modified":"2023-06-16T20:08:26","modified_gmt":"2023-06-16T20:08:26","slug":"galvenais-vadibas-bloks-copy","status":"publish","type":"product","link":"https:\/\/myindustrial.eu\/lv\/shop\/rupnieciskie-kontrolieri-dzoistiki-un-konsoles\/komandu-kontrolieri-dzelzcela-transportam-en-50155-un-en-45545\/galvenais-vadibas-bloks-copy\/","title":{"rendered":"Vad\u012bbas sl\u0113d\u017eu bloks"},"content":{"rendered":"","protected":false},"excerpt":{"rendered":"<p>Pielietojums<br \/>\nKust\u012bbas virziena p\u0101rsl\u0113dz\u0113js ir da\u013ca no \u012bpa\u0161i izstr\u0101d\u0101t\u0101 vilces p\u0101rsl\u0113dz\u0113ja bloka, specifik\u0101cijas numurs 618585, ko izmanto, lai kontrol\u0113tu slie\u017eu transportl\u012bdzek\u013ca vilci un bremz\u0113\u0161anu.<\/p>\n<p>Virziena sl\u0113dzim ir elast\u012bgs savienot\u0101js, kur\u0161 darbojas k\u0101 meh\u0101nisks blo\u0137\u0113t\u0101js starp piedzi\u0146as un brem\u017eu sl\u0113dzi un p\u0101rb\u012bda sl\u0113dzi \u0161aj\u0101 ier\u012bces meh\u0101nism\u0101.<\/p>\n<p>Tehnisk\u0101s specifik\u0101cijas<br \/>\nDarba temperat\u016bra: -5\u00b0C l\u012bdz +40\u00b0C<br \/>\nMaksim\u0101lais mitrums lieto\u0161anas laik\u0101: 95%<br \/>\nT\u012bkla spriegums: 110 V DC (+25% \/ -30%)<\/p>\n<p>Iek\u013cauts<br \/>\nTrieciena un vibr\u0101cijas p\u0101rbaude saska\u0146\u0101 ar: IEC 61373<br \/>\nEMC tests saska\u0146\u0101 ar: EN 50 121-3-2<br \/>\nSprieguma p\u0101rbaude saska\u0146\u0101 ar: EN 50155 12.2.9.2. \u00a7 \u2013 50 Hz, 1kV, 1 min<\/p>\n","protected":false},"featured_media":1260062175,"template":"","meta":[],"product_brand":[],"product_cat":[1375],"product_tag":[],"class_list":{"0":"post-1260062171","1":"product","2":"type-product","3":"status-publish","4":"has-post-thumbnail","6":"product_cat-komandu-kontrolieri-dzelzcela-transportam-en-50155-un-en-45545","8":"first","9":"instock","10":"product-type-simple"},"yoast_head":"<!-- This site is optimized with the Yoast SEO plugin v27.1.1 - https:\/\/yoast.com\/product\/yoast-seo-wordpress\/ -->\n<title>Vad\u012bbas sl\u0113d\u017eu bloks - My industrial<\/title>\n<meta name=\"robots\" content=\"index, follow, max-snippet:-1, max-image-preview:large, max-video-preview:-1\" \/>\n<link rel=\"canonical\" href=\"https:\/\/myindustrial.eu\/lv\/shop\/rupnieciskie-kontrolieri-dzoistiki-un-konsoles\/komandu-kontrolieri-dzelzcela-transportam-en-50155-un-en-45545\/galvenais-vadibas-bloks-copy\/\" \/>\n<meta property=\"og:locale\" content=\"lv_LV\" \/>\n<meta property=\"og:type\" content=\"article\" \/>\n<meta property=\"og:title\" content=\"Vad\u012bbas sl\u0113d\u017eu bloks - My industrial\" \/>\n<meta property=\"og:description\" content=\"Pielietojums Kust\u012bbas virziena p\u0101rsl\u0113dz\u0113js ir da\u013ca no \u012bpa\u0161i izstr\u0101d\u0101t\u0101 vilces p\u0101rsl\u0113dz\u0113ja bloka, specifik\u0101cijas numurs 618585, ko izmanto, lai kontrol\u0113tu slie\u017eu transportl\u012bdzek\u013ca vilci un bremz\u0113\u0161anu.  Virziena sl\u0113dzim ir elast\u012bgs savienot\u0101js, kur\u0161 darbojas k\u0101 meh\u0101nisks blo\u0137\u0113t\u0101js starp piedzi\u0146as un brem\u017eu sl\u0113dzi un p\u0101rb\u012bda sl\u0113dzi \u0161aj\u0101 ier\u012bces meh\u0101nism\u0101.  Tehnisk\u0101s specifik\u0101cijas Darba temperat\u016bra: -5\u00b0C l\u012bdz +40\u00b0C Maksim\u0101lais mitrums lieto\u0161anas laik\u0101: 95% T\u012bkla spriegums: 110 V DC (+25% \/ -30%)  Iek\u013cauts Trieciena un vibr\u0101cijas p\u0101rbaude saska\u0146\u0101 ar: IEC 61373 EMC tests saska\u0146\u0101 ar: EN 50 121-3-2 Sprieguma p\u0101rbaude saska\u0146\u0101 ar: EN 50155 12.2.9.2. \u00a7 \u2013 50 Hz, 1kV, 1 min\" \/>\n<meta property=\"og:url\" content=\"https:\/\/myindustrial.eu\/lv\/shop\/rupnieciskie-kontrolieri-dzoistiki-un-konsoles\/komandu-kontrolieri-dzelzcela-transportam-en-50155-un-en-45545\/galvenais-vadibas-bloks-copy\/\" \/>\n<meta property=\"og:site_name\" content=\"My industrial\" \/>\n<meta property=\"article:modified_time\" content=\"2023-06-16T20:08:26+00:00\" \/>\n<meta property=\"og:image\" content=\"https:\/\/myindustrial.eu\/wp-content\/uploads\/2022\/12\/preselector-switch_2-500x500.jpg\" \/>\n\t<meta property=\"og:image:width\" content=\"500\" \/>\n\t<meta property=\"og:image:height\" content=\"500\" \/>\n\t<meta property=\"og:image:type\" content=\"image\/jpeg\" \/>\n<meta name=\"twitter:card\" content=\"summary_large_image\" \/>\n<script type=\"application\/ld+json\" class=\"yoast-schema-graph\">{\"@context\":\"https:\/\/schema.org\",\"@graph\":[{\"@type\":\"WebPage\",\"@id\":\"https:\/\/myindustrial.eu\/lv\/shop\/rupnieciskie-kontrolieri-dzoistiki-un-konsoles\/komandu-kontrolieri-dzelzcela-transportam-en-50155-un-en-45545\/galvenais-vadibas-bloks-copy\/\",\"url\":\"https:\/\/myindustrial.eu\/lv\/shop\/rupnieciskie-kontrolieri-dzoistiki-un-konsoles\/komandu-kontrolieri-dzelzcela-transportam-en-50155-un-en-45545\/galvenais-vadibas-bloks-copy\/\",\"name\":\"Vad\u012bbas sl\u0113d\u017eu bloks - My industrial\",\"isPartOf\":{\"@id\":\"https:\/\/myindustrial.eu\/lv\/#website\"},\"primaryImageOfPage\":{\"@id\":\"https:\/\/myindustrial.eu\/lv\/shop\/rupnieciskie-kontrolieri-dzoistiki-un-konsoles\/komandu-kontrolieri-dzelzcela-transportam-en-50155-un-en-45545\/galvenais-vadibas-bloks-copy\/#primaryimage\"},\"image\":{\"@id\":\"https:\/\/myindustrial.eu\/lv\/shop\/rupnieciskie-kontrolieri-dzoistiki-un-konsoles\/komandu-kontrolieri-dzelzcela-transportam-en-50155-un-en-45545\/galvenais-vadibas-bloks-copy\/#primaryimage\"},\"thumbnailUrl\":\"https:\/\/myindustrial.eu\/wp-content\/uploads\/2022\/12\/preselector-switch_2-500x500.jpg\",\"datePublished\":\"2022-12-13T13:16:59+00:00\",\"dateModified\":\"2023-06-16T20:08:26+00:00\",\"breadcrumb\":{\"@id\":\"https:\/\/myindustrial.eu\/lv\/shop\/rupnieciskie-kontrolieri-dzoistiki-un-konsoles\/komandu-kontrolieri-dzelzcela-transportam-en-50155-un-en-45545\/galvenais-vadibas-bloks-copy\/#breadcrumb\"},\"inLanguage\":\"lv-LV\",\"potentialAction\":[{\"@type\":\"ReadAction\",\"target\":[\"https:\/\/myindustrial.eu\/lv\/shop\/rupnieciskie-kontrolieri-dzoistiki-un-konsoles\/komandu-kontrolieri-dzelzcela-transportam-en-50155-un-en-45545\/galvenais-vadibas-bloks-copy\/\"]}]},{\"@type\":\"ImageObject\",\"inLanguage\":\"lv-LV\",\"@id\":\"https:\/\/myindustrial.eu\/lv\/shop\/rupnieciskie-kontrolieri-dzoistiki-un-konsoles\/komandu-kontrolieri-dzelzcela-transportam-en-50155-un-en-45545\/galvenais-vadibas-bloks-copy\/#primaryimage\",\"url\":\"https:\/\/myindustrial.eu\/wp-content\/uploads\/2022\/12\/preselector-switch_2-500x500.jpg\",\"contentUrl\":\"https:\/\/myindustrial.eu\/wp-content\/uploads\/2022\/12\/preselector-switch_2-500x500.jpg\",\"width\":500,\"height\":500},{\"@type\":\"BreadcrumbList\",\"@id\":\"https:\/\/myindustrial.eu\/lv\/shop\/rupnieciskie-kontrolieri-dzoistiki-un-konsoles\/komandu-kontrolieri-dzelzcela-transportam-en-50155-un-en-45545\/galvenais-vadibas-bloks-copy\/#breadcrumb\",\"itemListElement\":[{\"@type\":\"ListItem\",\"position\":1,\"name\":\"Home\",\"item\":\"https:\/\/myindustrial.eu\/lv\/\"},{\"@type\":\"ListItem\",\"position\":2,\"name\":\"Products\",\"item\":\"https:\/\/myindustrial.eu\/lv\/products\/\"},{\"@type\":\"ListItem\",\"position\":3,\"name\":\"Vad\u012bbas sl\u0113d\u017eu bloks\"}]},{\"@type\":\"WebSite\",\"@id\":\"https:\/\/myindustrial.eu\/lv\/#website\",\"url\":\"https:\/\/myindustrial.eu\/lv\/\",\"name\":\"My industrial\",\"description\":\"\",\"potentialAction\":[{\"@type\":\"SearchAction\",\"target\":{\"@type\":\"EntryPoint\",\"urlTemplate\":\"https:\/\/myindustrial.eu\/lv\/?s={search_term_string}\"},\"query-input\":{\"@type\":\"PropertyValueSpecification\",\"valueRequired\":true,\"valueName\":\"search_term_string\"}}],\"inLanguage\":\"lv-LV\"}]}<\/script>\n<!-- \/ Yoast SEO plugin. -->","yoast_head_json":{"title":"Vad\u012bbas sl\u0113d\u017eu bloks - My industrial","robots":{"index":"index","follow":"follow","max-snippet":"max-snippet:-1","max-image-preview":"max-image-preview:large","max-video-preview":"max-video-preview:-1"},"canonical":"https:\/\/myindustrial.eu\/lv\/shop\/rupnieciskie-kontrolieri-dzoistiki-un-konsoles\/komandu-kontrolieri-dzelzcela-transportam-en-50155-un-en-45545\/galvenais-vadibas-bloks-copy\/","og_locale":"lv_LV","og_type":"article","og_title":"Vad\u012bbas sl\u0113d\u017eu bloks - My industrial","og_description":"Pielietojums Kust\u012bbas virziena p\u0101rsl\u0113dz\u0113js ir da\u013ca no \u012bpa\u0161i izstr\u0101d\u0101t\u0101 vilces p\u0101rsl\u0113dz\u0113ja bloka, specifik\u0101cijas numurs 618585, ko izmanto, lai kontrol\u0113tu slie\u017eu transportl\u012bdzek\u013ca vilci un bremz\u0113\u0161anu.  Virziena sl\u0113dzim ir elast\u012bgs savienot\u0101js, kur\u0161 darbojas k\u0101 meh\u0101nisks blo\u0137\u0113t\u0101js starp piedzi\u0146as un brem\u017eu sl\u0113dzi un p\u0101rb\u012bda sl\u0113dzi \u0161aj\u0101 ier\u012bces meh\u0101nism\u0101.  Tehnisk\u0101s specifik\u0101cijas Darba temperat\u016bra: -5\u00b0C l\u012bdz +40\u00b0C Maksim\u0101lais mitrums lieto\u0161anas laik\u0101: 95% T\u012bkla spriegums: 110 V DC (+25% \/ -30%)  Iek\u013cauts Trieciena un vibr\u0101cijas p\u0101rbaude saska\u0146\u0101 ar: IEC 61373 EMC tests saska\u0146\u0101 ar: EN 50 121-3-2 Sprieguma p\u0101rbaude saska\u0146\u0101 ar: EN 50155 12.2.9.2. \u00a7 \u2013 50 Hz, 1kV, 1 min","og_url":"https:\/\/myindustrial.eu\/lv\/shop\/rupnieciskie-kontrolieri-dzoistiki-un-konsoles\/komandu-kontrolieri-dzelzcela-transportam-en-50155-un-en-45545\/galvenais-vadibas-bloks-copy\/","og_site_name":"My industrial","article_modified_time":"2023-06-16T20:08:26+00:00","og_image":[{"width":500,"height":500,"url":"https:\/\/myindustrial.eu\/wp-content\/uploads\/2022\/12\/preselector-switch_2-500x500.jpg","type":"image\/jpeg"}],"twitter_card":"summary_large_image","schema":{"@context":"https:\/\/schema.org","@graph":[{"@type":"WebPage","@id":"https:\/\/myindustrial.eu\/lv\/shop\/rupnieciskie-kontrolieri-dzoistiki-un-konsoles\/komandu-kontrolieri-dzelzcela-transportam-en-50155-un-en-45545\/galvenais-vadibas-bloks-copy\/","url":"https:\/\/myindustrial.eu\/lv\/shop\/rupnieciskie-kontrolieri-dzoistiki-un-konsoles\/komandu-kontrolieri-dzelzcela-transportam-en-50155-un-en-45545\/galvenais-vadibas-bloks-copy\/","name":"Vad\u012bbas sl\u0113d\u017eu bloks - My industrial","isPartOf":{"@id":"https:\/\/myindustrial.eu\/lv\/#website"},"primaryImageOfPage":{"@id":"https:\/\/myindustrial.eu\/lv\/shop\/rupnieciskie-kontrolieri-dzoistiki-un-konsoles\/komandu-kontrolieri-dzelzcela-transportam-en-50155-un-en-45545\/galvenais-vadibas-bloks-copy\/#primaryimage"},"image":{"@id":"https:\/\/myindustrial.eu\/lv\/shop\/rupnieciskie-kontrolieri-dzoistiki-un-konsoles\/komandu-kontrolieri-dzelzcela-transportam-en-50155-un-en-45545\/galvenais-vadibas-bloks-copy\/#primaryimage"},"thumbnailUrl":"https:\/\/myindustrial.eu\/wp-content\/uploads\/2022\/12\/preselector-switch_2-500x500.jpg","datePublished":"2022-12-13T13:16:59+00:00","dateModified":"2023-06-16T20:08:26+00:00","breadcrumb":{"@id":"https:\/\/myindustrial.eu\/lv\/shop\/rupnieciskie-kontrolieri-dzoistiki-un-konsoles\/komandu-kontrolieri-dzelzcela-transportam-en-50155-un-en-45545\/galvenais-vadibas-bloks-copy\/#breadcrumb"},"inLanguage":"lv-LV","potentialAction":[{"@type":"ReadAction","target":["https:\/\/myindustrial.eu\/lv\/shop\/rupnieciskie-kontrolieri-dzoistiki-un-konsoles\/komandu-kontrolieri-dzelzcela-transportam-en-50155-un-en-45545\/galvenais-vadibas-bloks-copy\/"]}]},{"@type":"ImageObject","inLanguage":"lv-LV","@id":"https:\/\/myindustrial.eu\/lv\/shop\/rupnieciskie-kontrolieri-dzoistiki-un-konsoles\/komandu-kontrolieri-dzelzcela-transportam-en-50155-un-en-45545\/galvenais-vadibas-bloks-copy\/#primaryimage","url":"https:\/\/myindustrial.eu\/wp-content\/uploads\/2022\/12\/preselector-switch_2-500x500.jpg","contentUrl":"https:\/\/myindustrial.eu\/wp-content\/uploads\/2022\/12\/preselector-switch_2-500x500.jpg","width":500,"height":500},{"@type":"BreadcrumbList","@id":"https:\/\/myindustrial.eu\/lv\/shop\/rupnieciskie-kontrolieri-dzoistiki-un-konsoles\/komandu-kontrolieri-dzelzcela-transportam-en-50155-un-en-45545\/galvenais-vadibas-bloks-copy\/#breadcrumb","itemListElement":[{"@type":"ListItem","position":1,"name":"Home","item":"https:\/\/myindustrial.eu\/lv\/"},{"@type":"ListItem","position":2,"name":"Products","item":"https:\/\/myindustrial.eu\/lv\/products\/"},{"@type":"ListItem","position":3,"name":"Vad\u012bbas sl\u0113d\u017eu bloks"}]},{"@type":"WebSite","@id":"https:\/\/myindustrial.eu\/lv\/#website","url":"https:\/\/myindustrial.eu\/lv\/","name":"My industrial","description":"","potentialAction":[{"@type":"SearchAction","target":{"@type":"EntryPoint","urlTemplate":"https:\/\/myindustrial.eu\/lv\/?s={search_term_string}"},"query-input":{"@type":"PropertyValueSpecification","valueRequired":true,"valueName":"search_term_string"}}],"inLanguage":"lv-LV"}]}},"_links":{"self":[{"href":"https:\/\/myindustrial.eu\/lv\/wp-json\/wp\/v2\/product\/1260062171","targetHints":{"allow":["GET"]}}],"collection":[{"href":"https:\/\/myindustrial.eu\/lv\/wp-json\/wp\/v2\/product"}],"about":[{"href":"https:\/\/myindustrial.eu\/lv\/wp-json\/wp\/v2\/types\/product"}],"version-history":[{"count":0,"href":"https:\/\/myindustrial.eu\/lv\/wp-json\/wp\/v2\/product\/1260062171\/revisions"}],"wp:featuredmedia":[{"embeddable":true,"href":"https:\/\/myindustrial.eu\/lv\/wp-json\/wp\/v2\/media\/1260062175"}],"wp:attachment":[{"href":"https:\/\/myindustrial.eu\/lv\/wp-json\/wp\/v2\/media?parent=1260062171"}],"wp:term":[{"taxonomy":"product_brand","embeddable":true,"href":"https:\/\/myindustrial.eu\/lv\/wp-json\/wp\/v2\/product_brand?post=1260062171"},{"taxonomy":"product_cat","embeddable":true,"href":"https:\/\/myindustrial.eu\/lv\/wp-json\/wp\/v2\/product_cat?post=1260062171"},{"taxonomy":"product_tag","embeddable":true,"href":"https:\/\/myindustrial.eu\/lv\/wp-json\/wp\/v2\/product_tag?post=1260062171"}],"curies":[{"name":"wp","href":"https:\/\/api.w.org\/{rel}","templated":true}]}}