{"id":1260062792,"date":"2022-12-14T13:34:01","date_gmt":"2022-12-14T13:34:01","guid":{"rendered":"https:\/\/myindustrial.eu\/shop\/uncategorized\/altman-electrical-electronic-projects\/"},"modified":"2023-06-16T20:08:18","modified_gmt":"2023-06-16T20:08:18","slug":"altmann-potenciometru-pielietojums","status":"publish","type":"product","link":"https:\/\/myindustrial.eu\/lv\/shop\/potenciometri-un-sensori\/pielagoti-risinajumi-altmann\/altmann-potenciometru-pielietojums\/","title":{"rendered":"Altmann potenciometru pielietojums"},"content":{"rendered":"","protected":false},"excerpt":{"rendered":"<p><span style=\"font-weight: 400;\">Produkta piel\u0101go\u0161ana atbilsto\u0161i j\u016bsu pras\u012bb\u0101m, m\u0113s varam teikt \u201cM\u016bsu sp\u0113ks ir izgatavots p\u0113c pas\u016bt\u012bjuma!\u201d<\/span><\/p>\n<p>&nbsp;<\/p>\n<p><span style=\"font-weight: 400;\">Visus m\u016bsu standarta produktus var main\u012bt atsevi\u0161\u0137i: no standarta l\u012bdz piel\u0101gotam\u00a0\u2014 t\u0101 ir viena no m\u016bsu izcilaj\u0101m priek\u0161roc\u012bb\u0101m. Viss ir iesp\u0113jams no s\u0113rijveida ra\u017eo\u0161anas l\u012bdz vienas da\u013cas ra\u017eo\u0161anai.<\/span><\/p>\n<p><span style=\"font-weight: 400;\">\u0160aj\u0101 sada\u013c\u0101 iepaz\u012bstin\u0101m ar potenciometru izmanto\u0161anas iesp\u0113j\u0101m un to pielietojuma jom\u0101m<\/span><\/p>\n","protected":false},"featured_media":1260061730,"template":"","meta":[],"product_brand":[],"product_cat":[1286,1635],"product_tag":[],"class_list":{"0":"post-1260062792","1":"product","2":"type-product","3":"status-publish","4":"has-post-thumbnail","6":"product_cat-potenciometri-un-sensori","7":"product_cat-pielagoti-risinajumi-altmann","9":"first","10":"instock","11":"shipping-taxable","12":"product-type-simple"},"yoast_head":"<!-- This site is optimized with the Yoast SEO plugin v27.1.1 - https:\/\/yoast.com\/product\/yoast-seo-wordpress\/ -->\n<title>Altmann potenciometru pielietojums - My industrial<\/title>\n<meta name=\"robots\" content=\"index, follow, max-snippet:-1, max-image-preview:large, max-video-preview:-1\" \/>\n<link rel=\"canonical\" href=\"https:\/\/myindustrial.eu\/lv\/shop\/potenciometri-un-sensori\/pielagoti-risinajumi-altmann\/altmann-potenciometru-pielietojums\/\" \/>\n<meta property=\"og:locale\" content=\"lv_LV\" \/>\n<meta property=\"og:type\" content=\"article\" \/>\n<meta property=\"og:title\" content=\"Altmann potenciometru pielietojums - My industrial\" \/>\n<meta property=\"og:description\" content=\"Produkta piel\u0101go\u0161ana atbilsto\u0161i j\u016bsu pras\u012bb\u0101m, m\u0113s varam teikt \u201cM\u016bsu sp\u0113ks ir izgatavots p\u0113c pas\u016bt\u012bjuma!\u201d  &nbsp;  Visus m\u016bsu standarta produktus var main\u012bt atsevi\u0161\u0137i: no standarta l\u012bdz piel\u0101gotam\u00a0\u2014 t\u0101 ir viena no m\u016bsu izcilaj\u0101m priek\u0161roc\u012bb\u0101m. Viss ir iesp\u0113jams no s\u0113rijveida ra\u017eo\u0161anas l\u012bdz vienas da\u013cas ra\u017eo\u0161anai.  \u0160aj\u0101 sada\u013c\u0101 iepaz\u012bstin\u0101m ar potenciometru izmanto\u0161anas iesp\u0113j\u0101m un to pielietojuma jom\u0101m\" \/>\n<meta property=\"og:url\" content=\"https:\/\/myindustrial.eu\/lv\/shop\/potenciometri-un-sensori\/pielagoti-risinajumi-altmann\/altmann-potenciometru-pielietojums\/\" \/>\n<meta property=\"og:site_name\" content=\"My industrial\" \/>\n<meta property=\"article:modified_time\" content=\"2023-06-16T20:08:18+00:00\" \/>\n<meta property=\"og:image\" content=\"https:\/\/myindustrial.eu\/wp-content\/uploads\/2022\/11\/altmann-logo-small-pic.webp\" \/>\n\t<meta property=\"og:image:width\" content=\"800\" \/>\n\t<meta property=\"og:image:height\" content=\"800\" \/>\n\t<meta property=\"og:image:type\" content=\"image\/webp\" \/>\n<meta name=\"twitter:card\" content=\"summary_large_image\" \/>\n<script type=\"application\/ld+json\" class=\"yoast-schema-graph\">{\"@context\":\"https:\/\/schema.org\",\"@graph\":[{\"@type\":\"WebPage\",\"@id\":\"https:\/\/myindustrial.eu\/lv\/shop\/potenciometri-un-sensori\/pielagoti-risinajumi-altmann\/altmann-potenciometru-pielietojums\/\",\"url\":\"https:\/\/myindustrial.eu\/lv\/shop\/potenciometri-un-sensori\/pielagoti-risinajumi-altmann\/altmann-potenciometru-pielietojums\/\",\"name\":\"Altmann potenciometru pielietojums - My industrial\",\"isPartOf\":{\"@id\":\"https:\/\/myindustrial.eu\/lv\/#website\"},\"primaryImageOfPage\":{\"@id\":\"https:\/\/myindustrial.eu\/lv\/shop\/potenciometri-un-sensori\/pielagoti-risinajumi-altmann\/altmann-potenciometru-pielietojums\/#primaryimage\"},\"image\":{\"@id\":\"https:\/\/myindustrial.eu\/lv\/shop\/potenciometri-un-sensori\/pielagoti-risinajumi-altmann\/altmann-potenciometru-pielietojums\/#primaryimage\"},\"thumbnailUrl\":\"https:\/\/myindustrial.eu\/wp-content\/uploads\/2022\/11\/altmann-logo-small-pic.webp\",\"datePublished\":\"2022-12-14T13:34:01+00:00\",\"dateModified\":\"2023-06-16T20:08:18+00:00\",\"breadcrumb\":{\"@id\":\"https:\/\/myindustrial.eu\/lv\/shop\/potenciometri-un-sensori\/pielagoti-risinajumi-altmann\/altmann-potenciometru-pielietojums\/#breadcrumb\"},\"inLanguage\":\"lv-LV\",\"potentialAction\":[{\"@type\":\"ReadAction\",\"target\":[\"https:\/\/myindustrial.eu\/lv\/shop\/potenciometri-un-sensori\/pielagoti-risinajumi-altmann\/altmann-potenciometru-pielietojums\/\"]}]},{\"@type\":\"ImageObject\",\"inLanguage\":\"lv-LV\",\"@id\":\"https:\/\/myindustrial.eu\/lv\/shop\/potenciometri-un-sensori\/pielagoti-risinajumi-altmann\/altmann-potenciometru-pielietojums\/#primaryimage\",\"url\":\"https:\/\/myindustrial.eu\/wp-content\/uploads\/2022\/11\/altmann-logo-small-pic.webp\",\"contentUrl\":\"https:\/\/myindustrial.eu\/wp-content\/uploads\/2022\/11\/altmann-logo-small-pic.webp\",\"width\":800,\"height\":800},{\"@type\":\"BreadcrumbList\",\"@id\":\"https:\/\/myindustrial.eu\/lv\/shop\/potenciometri-un-sensori\/pielagoti-risinajumi-altmann\/altmann-potenciometru-pielietojums\/#breadcrumb\",\"itemListElement\":[{\"@type\":\"ListItem\",\"position\":1,\"name\":\"Home\",\"item\":\"https:\/\/myindustrial.eu\/lv\/\"},{\"@type\":\"ListItem\",\"position\":2,\"name\":\"Products\",\"item\":\"https:\/\/myindustrial.eu\/lv\/products\/\"},{\"@type\":\"ListItem\",\"position\":3,\"name\":\"Altmann potenciometru pielietojums\"}]},{\"@type\":\"WebSite\",\"@id\":\"https:\/\/myindustrial.eu\/lv\/#website\",\"url\":\"https:\/\/myindustrial.eu\/lv\/\",\"name\":\"My industrial\",\"description\":\"\",\"potentialAction\":[{\"@type\":\"SearchAction\",\"target\":{\"@type\":\"EntryPoint\",\"urlTemplate\":\"https:\/\/myindustrial.eu\/lv\/?s={search_term_string}\"},\"query-input\":{\"@type\":\"PropertyValueSpecification\",\"valueRequired\":true,\"valueName\":\"search_term_string\"}}],\"inLanguage\":\"lv-LV\"}]}<\/script>\n<!-- \/ Yoast SEO plugin. -->","yoast_head_json":{"title":"Altmann potenciometru pielietojums - My industrial","robots":{"index":"index","follow":"follow","max-snippet":"max-snippet:-1","max-image-preview":"max-image-preview:large","max-video-preview":"max-video-preview:-1"},"canonical":"https:\/\/myindustrial.eu\/lv\/shop\/potenciometri-un-sensori\/pielagoti-risinajumi-altmann\/altmann-potenciometru-pielietojums\/","og_locale":"lv_LV","og_type":"article","og_title":"Altmann potenciometru pielietojums - My industrial","og_description":"Produkta piel\u0101go\u0161ana atbilsto\u0161i j\u016bsu pras\u012bb\u0101m, m\u0113s varam teikt \u201cM\u016bsu sp\u0113ks ir izgatavots p\u0113c pas\u016bt\u012bjuma!\u201d  &nbsp;  Visus m\u016bsu standarta produktus var main\u012bt atsevi\u0161\u0137i: no standarta l\u012bdz piel\u0101gotam\u00a0\u2014 t\u0101 ir viena no m\u016bsu izcilaj\u0101m priek\u0161roc\u012bb\u0101m. Viss ir iesp\u0113jams no s\u0113rijveida ra\u017eo\u0161anas l\u012bdz vienas da\u013cas ra\u017eo\u0161anai.  \u0160aj\u0101 sada\u013c\u0101 iepaz\u012bstin\u0101m ar potenciometru izmanto\u0161anas iesp\u0113j\u0101m un to pielietojuma jom\u0101m","og_url":"https:\/\/myindustrial.eu\/lv\/shop\/potenciometri-un-sensori\/pielagoti-risinajumi-altmann\/altmann-potenciometru-pielietojums\/","og_site_name":"My industrial","article_modified_time":"2023-06-16T20:08:18+00:00","og_image":[{"width":800,"height":800,"url":"https:\/\/myindustrial.eu\/wp-content\/uploads\/2022\/11\/altmann-logo-small-pic.webp","type":"image\/webp"}],"twitter_card":"summary_large_image","schema":{"@context":"https:\/\/schema.org","@graph":[{"@type":"WebPage","@id":"https:\/\/myindustrial.eu\/lv\/shop\/potenciometri-un-sensori\/pielagoti-risinajumi-altmann\/altmann-potenciometru-pielietojums\/","url":"https:\/\/myindustrial.eu\/lv\/shop\/potenciometri-un-sensori\/pielagoti-risinajumi-altmann\/altmann-potenciometru-pielietojums\/","name":"Altmann potenciometru pielietojums - My industrial","isPartOf":{"@id":"https:\/\/myindustrial.eu\/lv\/#website"},"primaryImageOfPage":{"@id":"https:\/\/myindustrial.eu\/lv\/shop\/potenciometri-un-sensori\/pielagoti-risinajumi-altmann\/altmann-potenciometru-pielietojums\/#primaryimage"},"image":{"@id":"https:\/\/myindustrial.eu\/lv\/shop\/potenciometri-un-sensori\/pielagoti-risinajumi-altmann\/altmann-potenciometru-pielietojums\/#primaryimage"},"thumbnailUrl":"https:\/\/myindustrial.eu\/wp-content\/uploads\/2022\/11\/altmann-logo-small-pic.webp","datePublished":"2022-12-14T13:34:01+00:00","dateModified":"2023-06-16T20:08:18+00:00","breadcrumb":{"@id":"https:\/\/myindustrial.eu\/lv\/shop\/potenciometri-un-sensori\/pielagoti-risinajumi-altmann\/altmann-potenciometru-pielietojums\/#breadcrumb"},"inLanguage":"lv-LV","potentialAction":[{"@type":"ReadAction","target":["https:\/\/myindustrial.eu\/lv\/shop\/potenciometri-un-sensori\/pielagoti-risinajumi-altmann\/altmann-potenciometru-pielietojums\/"]}]},{"@type":"ImageObject","inLanguage":"lv-LV","@id":"https:\/\/myindustrial.eu\/lv\/shop\/potenciometri-un-sensori\/pielagoti-risinajumi-altmann\/altmann-potenciometru-pielietojums\/#primaryimage","url":"https:\/\/myindustrial.eu\/wp-content\/uploads\/2022\/11\/altmann-logo-small-pic.webp","contentUrl":"https:\/\/myindustrial.eu\/wp-content\/uploads\/2022\/11\/altmann-logo-small-pic.webp","width":800,"height":800},{"@type":"BreadcrumbList","@id":"https:\/\/myindustrial.eu\/lv\/shop\/potenciometri-un-sensori\/pielagoti-risinajumi-altmann\/altmann-potenciometru-pielietojums\/#breadcrumb","itemListElement":[{"@type":"ListItem","position":1,"name":"Home","item":"https:\/\/myindustrial.eu\/lv\/"},{"@type":"ListItem","position":2,"name":"Products","item":"https:\/\/myindustrial.eu\/lv\/products\/"},{"@type":"ListItem","position":3,"name":"Altmann potenciometru pielietojums"}]},{"@type":"WebSite","@id":"https:\/\/myindustrial.eu\/lv\/#website","url":"https:\/\/myindustrial.eu\/lv\/","name":"My industrial","description":"","potentialAction":[{"@type":"SearchAction","target":{"@type":"EntryPoint","urlTemplate":"https:\/\/myindustrial.eu\/lv\/?s={search_term_string}"},"query-input":{"@type":"PropertyValueSpecification","valueRequired":true,"valueName":"search_term_string"}}],"inLanguage":"lv-LV"}]}},"_links":{"self":[{"href":"https:\/\/myindustrial.eu\/lv\/wp-json\/wp\/v2\/product\/1260062792","targetHints":{"allow":["GET"]}}],"collection":[{"href":"https:\/\/myindustrial.eu\/lv\/wp-json\/wp\/v2\/product"}],"about":[{"href":"https:\/\/myindustrial.eu\/lv\/wp-json\/wp\/v2\/types\/product"}],"version-history":[{"count":0,"href":"https:\/\/myindustrial.eu\/lv\/wp-json\/wp\/v2\/product\/1260062792\/revisions"}],"wp:featuredmedia":[{"embeddable":true,"href":"https:\/\/myindustrial.eu\/lv\/wp-json\/wp\/v2\/media\/1260061730"}],"wp:attachment":[{"href":"https:\/\/myindustrial.eu\/lv\/wp-json\/wp\/v2\/media?parent=1260062792"}],"wp:term":[{"taxonomy":"product_brand","embeddable":true,"href":"https:\/\/myindustrial.eu\/lv\/wp-json\/wp\/v2\/product_brand?post=1260062792"},{"taxonomy":"product_cat","embeddable":true,"href":"https:\/\/myindustrial.eu\/lv\/wp-json\/wp\/v2\/product_cat?post=1260062792"},{"taxonomy":"product_tag","embeddable":true,"href":"https:\/\/myindustrial.eu\/lv\/wp-json\/wp\/v2\/product_tag?post=1260062792"}],"curies":[{"name":"wp","href":"https:\/\/api.w.org\/{rel}","templated":true}]}}