{"id":1260063129,"date":"2022-12-14T14:02:05","date_gmt":"2022-12-14T14:02:05","guid":{"rendered":"https:\/\/myindustrial.eu\/shop\/uncategorized\/gessmann-housing-for-our-switching-device-c1\/"},"modified":"2023-06-16T20:08:18","modified_gmt":"2023-06-16T20:08:18","slug":"gessmann-housing-for-our-switching-device-c1","status":"publish","type":"product","link":"https:\/\/myindustrial.eu\/lv\/shop\/rupnieciskie-kontrolieri-dzoistiki-un-konsoles\/pielagoti-risinajumi\/gessmann-housing-for-our-switching-device-c1\/","title":{"rendered":"Korpusi komut\u0101cijas ier\u012bc\u0113m"},"content":{"rendered":"<p><span style=\"font-weight: 400\">Standarta precei ir noteikti pamatparametri, ta\u010du \u0161os parametrus var uzlabot atbilsto\u0161i klienta vajadz\u012bb\u0101m.<\/span><b>Tehniskie dati:<\/b><span style=\"font-weight: 400\">Darba temperat\u016bra: -40\u00b0C l\u012bdz +85\u00b0C<\/span><span style=\"font-weight: 400\">Horizont\u0101l\u0101 regul\u0113\u0161ana: +\/- 30 mm<\/span><b>Pamata ievieto\u0161anas pl\u0101ksne:<\/b><span style=\"font-weight: 400\">Tr\u012bs pamata ielikt\u0146u pl\u0101ksnes: daudzas vari\u0101cijas<\/span><span style=\"font-weight: 400\">Klientam rakstur\u012bgi ielikt\u0146i: realiz\u0113ti ar nelielu piep\u016bli<\/span><span style=\"font-weight: 400\">Nav iepriek\u0161 defin\u0113ta re\u017e\u0123a<\/span><b>Kompakts:<\/b><span style=\"font-weight: 400\">(PxGxA), 160x520x100 l\u012bdz 150 mm<\/span><b>Korpusa aug\u0161\u0113j\u0101 da\u013ca:<\/b><span style=\"font-weight: 400\">Pl\u0101ns un iztur\u012bgs korpuss<\/span><span style=\"font-weight: 400\">Da\u017e\u0101das mont\u0101\u017eas iesp\u0113jas<\/span><b>Roku balsti un glab\u0101\u0161anas nodal\u012bjums:<\/b><span style=\"font-weight: 400\">Roku balsts regul\u0113jams da\u017e\u0101dos augstumos<\/span><span style=\"font-weight: 400\">Ergonomisks un paroc\u012bgs roku paliktnis<\/span><span style=\"font-weight: 400\">Uzst\u0101d\u012b\u0161anas nosac\u012bjumi individu\u0101li<\/span><b>Esiet rado\u0161i:<\/b><span style=\"font-weight: 400\">Izveidojiet savu z\u012bmolu<\/span><span style=\"font-weight: 400\">Ar vai bez uz\u0146\u0113muma logotipa<\/span><span style=\"font-weight: 400\">Ir pieejams apgaismots<\/span><b>Ambilight<\/b><span style=\"font-weight: 400\">Izstr\u0101d\u0101jam individu\u0101lus apgaismojuma risin\u0101jumus\u00a0<\/span><span style=\"font-weight: 400\">Visi realiz\u0113tie projekti bie\u017ei tika balst\u012bti uz konstruktora tipu, s\u0101kotn\u0113ji izveidojot pamata virsb\u016bvi un v\u0113l\u0101k papildinot to ar papildu piederumiem un deta\u013c\u0101m. \u0160\u012b modu\u013cu ideja ir noder\u012bga, ja v\u0113laties papildin\u0101t to, kas jums jau ir.<\/span><iframe width=\"560\" height=\"315\" src=\"https:\/\/www.youtube.com\/embed\/7iSu28NLHTk\" frameborder=\"0\" allow=\"accelerometer; autoplay; clipboard-write; encrypted-media; gyroscope; picture-in-picture; web-share\" allowfullscreen><\/iframe> <iframe width=\"560\" height=\"315\" src=\"https:\/\/www.youtube.com\/embed\/J0uY1lDOYOc\" frameborder=\"0\" allow=\"accelerometer; autoplay; clipboard-write; encrypted-media; gyroscope; picture-in-picture; web-share\" allowfullscreen><\/iframe><iframe width=\"560\" height=\"315\" src=\"https:\/\/www.youtube.com\/embed\/Ei8P8Yr6Evk\" frameborder=\"0\" allow=\"accelerometer; autoplay; clipboard-write; encrypted-media; gyroscope; picture-in-picture; web-share\" allowfullscreen><\/iframe><\/p>\n","protected":false},"excerpt":{"rendered":"<p>Vad\u012bbas pane\u013ci, kuri sniedz klientam bezgal\u012bgas modifik\u0101cijas iesp\u0113jas.<br \/>\nM\u0113s izgatavojam da\u017e\u0101da veida vad\u012bbas pane\u013cus, lai sniegtu saviem klientiem maksim\u0101lu dizaina un konfigur\u0101cijas iesp\u0113ju br\u012bv\u012bbu.<br \/>\nProjekt\u0113jot tika piev\u0113rsta uzman\u012bba klienta piepras\u012btajai kompaktajai formai un ergonomikai, ko iesp\u0113jams papla\u0161in\u0101t ar papildus modu\u013ciem vai pagarin\u0101juma elementiem.<br \/>\nModul\u0101rais dizains \u013cauj veikt individu\u0101lu konfigur\u0101ciju ar kursorsvir\u0101m, displejiem un komandu ier\u012bc\u0113m.<\/p>\n<p>K\u0101 pamatprofilus izmantojam t\u0113rauda loksnes (materi\u0101la biezums 1\/1,5 mm), plastmasas polikarbon\u0101tu, plastmasas poliestera korpusu. Paredzam\u0101 aizsardz\u012bbas klase IP54, IP65. Kr\u0101sojums RAL 7032 pel\u0113ka tekst\u016bras laka, RAL 7035 gai\u0161i pel\u0113ka, RAL 7000 pel\u0113ka, RAL 9011 melna.<\/p>\n<p>\u0100r\u0113jie izm\u0113ri (mm), kas aprakst\u012bti k\u0101 (PxGxH), ir no 200 x 200 x 92 (120 x 122 x 105) l\u012bdz 260 x 600 x 105 (250 x 600 x 120). Bie\u017ei kombin\u0113jam korpusus no vair\u0101k\u0101m \u0123eometrisk\u0101m form\u0101m, kas veido modu\u013cu formu, t\u0101d\u0113j\u0101di nodro\u0161inot klientam visda\u017e\u0101d\u0101k\u0101s darba telpas un agreg\u0101tu izvieto\u0161anas iesp\u0113jas.<\/p>\n<p>Viens no lab\u0101kajiem piem\u0113riem ir &#8220;Vad\u012bbas panelis C1&#8221;, kas tika izveidots tie\u0161i p\u0113c vair\u0101kiem klientu eksperimentiem un \u012bpa\u0161u produktu izstr\u0101des. \u0160o konsoli bie\u017ei iesak\u0101m k\u0101 b\u0101zes konsoli un iesp\u0113ju b\u016bv\u0113t uz t\u0101s darba virsmas, kas tiks individu\u0101li piel\u0101gota katra operatora vajadz\u012bb\u0101m.<\/p>\n","protected":false},"featured_media":1260062871,"template":"","meta":[],"product_brand":[],"product_cat":[1317,1643],"product_tag":[],"class_list":{"0":"post-1260063129","1":"product","2":"type-product","3":"status-publish","4":"has-post-thumbnail","6":"product_cat-rupnieciskie-kontrolieri-dzoistiki-un-konsoles","7":"product_cat-pielagoti-risinajumi","9":"first","10":"instock","11":"shipping-taxable","12":"product-type-simple"},"yoast_head":"<!-- This site is optimized with the Yoast SEO plugin v27.1.1 - https:\/\/yoast.com\/product\/yoast-seo-wordpress\/ -->\n<title>Korpusi komut\u0101cijas ier\u012bc\u0113m - My industrial<\/title>\n<meta name=\"robots\" content=\"index, follow, max-snippet:-1, max-image-preview:large, max-video-preview:-1\" \/>\n<link rel=\"canonical\" href=\"https:\/\/myindustrial.eu\/lv\/shop\/rupnieciskie-kontrolieri-dzoistiki-un-konsoles\/pielagoti-risinajumi\/gessmann-housing-for-our-switching-device-c1\/\" \/>\n<meta property=\"og:locale\" content=\"lv_LV\" \/>\n<meta property=\"og:type\" content=\"article\" \/>\n<meta property=\"og:title\" content=\"Korpusi komut\u0101cijas ier\u012bc\u0113m - My industrial\" \/>\n<meta property=\"og:description\" content=\"Vad\u012bbas pane\u013ci, kuri sniedz klientam bezgal\u012bgas modifik\u0101cijas iesp\u0113jas. M\u0113s izgatavojam da\u017e\u0101da veida vad\u012bbas pane\u013cus, lai sniegtu saviem klientiem maksim\u0101lu dizaina un konfigur\u0101cijas iesp\u0113ju br\u012bv\u012bbu. Projekt\u0113jot tika piev\u0113rsta uzman\u012bba klienta piepras\u012btajai kompaktajai formai un ergonomikai, ko iesp\u0113jams papla\u0161in\u0101t ar papildus modu\u013ciem vai pagarin\u0101juma elementiem. Modul\u0101rais dizains \u013cauj veikt individu\u0101lu konfigur\u0101ciju ar kursorsvir\u0101m, displejiem un komandu ier\u012bc\u0113m.  K\u0101 pamatprofilus izmantojam t\u0113rauda loksnes (materi\u0101la biezums 1\/1,5 mm), plastmasas polikarbon\u0101tu, plastmasas poliestera korpusu. Paredzam\u0101 aizsardz\u012bbas klase IP54, IP65. Kr\u0101sojums RAL 7032 pel\u0113ka tekst\u016bras laka, RAL 7035 gai\u0161i pel\u0113ka, RAL 7000 pel\u0113ka, RAL 9011 melna.  \u0100r\u0113jie izm\u0113ri (mm), kas aprakst\u012bti k\u0101 (PxGxH), ir no 200 x 200 x 92 (120 x 122 x 105) l\u012bdz 260 x 600 x 105 (250 x 600 x 120). Bie\u017ei kombin\u0113jam korpusus no vair\u0101k\u0101m \u0123eometrisk\u0101m form\u0101m, kas veido modu\u013cu formu, t\u0101d\u0113j\u0101di nodro\u0161inot klientam visda\u017e\u0101d\u0101k\u0101s darba telpas un agreg\u0101tu izvieto\u0161anas iesp\u0113jas.  Viens no lab\u0101kajiem piem\u0113riem ir &quot;Vad\u012bbas panelis C1&quot;, kas tika izveidots tie\u0161i p\u0113c vair\u0101kiem klientu eksperimentiem un \u012bpa\u0161u produktu izstr\u0101des. \u0160o konsoli bie\u017ei iesak\u0101m k\u0101 b\u0101zes konsoli un iesp\u0113ju b\u016bv\u0113t uz t\u0101s darba virsmas, kas tiks individu\u0101li piel\u0101gota katra operatora vajadz\u012bb\u0101m.\" \/>\n<meta property=\"og:url\" content=\"https:\/\/myindustrial.eu\/lv\/shop\/rupnieciskie-kontrolieri-dzoistiki-un-konsoles\/pielagoti-risinajumi\/gessmann-housing-for-our-switching-device-c1\/\" \/>\n<meta property=\"og:site_name\" content=\"My industrial\" \/>\n<meta property=\"article:modified_time\" content=\"2023-06-16T20:08:18+00:00\" \/>\n<meta property=\"og:image\" content=\"https:\/\/myindustrial.eu\/wp-content\/uploads\/2022\/01\/c1-kalender.180.webp\" \/>\n\t<meta property=\"og:image:width\" content=\"1800\" \/>\n\t<meta property=\"og:image:height\" content=\"1290\" \/>\n\t<meta property=\"og:image:type\" content=\"image\/webp\" \/>\n<meta name=\"twitter:card\" content=\"summary_large_image\" \/>\n<script type=\"application\/ld+json\" class=\"yoast-schema-graph\">{\"@context\":\"https:\/\/schema.org\",\"@graph\":[{\"@type\":\"WebPage\",\"@id\":\"https:\/\/myindustrial.eu\/lv\/shop\/rupnieciskie-kontrolieri-dzoistiki-un-konsoles\/pielagoti-risinajumi\/gessmann-housing-for-our-switching-device-c1\/\",\"url\":\"https:\/\/myindustrial.eu\/lv\/shop\/rupnieciskie-kontrolieri-dzoistiki-un-konsoles\/pielagoti-risinajumi\/gessmann-housing-for-our-switching-device-c1\/\",\"name\":\"Korpusi komut\u0101cijas ier\u012bc\u0113m - My industrial\",\"isPartOf\":{\"@id\":\"https:\/\/myindustrial.eu\/lv\/#website\"},\"primaryImageOfPage\":{\"@id\":\"https:\/\/myindustrial.eu\/lv\/shop\/rupnieciskie-kontrolieri-dzoistiki-un-konsoles\/pielagoti-risinajumi\/gessmann-housing-for-our-switching-device-c1\/#primaryimage\"},\"image\":{\"@id\":\"https:\/\/myindustrial.eu\/lv\/shop\/rupnieciskie-kontrolieri-dzoistiki-un-konsoles\/pielagoti-risinajumi\/gessmann-housing-for-our-switching-device-c1\/#primaryimage\"},\"thumbnailUrl\":\"https:\/\/myindustrial.eu\/wp-content\/uploads\/2022\/01\/c1-kalender.180.webp\",\"datePublished\":\"2022-12-14T14:02:05+00:00\",\"dateModified\":\"2023-06-16T20:08:18+00:00\",\"breadcrumb\":{\"@id\":\"https:\/\/myindustrial.eu\/lv\/shop\/rupnieciskie-kontrolieri-dzoistiki-un-konsoles\/pielagoti-risinajumi\/gessmann-housing-for-our-switching-device-c1\/#breadcrumb\"},\"inLanguage\":\"lv-LV\",\"potentialAction\":[{\"@type\":\"ReadAction\",\"target\":[\"https:\/\/myindustrial.eu\/lv\/shop\/rupnieciskie-kontrolieri-dzoistiki-un-konsoles\/pielagoti-risinajumi\/gessmann-housing-for-our-switching-device-c1\/\"]}]},{\"@type\":\"ImageObject\",\"inLanguage\":\"lv-LV\",\"@id\":\"https:\/\/myindustrial.eu\/lv\/shop\/rupnieciskie-kontrolieri-dzoistiki-un-konsoles\/pielagoti-risinajumi\/gessmann-housing-for-our-switching-device-c1\/#primaryimage\",\"url\":\"https:\/\/myindustrial.eu\/wp-content\/uploads\/2022\/01\/c1-kalender.180.webp\",\"contentUrl\":\"https:\/\/myindustrial.eu\/wp-content\/uploads\/2022\/01\/c1-kalender.180.webp\",\"width\":1800,\"height\":1290},{\"@type\":\"BreadcrumbList\",\"@id\":\"https:\/\/myindustrial.eu\/lv\/shop\/rupnieciskie-kontrolieri-dzoistiki-un-konsoles\/pielagoti-risinajumi\/gessmann-housing-for-our-switching-device-c1\/#breadcrumb\",\"itemListElement\":[{\"@type\":\"ListItem\",\"position\":1,\"name\":\"Home\",\"item\":\"https:\/\/myindustrial.eu\/lv\/\"},{\"@type\":\"ListItem\",\"position\":2,\"name\":\"Products\",\"item\":\"https:\/\/myindustrial.eu\/lv\/products\/\"},{\"@type\":\"ListItem\",\"position\":3,\"name\":\"Korpusi komut\u0101cijas ier\u012bc\u0113m\"}]},{\"@type\":\"WebSite\",\"@id\":\"https:\/\/myindustrial.eu\/lv\/#website\",\"url\":\"https:\/\/myindustrial.eu\/lv\/\",\"name\":\"My industrial\",\"description\":\"\",\"potentialAction\":[{\"@type\":\"SearchAction\",\"target\":{\"@type\":\"EntryPoint\",\"urlTemplate\":\"https:\/\/myindustrial.eu\/lv\/?s={search_term_string}\"},\"query-input\":{\"@type\":\"PropertyValueSpecification\",\"valueRequired\":true,\"valueName\":\"search_term_string\"}}],\"inLanguage\":\"lv-LV\"}]}<\/script>\n<!-- \/ Yoast SEO plugin. -->","yoast_head_json":{"title":"Korpusi komut\u0101cijas ier\u012bc\u0113m - My industrial","robots":{"index":"index","follow":"follow","max-snippet":"max-snippet:-1","max-image-preview":"max-image-preview:large","max-video-preview":"max-video-preview:-1"},"canonical":"https:\/\/myindustrial.eu\/lv\/shop\/rupnieciskie-kontrolieri-dzoistiki-un-konsoles\/pielagoti-risinajumi\/gessmann-housing-for-our-switching-device-c1\/","og_locale":"lv_LV","og_type":"article","og_title":"Korpusi komut\u0101cijas ier\u012bc\u0113m - My industrial","og_description":"Vad\u012bbas pane\u013ci, kuri sniedz klientam bezgal\u012bgas modifik\u0101cijas iesp\u0113jas. M\u0113s izgatavojam da\u017e\u0101da veida vad\u012bbas pane\u013cus, lai sniegtu saviem klientiem maksim\u0101lu dizaina un konfigur\u0101cijas iesp\u0113ju br\u012bv\u012bbu. Projekt\u0113jot tika piev\u0113rsta uzman\u012bba klienta piepras\u012btajai kompaktajai formai un ergonomikai, ko iesp\u0113jams papla\u0161in\u0101t ar papildus modu\u013ciem vai pagarin\u0101juma elementiem. Modul\u0101rais dizains \u013cauj veikt individu\u0101lu konfigur\u0101ciju ar kursorsvir\u0101m, displejiem un komandu ier\u012bc\u0113m.  K\u0101 pamatprofilus izmantojam t\u0113rauda loksnes (materi\u0101la biezums 1\/1,5 mm), plastmasas polikarbon\u0101tu, plastmasas poliestera korpusu. Paredzam\u0101 aizsardz\u012bbas klase IP54, IP65. Kr\u0101sojums RAL 7032 pel\u0113ka tekst\u016bras laka, RAL 7035 gai\u0161i pel\u0113ka, RAL 7000 pel\u0113ka, RAL 9011 melna.  \u0100r\u0113jie izm\u0113ri (mm), kas aprakst\u012bti k\u0101 (PxGxH), ir no 200 x 200 x 92 (120 x 122 x 105) l\u012bdz 260 x 600 x 105 (250 x 600 x 120). Bie\u017ei kombin\u0113jam korpusus no vair\u0101k\u0101m \u0123eometrisk\u0101m form\u0101m, kas veido modu\u013cu formu, t\u0101d\u0113j\u0101di nodro\u0161inot klientam visda\u017e\u0101d\u0101k\u0101s darba telpas un agreg\u0101tu izvieto\u0161anas iesp\u0113jas.  Viens no lab\u0101kajiem piem\u0113riem ir \"Vad\u012bbas panelis C1\", kas tika izveidots tie\u0161i p\u0113c vair\u0101kiem klientu eksperimentiem un \u012bpa\u0161u produktu izstr\u0101des. \u0160o konsoli bie\u017ei iesak\u0101m k\u0101 b\u0101zes konsoli un iesp\u0113ju b\u016bv\u0113t uz t\u0101s darba virsmas, kas tiks individu\u0101li piel\u0101gota katra operatora vajadz\u012bb\u0101m.","og_url":"https:\/\/myindustrial.eu\/lv\/shop\/rupnieciskie-kontrolieri-dzoistiki-un-konsoles\/pielagoti-risinajumi\/gessmann-housing-for-our-switching-device-c1\/","og_site_name":"My industrial","article_modified_time":"2023-06-16T20:08:18+00:00","og_image":[{"width":1800,"height":1290,"url":"https:\/\/myindustrial.eu\/wp-content\/uploads\/2022\/01\/c1-kalender.180.webp","type":"image\/webp"}],"twitter_card":"summary_large_image","schema":{"@context":"https:\/\/schema.org","@graph":[{"@type":"WebPage","@id":"https:\/\/myindustrial.eu\/lv\/shop\/rupnieciskie-kontrolieri-dzoistiki-un-konsoles\/pielagoti-risinajumi\/gessmann-housing-for-our-switching-device-c1\/","url":"https:\/\/myindustrial.eu\/lv\/shop\/rupnieciskie-kontrolieri-dzoistiki-un-konsoles\/pielagoti-risinajumi\/gessmann-housing-for-our-switching-device-c1\/","name":"Korpusi komut\u0101cijas ier\u012bc\u0113m - My industrial","isPartOf":{"@id":"https:\/\/myindustrial.eu\/lv\/#website"},"primaryImageOfPage":{"@id":"https:\/\/myindustrial.eu\/lv\/shop\/rupnieciskie-kontrolieri-dzoistiki-un-konsoles\/pielagoti-risinajumi\/gessmann-housing-for-our-switching-device-c1\/#primaryimage"},"image":{"@id":"https:\/\/myindustrial.eu\/lv\/shop\/rupnieciskie-kontrolieri-dzoistiki-un-konsoles\/pielagoti-risinajumi\/gessmann-housing-for-our-switching-device-c1\/#primaryimage"},"thumbnailUrl":"https:\/\/myindustrial.eu\/wp-content\/uploads\/2022\/01\/c1-kalender.180.webp","datePublished":"2022-12-14T14:02:05+00:00","dateModified":"2023-06-16T20:08:18+00:00","breadcrumb":{"@id":"https:\/\/myindustrial.eu\/lv\/shop\/rupnieciskie-kontrolieri-dzoistiki-un-konsoles\/pielagoti-risinajumi\/gessmann-housing-for-our-switching-device-c1\/#breadcrumb"},"inLanguage":"lv-LV","potentialAction":[{"@type":"ReadAction","target":["https:\/\/myindustrial.eu\/lv\/shop\/rupnieciskie-kontrolieri-dzoistiki-un-konsoles\/pielagoti-risinajumi\/gessmann-housing-for-our-switching-device-c1\/"]}]},{"@type":"ImageObject","inLanguage":"lv-LV","@id":"https:\/\/myindustrial.eu\/lv\/shop\/rupnieciskie-kontrolieri-dzoistiki-un-konsoles\/pielagoti-risinajumi\/gessmann-housing-for-our-switching-device-c1\/#primaryimage","url":"https:\/\/myindustrial.eu\/wp-content\/uploads\/2022\/01\/c1-kalender.180.webp","contentUrl":"https:\/\/myindustrial.eu\/wp-content\/uploads\/2022\/01\/c1-kalender.180.webp","width":1800,"height":1290},{"@type":"BreadcrumbList","@id":"https:\/\/myindustrial.eu\/lv\/shop\/rupnieciskie-kontrolieri-dzoistiki-un-konsoles\/pielagoti-risinajumi\/gessmann-housing-for-our-switching-device-c1\/#breadcrumb","itemListElement":[{"@type":"ListItem","position":1,"name":"Home","item":"https:\/\/myindustrial.eu\/lv\/"},{"@type":"ListItem","position":2,"name":"Products","item":"https:\/\/myindustrial.eu\/lv\/products\/"},{"@type":"ListItem","position":3,"name":"Korpusi komut\u0101cijas ier\u012bc\u0113m"}]},{"@type":"WebSite","@id":"https:\/\/myindustrial.eu\/lv\/#website","url":"https:\/\/myindustrial.eu\/lv\/","name":"My industrial","description":"","potentialAction":[{"@type":"SearchAction","target":{"@type":"EntryPoint","urlTemplate":"https:\/\/myindustrial.eu\/lv\/?s={search_term_string}"},"query-input":{"@type":"PropertyValueSpecification","valueRequired":true,"valueName":"search_term_string"}}],"inLanguage":"lv-LV"}]}},"_links":{"self":[{"href":"https:\/\/myindustrial.eu\/lv\/wp-json\/wp\/v2\/product\/1260063129","targetHints":{"allow":["GET"]}}],"collection":[{"href":"https:\/\/myindustrial.eu\/lv\/wp-json\/wp\/v2\/product"}],"about":[{"href":"https:\/\/myindustrial.eu\/lv\/wp-json\/wp\/v2\/types\/product"}],"version-history":[{"count":0,"href":"https:\/\/myindustrial.eu\/lv\/wp-json\/wp\/v2\/product\/1260063129\/revisions"}],"wp:featuredmedia":[{"embeddable":true,"href":"https:\/\/myindustrial.eu\/lv\/wp-json\/wp\/v2\/media\/1260062871"}],"wp:attachment":[{"href":"https:\/\/myindustrial.eu\/lv\/wp-json\/wp\/v2\/media?parent=1260063129"}],"wp:term":[{"taxonomy":"product_brand","embeddable":true,"href":"https:\/\/myindustrial.eu\/lv\/wp-json\/wp\/v2\/product_brand?post=1260063129"},{"taxonomy":"product_cat","embeddable":true,"href":"https:\/\/myindustrial.eu\/lv\/wp-json\/wp\/v2\/product_cat?post=1260063129"},{"taxonomy":"product_tag","embeddable":true,"href":"https:\/\/myindustrial.eu\/lv\/wp-json\/wp\/v2\/product_tag?post=1260063129"}],"curies":[{"name":"wp","href":"https:\/\/api.w.org\/{rel}","templated":true}]}}