{"id":1260065495,"date":"2024-12-02T10:07:03","date_gmt":"2024-12-02T10:07:03","guid":{"rendered":"https:\/\/myindustrial.eu\/shop\/uncategorized\/hydraulic-buffer-type-pudz-iii-cartridge\/"},"modified":"2024-12-26T16:31:25","modified_gmt":"2024-12-26T16:31:25","slug":"hydraulic-buffer-type-pudz-iii-cartridge","status":"publish","type":"product","link":"https:\/\/myindustrial.eu\/lv\/shop\/rupnieciskas-bremzu-sistemas-un-piedzinas-apstadinasanas-komponentes\/buferis-amortizators\/hydraulic-buffer-type-pudz-iii-cartridge\/","title":{"rendered":"Hidrauliskais buferis PUDZ III Cartridge"},"content":{"rendered":"<p><b>Raksturojums<\/b><\/p>\n<ul>\n<li style=\"font-weight: 400;\" aria-level=\"1\"><span style=\"font-weight: 400;\">Stie\u0146a izm\u0113ri: \u00d8 50 mm un \u00d8 63 mm<\/span><\/li>\n<li style=\"font-weight: 400;\" aria-level=\"1\"><span style=\"font-weight: 400;\">G\u0101jiena garums: no 50 mm l\u012bdz 200 mm<\/span><\/li>\n<li style=\"font-weight: 400;\" aria-level=\"1\"><span style=\"font-weight: 400;\">Ener\u0123ijas absorb\u0113\u0161ana: l\u012bdz 11 kJ\/g\u0101jiens<\/span><\/li>\n<li style=\"font-weight: 400;\" aria-level=\"1\"><span style=\"font-weight: 400;\">Maksim\u0101lais bufera sp\u0113ks: l\u012bdz 100 kN<\/span><\/li>\n<li style=\"font-weight: 400;\" aria-level=\"1\"><span style=\"font-weight: 400;\">Apk\u0101rt\u0113j\u0101s vides temperat\u016bra: no -20\u00b0C l\u012bdz +60\u00b0C<\/span><\/li>\n<li style=\"font-weight: 400;\" aria-level=\"1\"><span style=\"font-weight: 400;\">Univers\u0101la mont\u0101\u017eas sist\u0113ma ar v\u012btni uz bufera korpusa<\/span><\/li>\n<\/ul>\n<p><b>Tehnisk\u0101s priek\u0161roc\u012bbas<\/b><\/p>\n<ul>\n<li style=\"font-weight: 400;\" aria-level=\"1\"><span style=\"font-weight: 400;\">Integr\u0113ts virzu\u013ca akumulators ar sl\u0101pek\u013ca pild\u012bjumu<\/span><\/li>\n<li style=\"font-weight: 400;\" aria-level=\"1\"><span style=\"font-weight: 400;\">Progres\u012bvi pieaugo\u0161s atjaunojo\u0161ais sp\u0113ks g\u0101jiena beig\u0101s<\/span><\/li>\n<li style=\"font-weight: 400;\" aria-level=\"1\"><span style=\"font-weight: 400;\">Univers\u0101la mont\u0101\u017eas sist\u0113ma ar v\u012btni uz bufera korpusa<\/span><\/li>\n<\/ul>\n<p><b>Hidraulisk\u0101 e\u013c\u013ca:<\/b><\/p>\n<ul>\n<li style=\"font-weight: 400;\" aria-level=\"1\"><span style=\"font-weight: 400;\">Castrol Hyspin HVI46<\/span><\/li>\n<li style=\"font-weight: 400;\" aria-level=\"1\"><span style=\"font-weight: 400;\">Hadol HLP 46<\/span><\/li>\n<\/ul>\n<p><b>Sl\u0101peklis:<\/b><\/p>\n<ul>\n<li style=\"font-weight: 400;\" aria-level=\"1\"><span style=\"font-weight: 400;\">UN1066\/ Nitrogen 2.8\/ EG-Nr.: 231-783-9<\/span><\/li>\n<\/ul>\n","protected":false},"excerpt":{"rendered":"<p><span style=\"font-weight: 400;\">\u012apa\u0161i piem\u0113rots izmanto\u0161anai p\u0101\u013cu dz\u012b\u0161anas un urb\u0161anas iek\u0101rt\u0101s, k\u0101 ar\u012b ma\u0161\u012bnb\u016bv\u0113 un r\u016bpniecisko objektu b\u016bvniec\u012bb\u0101.<\/span><\/p>\n","protected":false},"featured_media":1260064797,"template":"","meta":[],"product_brand":[],"product_cat":[1685],"product_tag":[],"class_list":{"0":"post-1260065495","1":"product","2":"type-product","3":"status-publish","4":"has-post-thumbnail","6":"product_cat-buferis-amortizators","8":"first","9":"instock","10":"shipping-taxable","11":"product-type-simple"},"yoast_head":"<!-- This site is optimized with the Yoast SEO plugin v27.1.1 - https:\/\/yoast.com\/product\/yoast-seo-wordpress\/ -->\n<title>Hidrauliskais buferis PUDZ III Cartridge - My industrial<\/title>\n<meta name=\"robots\" content=\"index, follow, max-snippet:-1, max-image-preview:large, max-video-preview:-1\" \/>\n<link rel=\"canonical\" href=\"https:\/\/myindustrial.eu\/lv\/shop\/rupnieciskas-bremzu-sistemas-un-piedzinas-apstadinasanas-komponentes\/buferis-amortizators\/hydraulic-buffer-type-pudz-iii-cartridge\/\" \/>\n<meta property=\"og:locale\" content=\"lv_LV\" \/>\n<meta property=\"og:type\" content=\"article\" \/>\n<meta property=\"og:title\" content=\"Hidrauliskais buferis PUDZ III Cartridge - My industrial\" \/>\n<meta property=\"og:description\" content=\"\u012apa\u0161i piem\u0113rots izmanto\u0161anai p\u0101\u013cu dz\u012b\u0161anas un urb\u0161anas iek\u0101rt\u0101s, k\u0101 ar\u012b ma\u0161\u012bnb\u016bv\u0113 un r\u016bpniecisko objektu b\u016bvniec\u012bb\u0101.\" \/>\n<meta property=\"og:url\" content=\"https:\/\/myindustrial.eu\/lv\/shop\/rupnieciskas-bremzu-sistemas-un-piedzinas-apstadinasanas-komponentes\/buferis-amortizators\/hydraulic-buffer-type-pudz-iii-cartridge\/\" \/>\n<meta property=\"og:site_name\" content=\"My industrial\" \/>\n<meta property=\"article:modified_time\" content=\"2024-12-26T16:31:25+00:00\" \/>\n<meta property=\"og:image\" content=\"https:\/\/myindustrial.eu\/wp-content\/uploads\/2024\/12\/v_puffer_pudz-iii-patrone.webp\" \/>\n\t<meta property=\"og:image:width\" content=\"800\" \/>\n\t<meta property=\"og:image:height\" content=\"800\" \/>\n\t<meta property=\"og:image:type\" content=\"image\/webp\" \/>\n<meta name=\"twitter:card\" content=\"summary_large_image\" \/>\n<script type=\"application\/ld+json\" class=\"yoast-schema-graph\">{\"@context\":\"https:\/\/schema.org\",\"@graph\":[{\"@type\":\"WebPage\",\"@id\":\"https:\/\/myindustrial.eu\/lv\/shop\/rupnieciskas-bremzu-sistemas-un-piedzinas-apstadinasanas-komponentes\/buferis-amortizators\/hydraulic-buffer-type-pudz-iii-cartridge\/\",\"url\":\"https:\/\/myindustrial.eu\/lv\/shop\/rupnieciskas-bremzu-sistemas-un-piedzinas-apstadinasanas-komponentes\/buferis-amortizators\/hydraulic-buffer-type-pudz-iii-cartridge\/\",\"name\":\"Hidrauliskais buferis PUDZ III Cartridge - My industrial\",\"isPartOf\":{\"@id\":\"https:\/\/myindustrial.eu\/lv\/#website\"},\"primaryImageOfPage\":{\"@id\":\"https:\/\/myindustrial.eu\/lv\/shop\/rupnieciskas-bremzu-sistemas-un-piedzinas-apstadinasanas-komponentes\/buferis-amortizators\/hydraulic-buffer-type-pudz-iii-cartridge\/#primaryimage\"},\"image\":{\"@id\":\"https:\/\/myindustrial.eu\/lv\/shop\/rupnieciskas-bremzu-sistemas-un-piedzinas-apstadinasanas-komponentes\/buferis-amortizators\/hydraulic-buffer-type-pudz-iii-cartridge\/#primaryimage\"},\"thumbnailUrl\":\"https:\/\/myindustrial.eu\/wp-content\/uploads\/2024\/12\/v_puffer_pudz-iii-patrone.webp\",\"datePublished\":\"2024-12-02T10:07:03+00:00\",\"dateModified\":\"2024-12-26T16:31:25+00:00\",\"breadcrumb\":{\"@id\":\"https:\/\/myindustrial.eu\/lv\/shop\/rupnieciskas-bremzu-sistemas-un-piedzinas-apstadinasanas-komponentes\/buferis-amortizators\/hydraulic-buffer-type-pudz-iii-cartridge\/#breadcrumb\"},\"inLanguage\":\"lv-LV\",\"potentialAction\":[{\"@type\":\"ReadAction\",\"target\":[\"https:\/\/myindustrial.eu\/lv\/shop\/rupnieciskas-bremzu-sistemas-un-piedzinas-apstadinasanas-komponentes\/buferis-amortizators\/hydraulic-buffer-type-pudz-iii-cartridge\/\"]}]},{\"@type\":\"ImageObject\",\"inLanguage\":\"lv-LV\",\"@id\":\"https:\/\/myindustrial.eu\/lv\/shop\/rupnieciskas-bremzu-sistemas-un-piedzinas-apstadinasanas-komponentes\/buferis-amortizators\/hydraulic-buffer-type-pudz-iii-cartridge\/#primaryimage\",\"url\":\"https:\/\/myindustrial.eu\/wp-content\/uploads\/2024\/12\/v_puffer_pudz-iii-patrone.webp\",\"contentUrl\":\"https:\/\/myindustrial.eu\/wp-content\/uploads\/2024\/12\/v_puffer_pudz-iii-patrone.webp\",\"width\":800,\"height\":800},{\"@type\":\"BreadcrumbList\",\"@id\":\"https:\/\/myindustrial.eu\/lv\/shop\/rupnieciskas-bremzu-sistemas-un-piedzinas-apstadinasanas-komponentes\/buferis-amortizators\/hydraulic-buffer-type-pudz-iii-cartridge\/#breadcrumb\",\"itemListElement\":[{\"@type\":\"ListItem\",\"position\":1,\"name\":\"Home\",\"item\":\"https:\/\/myindustrial.eu\/lv\/\"},{\"@type\":\"ListItem\",\"position\":2,\"name\":\"Products\",\"item\":\"https:\/\/myindustrial.eu\/lv\/products\/\"},{\"@type\":\"ListItem\",\"position\":3,\"name\":\"Hidrauliskais buferis PUDZ III Cartridge\"}]},{\"@type\":\"WebSite\",\"@id\":\"https:\/\/myindustrial.eu\/lv\/#website\",\"url\":\"https:\/\/myindustrial.eu\/lv\/\",\"name\":\"My industrial\",\"description\":\"\",\"potentialAction\":[{\"@type\":\"SearchAction\",\"target\":{\"@type\":\"EntryPoint\",\"urlTemplate\":\"https:\/\/myindustrial.eu\/lv\/?s={search_term_string}\"},\"query-input\":{\"@type\":\"PropertyValueSpecification\",\"valueRequired\":true,\"valueName\":\"search_term_string\"}}],\"inLanguage\":\"lv-LV\"}]}<\/script>\n<!-- \/ Yoast SEO plugin. -->","yoast_head_json":{"title":"Hidrauliskais buferis PUDZ III Cartridge - My industrial","robots":{"index":"index","follow":"follow","max-snippet":"max-snippet:-1","max-image-preview":"max-image-preview:large","max-video-preview":"max-video-preview:-1"},"canonical":"https:\/\/myindustrial.eu\/lv\/shop\/rupnieciskas-bremzu-sistemas-un-piedzinas-apstadinasanas-komponentes\/buferis-amortizators\/hydraulic-buffer-type-pudz-iii-cartridge\/","og_locale":"lv_LV","og_type":"article","og_title":"Hidrauliskais buferis PUDZ III Cartridge - My industrial","og_description":"\u012apa\u0161i piem\u0113rots izmanto\u0161anai p\u0101\u013cu dz\u012b\u0161anas un urb\u0161anas iek\u0101rt\u0101s, k\u0101 ar\u012b ma\u0161\u012bnb\u016bv\u0113 un r\u016bpniecisko objektu b\u016bvniec\u012bb\u0101.","og_url":"https:\/\/myindustrial.eu\/lv\/shop\/rupnieciskas-bremzu-sistemas-un-piedzinas-apstadinasanas-komponentes\/buferis-amortizators\/hydraulic-buffer-type-pudz-iii-cartridge\/","og_site_name":"My industrial","article_modified_time":"2024-12-26T16:31:25+00:00","og_image":[{"width":800,"height":800,"url":"https:\/\/myindustrial.eu\/wp-content\/uploads\/2024\/12\/v_puffer_pudz-iii-patrone.webp","type":"image\/webp"}],"twitter_card":"summary_large_image","schema":{"@context":"https:\/\/schema.org","@graph":[{"@type":"WebPage","@id":"https:\/\/myindustrial.eu\/lv\/shop\/rupnieciskas-bremzu-sistemas-un-piedzinas-apstadinasanas-komponentes\/buferis-amortizators\/hydraulic-buffer-type-pudz-iii-cartridge\/","url":"https:\/\/myindustrial.eu\/lv\/shop\/rupnieciskas-bremzu-sistemas-un-piedzinas-apstadinasanas-komponentes\/buferis-amortizators\/hydraulic-buffer-type-pudz-iii-cartridge\/","name":"Hidrauliskais buferis PUDZ III Cartridge - My industrial","isPartOf":{"@id":"https:\/\/myindustrial.eu\/lv\/#website"},"primaryImageOfPage":{"@id":"https:\/\/myindustrial.eu\/lv\/shop\/rupnieciskas-bremzu-sistemas-un-piedzinas-apstadinasanas-komponentes\/buferis-amortizators\/hydraulic-buffer-type-pudz-iii-cartridge\/#primaryimage"},"image":{"@id":"https:\/\/myindustrial.eu\/lv\/shop\/rupnieciskas-bremzu-sistemas-un-piedzinas-apstadinasanas-komponentes\/buferis-amortizators\/hydraulic-buffer-type-pudz-iii-cartridge\/#primaryimage"},"thumbnailUrl":"https:\/\/myindustrial.eu\/wp-content\/uploads\/2024\/12\/v_puffer_pudz-iii-patrone.webp","datePublished":"2024-12-02T10:07:03+00:00","dateModified":"2024-12-26T16:31:25+00:00","breadcrumb":{"@id":"https:\/\/myindustrial.eu\/lv\/shop\/rupnieciskas-bremzu-sistemas-un-piedzinas-apstadinasanas-komponentes\/buferis-amortizators\/hydraulic-buffer-type-pudz-iii-cartridge\/#breadcrumb"},"inLanguage":"lv-LV","potentialAction":[{"@type":"ReadAction","target":["https:\/\/myindustrial.eu\/lv\/shop\/rupnieciskas-bremzu-sistemas-un-piedzinas-apstadinasanas-komponentes\/buferis-amortizators\/hydraulic-buffer-type-pudz-iii-cartridge\/"]}]},{"@type":"ImageObject","inLanguage":"lv-LV","@id":"https:\/\/myindustrial.eu\/lv\/shop\/rupnieciskas-bremzu-sistemas-un-piedzinas-apstadinasanas-komponentes\/buferis-amortizators\/hydraulic-buffer-type-pudz-iii-cartridge\/#primaryimage","url":"https:\/\/myindustrial.eu\/wp-content\/uploads\/2024\/12\/v_puffer_pudz-iii-patrone.webp","contentUrl":"https:\/\/myindustrial.eu\/wp-content\/uploads\/2024\/12\/v_puffer_pudz-iii-patrone.webp","width":800,"height":800},{"@type":"BreadcrumbList","@id":"https:\/\/myindustrial.eu\/lv\/shop\/rupnieciskas-bremzu-sistemas-un-piedzinas-apstadinasanas-komponentes\/buferis-amortizators\/hydraulic-buffer-type-pudz-iii-cartridge\/#breadcrumb","itemListElement":[{"@type":"ListItem","position":1,"name":"Home","item":"https:\/\/myindustrial.eu\/lv\/"},{"@type":"ListItem","position":2,"name":"Products","item":"https:\/\/myindustrial.eu\/lv\/products\/"},{"@type":"ListItem","position":3,"name":"Hidrauliskais buferis PUDZ III Cartridge"}]},{"@type":"WebSite","@id":"https:\/\/myindustrial.eu\/lv\/#website","url":"https:\/\/myindustrial.eu\/lv\/","name":"My industrial","description":"","potentialAction":[{"@type":"SearchAction","target":{"@type":"EntryPoint","urlTemplate":"https:\/\/myindustrial.eu\/lv\/?s={search_term_string}"},"query-input":{"@type":"PropertyValueSpecification","valueRequired":true,"valueName":"search_term_string"}}],"inLanguage":"lv-LV"}]}},"_links":{"self":[{"href":"https:\/\/myindustrial.eu\/lv\/wp-json\/wp\/v2\/product\/1260065495","targetHints":{"allow":["GET"]}}],"collection":[{"href":"https:\/\/myindustrial.eu\/lv\/wp-json\/wp\/v2\/product"}],"about":[{"href":"https:\/\/myindustrial.eu\/lv\/wp-json\/wp\/v2\/types\/product"}],"version-history":[{"count":1,"href":"https:\/\/myindustrial.eu\/lv\/wp-json\/wp\/v2\/product\/1260065495\/revisions"}],"predecessor-version":[{"id":1260065496,"href":"https:\/\/myindustrial.eu\/lv\/wp-json\/wp\/v2\/product\/1260065495\/revisions\/1260065496"}],"wp:featuredmedia":[{"embeddable":true,"href":"https:\/\/myindustrial.eu\/lv\/wp-json\/wp\/v2\/media\/1260064797"}],"wp:attachment":[{"href":"https:\/\/myindustrial.eu\/lv\/wp-json\/wp\/v2\/media?parent=1260065495"}],"wp:term":[{"taxonomy":"product_brand","embeddable":true,"href":"https:\/\/myindustrial.eu\/lv\/wp-json\/wp\/v2\/product_brand?post=1260065495"},{"taxonomy":"product_cat","embeddable":true,"href":"https:\/\/myindustrial.eu\/lv\/wp-json\/wp\/v2\/product_cat?post=1260065495"},{"taxonomy":"product_tag","embeddable":true,"href":"https:\/\/myindustrial.eu\/lv\/wp-json\/wp\/v2\/product_tag?post=1260065495"}],"curies":[{"name":"wp","href":"https:\/\/api.w.org\/{rel}","templated":true}]}}