{"id":1260065580,"date":"2024-12-02T12:25:53","date_gmt":"2024-12-02T12:25:53","guid":{"rendered":"https:\/\/myindustrial.eu\/shop\/uncategorized\/industrial-disc-brake-and-service-brake\/"},"modified":"2024-12-27T20:45:22","modified_gmt":"2024-12-27T20:45:22","slug":"industrial-disc-brake-and-service-brake","status":"publish","type":"product","link":"https:\/\/myindustrial.eu\/lv\/shop\/rupnieciskas-bremzu-sistemas-un-piedzinas-apstadinasanas-komponentes\/industrialas-disku-un-trumulu-bremzes\/industrial-disc-brake-and-service-brake\/","title":{"rendered":"R\u016bpnieciskais disku bremzes un servisa bremzes"},"content":{"rendered":"<p><b>Raksturojums<\/b><\/p>\n<ul>\n<li style=\"font-weight: 400;\" aria-level=\"1\"><span style=\"font-weight: 400;\">Bremz\u0113\u0161ana ar atsperes sp\u0113ku<\/span><\/li>\n<li style=\"font-weight: 400;\" aria-level=\"1\"><span style=\"font-weight: 400;\">Pacel\u0161ana elektrohidrauliski (ar piedzi\u0146u) \u2013 standarta versija<\/span><\/li>\n<li style=\"font-weight: 400;\" aria-level=\"1\"><span style=\"font-weight: 400;\">Tipi: RSTN-0, RSTN-0-L (horizont\u0101ls), RSTN-1, RSTN-2, RSTN-3<\/span><\/li>\n<li style=\"font-weight: 400;\" aria-level=\"1\"><span style=\"font-weight: 400;\">Sint\u0113tas brem\u017eu uzlikas<\/span><\/li>\n<\/ul>\n<p><b>Tehnisk\u0101s priek\u0161roc\u012bbas<\/b><\/p>\n<ul>\n<li style=\"font-weight: 400;\" aria-level=\"1\"><span style=\"font-weight: 400;\">\u0122eometriski optimiz\u0113t\u0101 sist\u0113ma garant\u0113 past\u0101v\u012bgu bremz\u0113\u0161anas griezes momentu neatkar\u012bgi no rot\u0101cijas virziena.<\/span><\/li>\n<li style=\"font-weight: 400;\" aria-level=\"1\"><span style=\"font-weight: 400;\">Pateicoties standartiz\u0113tajiem un pa\u0161u ra\u017eotajiem komponentiem, \u012bpa\u0161as brem\u017eu disku konstrukcijas var tikt pieg\u0101d\u0101tas \u012bs\u0101 laika period\u0101.<\/span><\/li>\n<\/ul>\n","protected":false},"excerpt":{"rendered":"<p><b>Tips RSTN-0, RSTN-1, RSTN-2, RSTN-3<\/b><\/p>\n<p><b>Apraksts<\/b><\/p>\n<p><span style=\"font-weight: 400;\">&#8220;\u0100trgaitas&#8221; bremze. \u0122eometriski optimiz\u0113t\u0101 sist\u0113ma garant\u0113 past\u0101v\u012bgu bremz\u0113\u0161anas griezes momentu neatkar\u012bgi no rot\u0101cijas virziena.<\/span><span style=\"font-weight: 400;\"><br \/>\n<\/span><span style=\"font-weight: 400;\">Pateicoties standartiz\u0113taj\u0101m komponent\u0113m un pa\u0161u ra\u017eo\u0161anai, iesp\u0113jams izgatavot pla\u0161u disku brem\u017eu versiju kl\u0101stu ar \u013coti \u012bsiem pieg\u0101des laikiem.<\/span><span style=\"font-weight: 400;\"><br \/>\n<\/span><span style=\"font-weight: 400;\">RSTN tipa bremzes nezaud\u0113 notur\u012bbas sp\u0113ku pie at\u013caut\u0101 nolietojuma.<\/span><\/p>\n<ul>\n<li style=\"font-weight: 400;\" aria-level=\"1\"><span style=\"font-weight: 400;\">Regul\u0113jams griezes moments<\/span><\/li>\n<li style=\"font-weight: 400;\" aria-level=\"1\"><span style=\"font-weight: 400;\">Piem\u0113rots brem\u017eu diskiem ar diametru: \u00f8 200, 225, 250, 280, 315, 355, 400, 450, 500, 560, 630, 710, 800, 900, 1000 mm l\u012bdz \u00f8 1250 mm<\/span><\/li>\n<li style=\"font-weight: 400;\" aria-level=\"1\"><span style=\"font-weight: 400;\">Bremz\u0113\u0161anas griezes momenti no 200 Nm l\u012bdz 23 800 Nm uz vienu bremzi<\/span><\/li>\n<li style=\"font-weight: 400;\" aria-level=\"1\"><span style=\"font-weight: 400;\">Apr\u012bkots ar &#8220;SLM&#8221; sinhroniz\u0113to pacel\u0161anas meh\u0101nismu (nodro\u0161ina vien\u0101dus gaisa spraugas starp brem\u017eu uzlik\u0101m un brem\u017eu disku)<\/span><\/li>\n<\/ul>\n","protected":false},"featured_media":1260065082,"template":"","meta":[],"product_brand":[],"product_cat":[1713],"product_tag":[],"class_list":{"0":"post-1260065580","1":"product","2":"type-product","3":"status-publish","4":"has-post-thumbnail","6":"product_cat-industrialas-disku-un-trumulu-bremzes","8":"first","9":"instock","10":"shipping-taxable","11":"product-type-simple"},"yoast_head":"<!-- This site is optimized with the Yoast SEO plugin v27.1.1 - https:\/\/yoast.com\/product\/yoast-seo-wordpress\/ -->\n<title>R\u016bpnieciskais disku bremzes un servisa bremzes - My industrial<\/title>\n<meta name=\"robots\" content=\"index, follow, max-snippet:-1, max-image-preview:large, max-video-preview:-1\" \/>\n<link rel=\"canonical\" href=\"https:\/\/myindustrial.eu\/lv\/shop\/rupnieciskas-bremzu-sistemas-un-piedzinas-apstadinasanas-komponentes\/industrialas-disku-un-trumulu-bremzes\/industrial-disc-brake-and-service-brake\/\" \/>\n<meta property=\"og:locale\" content=\"lv_LV\" \/>\n<meta property=\"og:type\" content=\"article\" \/>\n<meta property=\"og:title\" content=\"R\u016bpnieciskais disku bremzes un servisa bremzes - My industrial\" \/>\n<meta property=\"og:description\" content=\"Tips RSTN-0, RSTN-1, RSTN-2, RSTN-3  Apraksts  &quot;\u0100trgaitas&quot; bremze. \u0122eometriski optimiz\u0113t\u0101 sist\u0113ma garant\u0113 past\u0101v\u012bgu bremz\u0113\u0161anas griezes momentu neatkar\u012bgi no rot\u0101cijas virziena. Pateicoties standartiz\u0113taj\u0101m komponent\u0113m un pa\u0161u ra\u017eo\u0161anai, iesp\u0113jams izgatavot pla\u0161u disku brem\u017eu versiju kl\u0101stu ar \u013coti \u012bsiem pieg\u0101des laikiem. RSTN tipa bremzes nezaud\u0113 notur\u012bbas sp\u0113ku pie at\u013caut\u0101 nolietojuma.   Regul\u0113jams griezes moments  Piem\u0113rots brem\u017eu diskiem ar diametru: \u00f8 200, 225, 250, 280, 315, 355, 400, 450, 500, 560, 630, 710, 800, 900, 1000 mm l\u012bdz \u00f8 1250 mm  Bremz\u0113\u0161anas griezes momenti no 200 Nm l\u012bdz 23 800 Nm uz vienu bremzi  Apr\u012bkots ar &quot;SLM&quot; sinhroniz\u0113to pacel\u0161anas meh\u0101nismu (nodro\u0161ina vien\u0101dus gaisa spraugas starp brem\u017eu uzlik\u0101m un brem\u017eu disku)\" \/>\n<meta property=\"og:url\" content=\"https:\/\/myindustrial.eu\/lv\/shop\/rupnieciskas-bremzu-sistemas-un-piedzinas-apstadinasanas-komponentes\/industrialas-disku-un-trumulu-bremzes\/industrial-disc-brake-and-service-brake\/\" \/>\n<meta property=\"og:site_name\" content=\"My industrial\" \/>\n<meta property=\"article:modified_time\" content=\"2024-12-27T20:45:22+00:00\" \/>\n<meta property=\"og:image\" content=\"https:\/\/myindustrial.eu\/wp-content\/uploads\/2024\/12\/rtf-disc-brake-preview.webp\" \/>\n\t<meta property=\"og:image:width\" content=\"800\" \/>\n\t<meta property=\"og:image:height\" content=\"800\" \/>\n\t<meta property=\"og:image:type\" content=\"image\/webp\" \/>\n<meta name=\"twitter:card\" content=\"summary_large_image\" \/>\n<script type=\"application\/ld+json\" class=\"yoast-schema-graph\">{\"@context\":\"https:\/\/schema.org\",\"@graph\":[{\"@type\":\"WebPage\",\"@id\":\"https:\/\/myindustrial.eu\/lv\/shop\/rupnieciskas-bremzu-sistemas-un-piedzinas-apstadinasanas-komponentes\/industrialas-disku-un-trumulu-bremzes\/industrial-disc-brake-and-service-brake\/\",\"url\":\"https:\/\/myindustrial.eu\/lv\/shop\/rupnieciskas-bremzu-sistemas-un-piedzinas-apstadinasanas-komponentes\/industrialas-disku-un-trumulu-bremzes\/industrial-disc-brake-and-service-brake\/\",\"name\":\"R\u016bpnieciskais disku bremzes un servisa bremzes - My industrial\",\"isPartOf\":{\"@id\":\"https:\/\/myindustrial.eu\/lv\/#website\"},\"primaryImageOfPage\":{\"@id\":\"https:\/\/myindustrial.eu\/lv\/shop\/rupnieciskas-bremzu-sistemas-un-piedzinas-apstadinasanas-komponentes\/industrialas-disku-un-trumulu-bremzes\/industrial-disc-brake-and-service-brake\/#primaryimage\"},\"image\":{\"@id\":\"https:\/\/myindustrial.eu\/lv\/shop\/rupnieciskas-bremzu-sistemas-un-piedzinas-apstadinasanas-komponentes\/industrialas-disku-un-trumulu-bremzes\/industrial-disc-brake-and-service-brake\/#primaryimage\"},\"thumbnailUrl\":\"https:\/\/myindustrial.eu\/wp-content\/uploads\/2024\/12\/rtf-disc-brake-preview.webp\",\"datePublished\":\"2024-12-02T12:25:53+00:00\",\"dateModified\":\"2024-12-27T20:45:22+00:00\",\"breadcrumb\":{\"@id\":\"https:\/\/myindustrial.eu\/lv\/shop\/rupnieciskas-bremzu-sistemas-un-piedzinas-apstadinasanas-komponentes\/industrialas-disku-un-trumulu-bremzes\/industrial-disc-brake-and-service-brake\/#breadcrumb\"},\"inLanguage\":\"lv-LV\",\"potentialAction\":[{\"@type\":\"ReadAction\",\"target\":[\"https:\/\/myindustrial.eu\/lv\/shop\/rupnieciskas-bremzu-sistemas-un-piedzinas-apstadinasanas-komponentes\/industrialas-disku-un-trumulu-bremzes\/industrial-disc-brake-and-service-brake\/\"]}]},{\"@type\":\"ImageObject\",\"inLanguage\":\"lv-LV\",\"@id\":\"https:\/\/myindustrial.eu\/lv\/shop\/rupnieciskas-bremzu-sistemas-un-piedzinas-apstadinasanas-komponentes\/industrialas-disku-un-trumulu-bremzes\/industrial-disc-brake-and-service-brake\/#primaryimage\",\"url\":\"https:\/\/myindustrial.eu\/wp-content\/uploads\/2024\/12\/rtf-disc-brake-preview.webp\",\"contentUrl\":\"https:\/\/myindustrial.eu\/wp-content\/uploads\/2024\/12\/rtf-disc-brake-preview.webp\",\"width\":800,\"height\":800},{\"@type\":\"BreadcrumbList\",\"@id\":\"https:\/\/myindustrial.eu\/lv\/shop\/rupnieciskas-bremzu-sistemas-un-piedzinas-apstadinasanas-komponentes\/industrialas-disku-un-trumulu-bremzes\/industrial-disc-brake-and-service-brake\/#breadcrumb\",\"itemListElement\":[{\"@type\":\"ListItem\",\"position\":1,\"name\":\"Home\",\"item\":\"https:\/\/myindustrial.eu\/lv\/\"},{\"@type\":\"ListItem\",\"position\":2,\"name\":\"Products\",\"item\":\"https:\/\/myindustrial.eu\/lv\/products\/\"},{\"@type\":\"ListItem\",\"position\":3,\"name\":\"R\u016bpnieciskais disku bremzes un servisa bremzes\"}]},{\"@type\":\"WebSite\",\"@id\":\"https:\/\/myindustrial.eu\/lv\/#website\",\"url\":\"https:\/\/myindustrial.eu\/lv\/\",\"name\":\"My industrial\",\"description\":\"\",\"potentialAction\":[{\"@type\":\"SearchAction\",\"target\":{\"@type\":\"EntryPoint\",\"urlTemplate\":\"https:\/\/myindustrial.eu\/lv\/?s={search_term_string}\"},\"query-input\":{\"@type\":\"PropertyValueSpecification\",\"valueRequired\":true,\"valueName\":\"search_term_string\"}}],\"inLanguage\":\"lv-LV\"}]}<\/script>\n<!-- \/ Yoast SEO plugin. -->","yoast_head_json":{"title":"R\u016bpnieciskais disku bremzes un servisa bremzes - My industrial","robots":{"index":"index","follow":"follow","max-snippet":"max-snippet:-1","max-image-preview":"max-image-preview:large","max-video-preview":"max-video-preview:-1"},"canonical":"https:\/\/myindustrial.eu\/lv\/shop\/rupnieciskas-bremzu-sistemas-un-piedzinas-apstadinasanas-komponentes\/industrialas-disku-un-trumulu-bremzes\/industrial-disc-brake-and-service-brake\/","og_locale":"lv_LV","og_type":"article","og_title":"R\u016bpnieciskais disku bremzes un servisa bremzes - My industrial","og_description":"Tips RSTN-0, RSTN-1, RSTN-2, RSTN-3  Apraksts  \"\u0100trgaitas\" bremze. \u0122eometriski optimiz\u0113t\u0101 sist\u0113ma garant\u0113 past\u0101v\u012bgu bremz\u0113\u0161anas griezes momentu neatkar\u012bgi no rot\u0101cijas virziena. Pateicoties standartiz\u0113taj\u0101m komponent\u0113m un pa\u0161u ra\u017eo\u0161anai, iesp\u0113jams izgatavot pla\u0161u disku brem\u017eu versiju kl\u0101stu ar \u013coti \u012bsiem pieg\u0101des laikiem. RSTN tipa bremzes nezaud\u0113 notur\u012bbas sp\u0113ku pie at\u013caut\u0101 nolietojuma.   Regul\u0113jams griezes moments  Piem\u0113rots brem\u017eu diskiem ar diametru: \u00f8 200, 225, 250, 280, 315, 355, 400, 450, 500, 560, 630, 710, 800, 900, 1000 mm l\u012bdz \u00f8 1250 mm  Bremz\u0113\u0161anas griezes momenti no 200 Nm l\u012bdz 23 800 Nm uz vienu bremzi  Apr\u012bkots ar \"SLM\" sinhroniz\u0113to pacel\u0161anas meh\u0101nismu (nodro\u0161ina vien\u0101dus gaisa spraugas starp brem\u017eu uzlik\u0101m un brem\u017eu disku)","og_url":"https:\/\/myindustrial.eu\/lv\/shop\/rupnieciskas-bremzu-sistemas-un-piedzinas-apstadinasanas-komponentes\/industrialas-disku-un-trumulu-bremzes\/industrial-disc-brake-and-service-brake\/","og_site_name":"My industrial","article_modified_time":"2024-12-27T20:45:22+00:00","og_image":[{"width":800,"height":800,"url":"https:\/\/myindustrial.eu\/wp-content\/uploads\/2024\/12\/rtf-disc-brake-preview.webp","type":"image\/webp"}],"twitter_card":"summary_large_image","schema":{"@context":"https:\/\/schema.org","@graph":[{"@type":"WebPage","@id":"https:\/\/myindustrial.eu\/lv\/shop\/rupnieciskas-bremzu-sistemas-un-piedzinas-apstadinasanas-komponentes\/industrialas-disku-un-trumulu-bremzes\/industrial-disc-brake-and-service-brake\/","url":"https:\/\/myindustrial.eu\/lv\/shop\/rupnieciskas-bremzu-sistemas-un-piedzinas-apstadinasanas-komponentes\/industrialas-disku-un-trumulu-bremzes\/industrial-disc-brake-and-service-brake\/","name":"R\u016bpnieciskais disku bremzes un servisa bremzes - My industrial","isPartOf":{"@id":"https:\/\/myindustrial.eu\/lv\/#website"},"primaryImageOfPage":{"@id":"https:\/\/myindustrial.eu\/lv\/shop\/rupnieciskas-bremzu-sistemas-un-piedzinas-apstadinasanas-komponentes\/industrialas-disku-un-trumulu-bremzes\/industrial-disc-brake-and-service-brake\/#primaryimage"},"image":{"@id":"https:\/\/myindustrial.eu\/lv\/shop\/rupnieciskas-bremzu-sistemas-un-piedzinas-apstadinasanas-komponentes\/industrialas-disku-un-trumulu-bremzes\/industrial-disc-brake-and-service-brake\/#primaryimage"},"thumbnailUrl":"https:\/\/myindustrial.eu\/wp-content\/uploads\/2024\/12\/rtf-disc-brake-preview.webp","datePublished":"2024-12-02T12:25:53+00:00","dateModified":"2024-12-27T20:45:22+00:00","breadcrumb":{"@id":"https:\/\/myindustrial.eu\/lv\/shop\/rupnieciskas-bremzu-sistemas-un-piedzinas-apstadinasanas-komponentes\/industrialas-disku-un-trumulu-bremzes\/industrial-disc-brake-and-service-brake\/#breadcrumb"},"inLanguage":"lv-LV","potentialAction":[{"@type":"ReadAction","target":["https:\/\/myindustrial.eu\/lv\/shop\/rupnieciskas-bremzu-sistemas-un-piedzinas-apstadinasanas-komponentes\/industrialas-disku-un-trumulu-bremzes\/industrial-disc-brake-and-service-brake\/"]}]},{"@type":"ImageObject","inLanguage":"lv-LV","@id":"https:\/\/myindustrial.eu\/lv\/shop\/rupnieciskas-bremzu-sistemas-un-piedzinas-apstadinasanas-komponentes\/industrialas-disku-un-trumulu-bremzes\/industrial-disc-brake-and-service-brake\/#primaryimage","url":"https:\/\/myindustrial.eu\/wp-content\/uploads\/2024\/12\/rtf-disc-brake-preview.webp","contentUrl":"https:\/\/myindustrial.eu\/wp-content\/uploads\/2024\/12\/rtf-disc-brake-preview.webp","width":800,"height":800},{"@type":"BreadcrumbList","@id":"https:\/\/myindustrial.eu\/lv\/shop\/rupnieciskas-bremzu-sistemas-un-piedzinas-apstadinasanas-komponentes\/industrialas-disku-un-trumulu-bremzes\/industrial-disc-brake-and-service-brake\/#breadcrumb","itemListElement":[{"@type":"ListItem","position":1,"name":"Home","item":"https:\/\/myindustrial.eu\/lv\/"},{"@type":"ListItem","position":2,"name":"Products","item":"https:\/\/myindustrial.eu\/lv\/products\/"},{"@type":"ListItem","position":3,"name":"R\u016bpnieciskais disku bremzes un servisa bremzes"}]},{"@type":"WebSite","@id":"https:\/\/myindustrial.eu\/lv\/#website","url":"https:\/\/myindustrial.eu\/lv\/","name":"My industrial","description":"","potentialAction":[{"@type":"SearchAction","target":{"@type":"EntryPoint","urlTemplate":"https:\/\/myindustrial.eu\/lv\/?s={search_term_string}"},"query-input":{"@type":"PropertyValueSpecification","valueRequired":true,"valueName":"search_term_string"}}],"inLanguage":"lv-LV"}]}},"_links":{"self":[{"href":"https:\/\/myindustrial.eu\/lv\/wp-json\/wp\/v2\/product\/1260065580","targetHints":{"allow":["GET"]}}],"collection":[{"href":"https:\/\/myindustrial.eu\/lv\/wp-json\/wp\/v2\/product"}],"about":[{"href":"https:\/\/myindustrial.eu\/lv\/wp-json\/wp\/v2\/types\/product"}],"version-history":[{"count":1,"href":"https:\/\/myindustrial.eu\/lv\/wp-json\/wp\/v2\/product\/1260065580\/revisions"}],"predecessor-version":[{"id":1260065581,"href":"https:\/\/myindustrial.eu\/lv\/wp-json\/wp\/v2\/product\/1260065580\/revisions\/1260065581"}],"wp:featuredmedia":[{"embeddable":true,"href":"https:\/\/myindustrial.eu\/lv\/wp-json\/wp\/v2\/media\/1260065082"}],"wp:attachment":[{"href":"https:\/\/myindustrial.eu\/lv\/wp-json\/wp\/v2\/media?parent=1260065580"}],"wp:term":[{"taxonomy":"product_brand","embeddable":true,"href":"https:\/\/myindustrial.eu\/lv\/wp-json\/wp\/v2\/product_brand?post=1260065580"},{"taxonomy":"product_cat","embeddable":true,"href":"https:\/\/myindustrial.eu\/lv\/wp-json\/wp\/v2\/product_cat?post=1260065580"},{"taxonomy":"product_tag","embeddable":true,"href":"https:\/\/myindustrial.eu\/lv\/wp-json\/wp\/v2\/product_tag?post=1260065580"}],"curies":[{"name":"wp","href":"https:\/\/api.w.org\/{rel}","templated":true}]}}